{"id":974,"date":"2024-04-08T03:32:10","date_gmt":"2024-04-08T00:32:10","guid":{"rendered":"https:\/\/www.plastiksandalye.org\/?post_type=product&#038;p=974"},"modified":"2026-02-09T23:27:30","modified_gmt":"2026-02-09T20:27:30","slug":"duz-cizgili-napolyon-sandalye","status":"publish","type":"product","link":"https:\/\/www.plastiksandalye.org\/index.php\/product\/duz-cizgili-napolyon-sandalye\/","title":{"rendered":"D\u00fcz \u00c7izgili Napolyon Sandalye"},"content":{"rendered":"<h3 style=\"text-align: center;\"><strong>D\u00dcZ \u00c7\u0130ZG\u0130L\u0130 NAPOLYON SANDALYE<\/strong><\/h3>\n<ul>\n<li style=\"text-align: center;\"><strong>UV KATKISI SAYES\u0130NDE G\u00dcNE\u015e I\u015eINLARINDA RENK SOLMASI YAPMAZ.<\/strong><\/li>\n<li style=\"text-align: center;\"><strong>KOLAY \u0130ST\u0130FLENEB\u0130L\u0130R.<\/strong><\/li>\n<li style=\"text-align: center;\"><strong>KOLAY TEM\u0130ZLENEB\u0130L\u0130R.<\/strong><\/li>\n<li style=\"text-align: center;\"><strong>UZUN \u00d6M\u00dcRL\u00dcD\u00dcR.<\/strong><\/li>\n<li style=\"text-align: center;\"><strong>RENK : ANTRAS\u0130T &amp; KREM<\/strong><\/li>\n<\/ul>\n<p style=\"text-align: center;\"><strong><em>M\u0130N\u0130MUM S\u0130PAR\u0130\u015e ADET\u0130 100 ADETT\u0130R.<\/em><\/strong><\/p>\n<p style=\"text-align: center;\"><strong>T\u00dcRK\u0130YE\u2019N\u0130N VE D\u00dcNYA\u2019NIN HER YER\u0130NE G\u00d6NDER\u0130M YAPMAKTAYIZ.<\/strong><\/p>\n<p style=\"text-align: center;\"><strong>G\u00dcNCEL STOK DURUMU VE \u00dcR\u00dcNLER\u0130M\u0130Z HAKKINDA B\u0130LG\u0130 ALMAK \u0130\u00c7\u0130N B\u0130Z\u0130 ARAYINIZ.<\/strong><\/p>\n","protected":false},"excerpt":{"rendered":"<p>D\u00dcZ \u00c7\u0130ZG\u0130L\u0130 NAPOLYON SANDALYE UV KATKISI SAYES\u0130NDE G\u00dcNE\u015e I\u015eINLARINDA RENK SOLMASI YAPMAZ. KOLAY \u0130ST\u0130FLENEB\u0130L\u0130R. KOLAY TEM\u0130ZLENEB\u0130L\u0130R. UZUN \u00d6M\u00dcRL\u00dcD\u00dcR. RENK : ANTRAS\u0130T &amp; KREM M\u0130N\u0130MUM S\u0130PAR\u0130\u015e ADET\u0130<span class=\"excerpt-hellip\"> [\u2026]<\/span><\/p>\n","protected":false},"featured_media":1023,"template":"","meta":[],"product_brand":[],"product_cat":[70],"product_tag":[],"class_list":{"0":"post-974","1":"product","2":"type-product","3":"status-publish","4":"has-post-thumbnail","6":"product_cat-sandalyeler","8":"first","9":"instock","10":"shipping-taxable","11":"purchasable","12":"product-type-simple"},"yoast_head":"<!-- This site is optimized with the Yoast SEO Premium plugin v22.1 (Yoast SEO v22.1) - https:\/\/yoast.com\/wordpress\/plugins\/seo\/ -->\n<title>D\u00fcz \u00c7izgili Napolyon Sandalye - plastiksandalye.org<\/title>\n<meta name=\"description\" content=\"Organizasyonlar\u0131n\u0131zda rahatl\u0131kla kullanabilece\u011finiz toptan Napolyon sandalye. Yurt i\u00e7i ve yurt d\u0131\u015f\u0131 lojistik imkan\u0131 ile.\" \/>\n<meta name=\"robots\" content=\"index, follow, max-snippet:-1, max-image-preview:large, max-video-preview:-1\" \/>\n<link rel=\"canonical\" href=\"https:\/\/www.plastiksandalye.org\/index.php\/product\/duz-cizgili-napolyon-sandalye\/\" \/>\n<meta property=\"og:locale\" content=\"tr_TR\" \/>\n<meta property=\"og:type\" content=\"article\" \/>\n<meta property=\"og:title\" content=\"D\u00fcz \u00c7izgili Napolyon Sandalye\" \/>\n<meta property=\"og:description\" content=\"Organizasyonlar\u0131n\u0131zda rahatl\u0131kla kullanabilece\u011finiz toptan Napolyon sandalye. Yurt i\u00e7i ve yurt d\u0131\u015f\u0131 lojistik imkan\u0131 ile.\" \/>\n<meta property=\"og:url\" content=\"https:\/\/www.plastiksandalye.org\/index.php\/product\/duz-cizgili-napolyon-sandalye\/\" \/>\n<meta property=\"og:site_name\" content=\"plastiksandalye.org\" \/>\n<meta property=\"article:modified_time\" content=\"2026-02-09T20:27:30+00:00\" \/>\n<meta property=\"og:image\" content=\"https:\/\/www.plastiksandalye.org\/wp-content\/uploads\/2024\/04\/56e9ec65-b9e7-48f2-987b-6ef4a2c6d0ca.png\" \/>\n\t<meta property=\"og:image:width\" content=\"1440\" \/>\n\t<meta property=\"og:image:height\" content=\"1440\" \/>\n\t<meta property=\"og:image:type\" content=\"image\/png\" \/>\n<meta name=\"twitter:card\" content=\"summary_large_image\" \/>\n<meta name=\"twitter:label1\" content=\"Tahmini okuma s\u00fcresi\" \/>\n\t<meta name=\"twitter:data1\" content=\"1 dakika\" \/>\n<script type=\"application\/ld+json\" class=\"yoast-schema-graph\">{\"@context\":\"https:\/\/schema.org\",\"@graph\":[{\"@type\":\"WebPage\",\"@id\":\"https:\/\/www.plastiksandalye.org\/index.php\/product\/duz-cizgili-napolyon-sandalye\/\",\"url\":\"https:\/\/www.plastiksandalye.org\/index.php\/product\/duz-cizgili-napolyon-sandalye\/\",\"name\":\"D\u00fcz \u00c7izgili Napolyon Sandalye - plastiksandalye.org\",\"isPartOf\":{\"@id\":\"https:\/\/www.plastiksandalye.org\/#website\"},\"datePublished\":\"2024-04-08T00:32:10+00:00\",\"dateModified\":\"2026-02-09T20:27:30+00:00\",\"description\":\"Organizasyonlar\u0131n\u0131zda rahatl\u0131kla kullanabilece\u011finiz toptan Napolyon sandalye. Yurt i\u00e7i ve yurt d\u0131\u015f\u0131 lojistik imkan\u0131 ile.\",\"breadcrumb\":{\"@id\":\"https:\/\/www.plastiksandalye.org\/index.php\/product\/duz-cizgili-napolyon-sandalye\/#breadcrumb\"},\"inLanguage\":\"tr\",\"potentialAction\":[{\"@type\":\"ReadAction\",\"target\":[\"https:\/\/www.plastiksandalye.org\/index.php\/product\/duz-cizgili-napolyon-sandalye\/\"]}]},{\"@type\":\"BreadcrumbList\",\"@id\":\"https:\/\/www.plastiksandalye.org\/index.php\/product\/duz-cizgili-napolyon-sandalye\/#breadcrumb\",\"itemListElement\":[{\"@type\":\"ListItem\",\"position\":1,\"name\":\"Home\",\"item\":\"https:\/\/www.plastiksandalye.org\/\"},{\"@type\":\"ListItem\",\"position\":2,\"name\":\"Ma\u011faza\",\"item\":\"https:\/\/www.plastiksandalye.org\/index.php\/magaza-2\/\"},{\"@type\":\"ListItem\",\"position\":3,\"name\":\"D\u00fcz \u00c7izgili Napolyon Sandalye\"}]},{\"@type\":\"WebSite\",\"@id\":\"https:\/\/www.plastiksandalye.org\/#website\",\"url\":\"https:\/\/www.plastiksandalye.org\/\",\"name\":\"plastiksandalye.org\",\"description\":\"Toptan Mobilya &amp; Sandalye - D\u00fcnyan\u0131n Her Yerine G\u00f6nderim!\",\"potentialAction\":[{\"@type\":\"SearchAction\",\"target\":{\"@type\":\"EntryPoint\",\"urlTemplate\":\"https:\/\/www.plastiksandalye.org\/?s={search_term_string}\"},\"query-input\":\"required name=search_term_string\"}],\"inLanguage\":\"tr\"}]}<\/script>\n<!-- \/ Yoast SEO Premium plugin. -->","yoast_head_json":{"title":"D\u00fcz \u00c7izgili Napolyon Sandalye - plastiksandalye.org","description":"Organizasyonlar\u0131n\u0131zda rahatl\u0131kla kullanabilece\u011finiz toptan Napolyon sandalye. Yurt i\u00e7i ve yurt d\u0131\u015f\u0131 lojistik imkan\u0131 ile.","robots":{"index":"index","follow":"follow","max-snippet":"max-snippet:-1","max-image-preview":"max-image-preview:large","max-video-preview":"max-video-preview:-1"},"canonical":"https:\/\/www.plastiksandalye.org\/index.php\/product\/duz-cizgili-napolyon-sandalye\/","og_locale":"tr_TR","og_type":"article","og_title":"D\u00fcz \u00c7izgili Napolyon Sandalye","og_description":"Organizasyonlar\u0131n\u0131zda rahatl\u0131kla kullanabilece\u011finiz toptan Napolyon sandalye. Yurt i\u00e7i ve yurt d\u0131\u015f\u0131 lojistik imkan\u0131 ile.","og_url":"https:\/\/www.plastiksandalye.org\/index.php\/product\/duz-cizgili-napolyon-sandalye\/","og_site_name":"plastiksandalye.org","article_modified_time":"2026-02-09T20:27:30+00:00","og_image":[{"width":1440,"height":1440,"url":"https:\/\/www.plastiksandalye.org\/wp-content\/uploads\/2024\/04\/56e9ec65-b9e7-48f2-987b-6ef4a2c6d0ca.png","type":"image\/png"}],"twitter_card":"summary_large_image","twitter_misc":{"Tahmini okuma s\u00fcresi":"1 dakika"},"schema":{"@context":"https:\/\/schema.org","@graph":[{"@type":"WebPage","@id":"https:\/\/www.plastiksandalye.org\/index.php\/product\/duz-cizgili-napolyon-sandalye\/","url":"https:\/\/www.plastiksandalye.org\/index.php\/product\/duz-cizgili-napolyon-sandalye\/","name":"D\u00fcz \u00c7izgili Napolyon Sandalye - plastiksandalye.org","isPartOf":{"@id":"https:\/\/www.plastiksandalye.org\/#website"},"datePublished":"2024-04-08T00:32:10+00:00","dateModified":"2026-02-09T20:27:30+00:00","description":"Organizasyonlar\u0131n\u0131zda rahatl\u0131kla kullanabilece\u011finiz toptan Napolyon sandalye. Yurt i\u00e7i ve yurt d\u0131\u015f\u0131 lojistik imkan\u0131 ile.","breadcrumb":{"@id":"https:\/\/www.plastiksandalye.org\/index.php\/product\/duz-cizgili-napolyon-sandalye\/#breadcrumb"},"inLanguage":"tr","potentialAction":[{"@type":"ReadAction","target":["https:\/\/www.plastiksandalye.org\/index.php\/product\/duz-cizgili-napolyon-sandalye\/"]}]},{"@type":"BreadcrumbList","@id":"https:\/\/www.plastiksandalye.org\/index.php\/product\/duz-cizgili-napolyon-sandalye\/#breadcrumb","itemListElement":[{"@type":"ListItem","position":1,"name":"Home","item":"https:\/\/www.plastiksandalye.org\/"},{"@type":"ListItem","position":2,"name":"Ma\u011faza","item":"https:\/\/www.plastiksandalye.org\/index.php\/magaza-2\/"},{"@type":"ListItem","position":3,"name":"D\u00fcz \u00c7izgili Napolyon Sandalye"}]},{"@type":"WebSite","@id":"https:\/\/www.plastiksandalye.org\/#website","url":"https:\/\/www.plastiksandalye.org\/","name":"plastiksandalye.org","description":"Toptan Mobilya &amp; Sandalye - D\u00fcnyan\u0131n Her Yerine G\u00f6nderim!","potentialAction":[{"@type":"SearchAction","target":{"@type":"EntryPoint","urlTemplate":"https:\/\/www.plastiksandalye.org\/?s={search_term_string}"},"query-input":"required name=search_term_string"}],"inLanguage":"tr"}]}},"_links":{"self":[{"href":"https:\/\/www.plastiksandalye.org\/index.php\/wp-json\/wp\/v2\/product\/974","targetHints":{"allow":["GET"]}}],"collection":[{"href":"https:\/\/www.plastiksandalye.org\/index.php\/wp-json\/wp\/v2\/product"}],"about":[{"href":"https:\/\/www.plastiksandalye.org\/index.php\/wp-json\/wp\/v2\/types\/product"}],"wp:featuredmedia":[{"embeddable":true,"href":"https:\/\/www.plastiksandalye.org\/index.php\/wp-json\/wp\/v2\/media\/1023"}],"wp:attachment":[{"href":"https:\/\/www.plastiksandalye.org\/index.php\/wp-json\/wp\/v2\/media?parent=974"}],"wp:term":[{"taxonomy":"product_brand","embeddable":true,"href":"https:\/\/www.plastiksandalye.org\/index.php\/wp-json\/wp\/v2\/product_brand?post=974"},{"taxonomy":"product_cat","embeddable":true,"href":"https:\/\/www.plastiksandalye.org\/index.php\/wp-json\/wp\/v2\/product_cat?post=974"},{"taxonomy":"product_tag","embeddable":true,"href":"https:\/\/www.plastiksandalye.org\/index.php\/wp-json\/wp\/v2\/product_tag?post=974"}],"curies":[{"name":"wp","href":"https:\/\/api.w.org\/{rel}","templated":true}]}}