{"id":972,"date":"2024-04-08T03:32:10","date_gmt":"2024-04-08T00:32:10","guid":{"rendered":"https:\/\/www.plastiksandalye.org\/?post_type=product&#038;p=972"},"modified":"2026-02-09T23:26:27","modified_gmt":"2026-02-09T20:26:27","slug":"florya-dugun-sandalyesi","status":"publish","type":"product","link":"https:\/\/www.plastiksandalye.org\/index.php\/product\/florya-dugun-sandalyesi\/","title":{"rendered":"Florya D\u00fc\u011f\u00fcn Sandalyesi"},"content":{"rendered":"<h3 style=\"text-align: center;\"><strong>FLORYA D\u00dc\u011e\u00dcN SANDALYES\u0130<\/strong><\/h3>\n<ul>\n<li style=\"text-align: center;\"><strong>\u00dcR\u00dcN\u00dcM\u00dcZ 1. KAL\u0130TE ORJ\u0130NAL MALZEMEDEN \u00dcRET\u0130LM\u0130\u015e OLUP HER T\u00dcRL\u00dc HAVA KO\u015eULLARINDA KULLANIMA UYGUNDUR.<\/strong><\/li>\n<li style=\"text-align: center;\"><strong>UV KATKISI SAYES\u0130NDE G\u00dcNE\u015e I\u015eINLARINDA RENK SOLMASI YAPMAZ.<\/strong><\/li>\n<li style=\"text-align: center;\"><strong>KOLAY \u0130ST\u0130FLENEB\u0130L\u0130R.<\/strong><\/li>\n<li style=\"text-align: center;\"><strong>KOLAY TEM\u0130ZLENEB\u0130L\u0130R.<\/strong><\/li>\n<li style=\"text-align: center;\"><strong>UZUN \u00d6M\u00dcRL\u00dcD\u00dcR.<\/strong><\/li>\n<li style=\"text-align: center;\"><strong>RENK : BEYAZ<\/strong><\/li>\n<\/ul>\n<p style=\"text-align: center;\"><em><strong>M\u0130N\u0130MUM S\u0130PAR\u0130\u015e ADET\u0130 100 ADETT\u0130R.<\/strong><\/em><\/p>\n<p style=\"text-align: center;\"><strong>T\u00dcRK\u0130YE&#8217;N\u0130N VE D\u00dcNYA&#8217;NIN HER YER\u0130NE G\u00d6NDER\u0130M YAPMAKTAYIZ.<\/strong><\/p>\n<p style=\"text-align: center;\"><strong>G\u00dcNCEL STOK DURUMU VE \u00dcR\u00dcNLER\u0130M\u0130Z HAKKINDA B\u0130LG\u0130 ALMAK \u0130\u00c7\u0130N B\u0130Z\u0130 ARAYINIZ.<\/strong><\/p>\n","protected":false},"excerpt":{"rendered":"<p>FLORYA D\u00dc\u011e\u00dcN SANDALYES\u0130 \u00dcR\u00dcN\u00dcM\u00dcZ 1. KAL\u0130TE ORJ\u0130NAL MALZEMEDEN \u00dcRET\u0130LM\u0130\u015e OLUP HER T\u00dcRL\u00dc HAVA KO\u015eULLARINDA KULLANIMA UYGUNDUR. UV KATKISI SAYES\u0130NDE G\u00dcNE\u015e I\u015eINLARINDA RENK SOLMASI YAPMAZ. KOLAY \u0130ST\u0130FLENEB\u0130L\u0130R.<span class=\"excerpt-hellip\"> [\u2026]<\/span><\/p>\n","protected":false},"featured_media":1001,"template":"","meta":[],"product_brand":[],"product_cat":[77,70],"product_tag":[130,71,74],"class_list":{"0":"post-972","1":"product","2":"type-product","3":"status-publish","4":"has-post-thumbnail","6":"product_cat-kampanyalar","7":"product_cat-sandalyeler","8":"product_tag-dugun-sandalyesi","9":"product_tag-plastik-sandalye","10":"product_tag-toptan-sandalye","12":"first","13":"instock","14":"shipping-taxable","15":"purchasable","16":"product-type-simple"},"yoast_head":"<!-- This site is optimized with the Yoast SEO Premium plugin v22.1 (Yoast SEO v22.1) - https:\/\/yoast.com\/wordpress\/plugins\/seo\/ -->\n<title>Florya D\u00fc\u011f\u00fcn Sandalyesi - plastiksandalye.org<\/title>\n<meta name=\"description\" content=\"A\u00e7\u0131k ve kapal\u0131 mekanlarda b\u00fct\u00fcn mekanlarda rahatl\u0131kla kullan\u0131labilecek uygun fiyatl\u0131 ve ergonomik tasar\u0131ml\u0131 Florya D\u00fc\u011f\u00fcn Sandalyesi.\" \/>\n<meta name=\"robots\" content=\"index, follow, max-snippet:-1, max-image-preview:large, max-video-preview:-1\" \/>\n<link rel=\"canonical\" href=\"https:\/\/www.plastiksandalye.org\/index.php\/product\/florya-dugun-sandalyesi\/\" \/>\n<meta property=\"og:locale\" content=\"tr_TR\" \/>\n<meta property=\"og:type\" content=\"article\" \/>\n<meta property=\"og:title\" content=\"Florya D\u00fc\u011f\u00fcn Sandalyesi\" \/>\n<meta property=\"og:description\" content=\"A\u00e7\u0131k ve kapal\u0131 mekanlarda b\u00fct\u00fcn mekanlarda rahatl\u0131kla kullan\u0131labilecek uygun fiyatl\u0131 ve ergonomik tasar\u0131ml\u0131 Florya D\u00fc\u011f\u00fcn Sandalyesi.\" \/>\n<meta property=\"og:url\" content=\"https:\/\/www.plastiksandalye.org\/index.php\/product\/florya-dugun-sandalyesi\/\" \/>\n<meta property=\"og:site_name\" content=\"plastiksandalye.org\" \/>\n<meta property=\"article:modified_time\" content=\"2026-02-09T20:26:27+00:00\" \/>\n<meta property=\"og:image\" content=\"https:\/\/www.plastiksandalye.org\/wp-content\/uploads\/2024\/04\/WhatsApp-Image-2024-06-06-at-13.32.44-1bahcevariopt.webp\" \/>\n\t<meta property=\"og:image:width\" content=\"1080\" \/>\n\t<meta property=\"og:image:height\" content=\"1440\" \/>\n\t<meta property=\"og:image:type\" content=\"image\/webp\" \/>\n<meta name=\"twitter:card\" content=\"summary_large_image\" \/>\n<meta name=\"twitter:label1\" content=\"Tahmini okuma s\u00fcresi\" \/>\n\t<meta name=\"twitter:data1\" content=\"1 dakika\" \/>\n<script type=\"application\/ld+json\" class=\"yoast-schema-graph\">{\"@context\":\"https:\/\/schema.org\",\"@graph\":[{\"@type\":\"WebPage\",\"@id\":\"https:\/\/www.plastiksandalye.org\/index.php\/product\/florya-dugun-sandalyesi\/\",\"url\":\"https:\/\/www.plastiksandalye.org\/index.php\/product\/florya-dugun-sandalyesi\/\",\"name\":\"Florya D\u00fc\u011f\u00fcn Sandalyesi - plastiksandalye.org\",\"isPartOf\":{\"@id\":\"https:\/\/www.plastiksandalye.org\/#website\"},\"datePublished\":\"2024-04-08T00:32:10+00:00\",\"dateModified\":\"2026-02-09T20:26:27+00:00\",\"description\":\"A\u00e7\u0131k ve kapal\u0131 mekanlarda b\u00fct\u00fcn mekanlarda rahatl\u0131kla kullan\u0131labilecek uygun fiyatl\u0131 ve ergonomik tasar\u0131ml\u0131 Florya D\u00fc\u011f\u00fcn Sandalyesi.\",\"breadcrumb\":{\"@id\":\"https:\/\/www.plastiksandalye.org\/index.php\/product\/florya-dugun-sandalyesi\/#breadcrumb\"},\"inLanguage\":\"tr\",\"potentialAction\":[{\"@type\":\"ReadAction\",\"target\":[\"https:\/\/www.plastiksandalye.org\/index.php\/product\/florya-dugun-sandalyesi\/\"]}]},{\"@type\":\"BreadcrumbList\",\"@id\":\"https:\/\/www.plastiksandalye.org\/index.php\/product\/florya-dugun-sandalyesi\/#breadcrumb\",\"itemListElement\":[{\"@type\":\"ListItem\",\"position\":1,\"name\":\"Home\",\"item\":\"https:\/\/www.plastiksandalye.org\/\"},{\"@type\":\"ListItem\",\"position\":2,\"name\":\"Ma\u011faza\",\"item\":\"https:\/\/www.plastiksandalye.org\/index.php\/magaza-2\/\"},{\"@type\":\"ListItem\",\"position\":3,\"name\":\"Florya D\u00fc\u011f\u00fcn Sandalyesi\"}]},{\"@type\":\"WebSite\",\"@id\":\"https:\/\/www.plastiksandalye.org\/#website\",\"url\":\"https:\/\/www.plastiksandalye.org\/\",\"name\":\"plastiksandalye.org\",\"description\":\"Toptan Mobilya &amp; Sandalye - D\u00fcnyan\u0131n Her Yerine G\u00f6nderim!\",\"potentialAction\":[{\"@type\":\"SearchAction\",\"target\":{\"@type\":\"EntryPoint\",\"urlTemplate\":\"https:\/\/www.plastiksandalye.org\/?s={search_term_string}\"},\"query-input\":\"required name=search_term_string\"}],\"inLanguage\":\"tr\"}]}<\/script>\n<!-- \/ Yoast SEO Premium plugin. -->","yoast_head_json":{"title":"Florya D\u00fc\u011f\u00fcn Sandalyesi - plastiksandalye.org","description":"A\u00e7\u0131k ve kapal\u0131 mekanlarda b\u00fct\u00fcn mekanlarda rahatl\u0131kla kullan\u0131labilecek uygun fiyatl\u0131 ve ergonomik tasar\u0131ml\u0131 Florya D\u00fc\u011f\u00fcn Sandalyesi.","robots":{"index":"index","follow":"follow","max-snippet":"max-snippet:-1","max-image-preview":"max-image-preview:large","max-video-preview":"max-video-preview:-1"},"canonical":"https:\/\/www.plastiksandalye.org\/index.php\/product\/florya-dugun-sandalyesi\/","og_locale":"tr_TR","og_type":"article","og_title":"Florya D\u00fc\u011f\u00fcn Sandalyesi","og_description":"A\u00e7\u0131k ve kapal\u0131 mekanlarda b\u00fct\u00fcn mekanlarda rahatl\u0131kla kullan\u0131labilecek uygun fiyatl\u0131 ve ergonomik tasar\u0131ml\u0131 Florya D\u00fc\u011f\u00fcn Sandalyesi.","og_url":"https:\/\/www.plastiksandalye.org\/index.php\/product\/florya-dugun-sandalyesi\/","og_site_name":"plastiksandalye.org","article_modified_time":"2026-02-09T20:26:27+00:00","og_image":[{"width":1080,"height":1440,"url":"https:\/\/www.plastiksandalye.org\/wp-content\/uploads\/2024\/04\/WhatsApp-Image-2024-06-06-at-13.32.44-1bahcevariopt.webp","type":"image\/webp"}],"twitter_card":"summary_large_image","twitter_misc":{"Tahmini okuma s\u00fcresi":"1 dakika"},"schema":{"@context":"https:\/\/schema.org","@graph":[{"@type":"WebPage","@id":"https:\/\/www.plastiksandalye.org\/index.php\/product\/florya-dugun-sandalyesi\/","url":"https:\/\/www.plastiksandalye.org\/index.php\/product\/florya-dugun-sandalyesi\/","name":"Florya D\u00fc\u011f\u00fcn Sandalyesi - plastiksandalye.org","isPartOf":{"@id":"https:\/\/www.plastiksandalye.org\/#website"},"datePublished":"2024-04-08T00:32:10+00:00","dateModified":"2026-02-09T20:26:27+00:00","description":"A\u00e7\u0131k ve kapal\u0131 mekanlarda b\u00fct\u00fcn mekanlarda rahatl\u0131kla kullan\u0131labilecek uygun fiyatl\u0131 ve ergonomik tasar\u0131ml\u0131 Florya D\u00fc\u011f\u00fcn Sandalyesi.","breadcrumb":{"@id":"https:\/\/www.plastiksandalye.org\/index.php\/product\/florya-dugun-sandalyesi\/#breadcrumb"},"inLanguage":"tr","potentialAction":[{"@type":"ReadAction","target":["https:\/\/www.plastiksandalye.org\/index.php\/product\/florya-dugun-sandalyesi\/"]}]},{"@type":"BreadcrumbList","@id":"https:\/\/www.plastiksandalye.org\/index.php\/product\/florya-dugun-sandalyesi\/#breadcrumb","itemListElement":[{"@type":"ListItem","position":1,"name":"Home","item":"https:\/\/www.plastiksandalye.org\/"},{"@type":"ListItem","position":2,"name":"Ma\u011faza","item":"https:\/\/www.plastiksandalye.org\/index.php\/magaza-2\/"},{"@type":"ListItem","position":3,"name":"Florya D\u00fc\u011f\u00fcn Sandalyesi"}]},{"@type":"WebSite","@id":"https:\/\/www.plastiksandalye.org\/#website","url":"https:\/\/www.plastiksandalye.org\/","name":"plastiksandalye.org","description":"Toptan Mobilya &amp; Sandalye - D\u00fcnyan\u0131n Her Yerine G\u00f6nderim!","potentialAction":[{"@type":"SearchAction","target":{"@type":"EntryPoint","urlTemplate":"https:\/\/www.plastiksandalye.org\/?s={search_term_string}"},"query-input":"required name=search_term_string"}],"inLanguage":"tr"}]}},"_links":{"self":[{"href":"https:\/\/www.plastiksandalye.org\/index.php\/wp-json\/wp\/v2\/product\/972","targetHints":{"allow":["GET"]}}],"collection":[{"href":"https:\/\/www.plastiksandalye.org\/index.php\/wp-json\/wp\/v2\/product"}],"about":[{"href":"https:\/\/www.plastiksandalye.org\/index.php\/wp-json\/wp\/v2\/types\/product"}],"wp:featuredmedia":[{"embeddable":true,"href":"https:\/\/www.plastiksandalye.org\/index.php\/wp-json\/wp\/v2\/media\/1001"}],"wp:attachment":[{"href":"https:\/\/www.plastiksandalye.org\/index.php\/wp-json\/wp\/v2\/media?parent=972"}],"wp:term":[{"taxonomy":"product_brand","embeddable":true,"href":"https:\/\/www.plastiksandalye.org\/index.php\/wp-json\/wp\/v2\/product_brand?post=972"},{"taxonomy":"product_cat","embeddable":true,"href":"https:\/\/www.plastiksandalye.org\/index.php\/wp-json\/wp\/v2\/product_cat?post=972"},{"taxonomy":"product_tag","embeddable":true,"href":"https:\/\/www.plastiksandalye.org\/index.php\/wp-json\/wp\/v2\/product_tag?post=972"}],"curies":[{"name":"wp","href":"https:\/\/api.w.org\/{rel}","templated":true}]}}