{"id":546,"date":"2024-02-13T22:27:58","date_gmt":"2024-02-13T19:27:58","guid":{"rendered":"https:\/\/www.plastiksandalye.org\/?post_type=product&#038;p=546"},"modified":"2026-02-09T23:50:19","modified_gmt":"2026-02-09T20:50:19","slug":"oscar-bs-koltuk","status":"publish","type":"product","link":"https:\/\/www.plastiksandalye.org\/index.php\/product\/oscar-bs-koltuk\/","title":{"rendered":"Oscar Bs Koltuk"},"content":{"rendered":"<h3 style=\"text-align: center\"><strong>Oscar Bs Metal Ayakl\u0131 Koltuk<\/strong><\/h3>\n<p style=\"text-align: center\"><strong>T\u00fcm hava ko\u015fullar\u0131nda kullan\u0131labilir. G\u00fcne\u015f \u0131\u015f\u0131nlar\u0131ndan etkilenmez, renklerinde solma yapmaz.<\/strong><\/p>\n<p style=\"text-align: center\"><strong>Ayaklar\u0131 paslanmazd\u0131r.<\/strong><\/p>\n<p style=\"text-align: center\"><strong>K\u0131rm\u0131z\u0131, a\u00e7\u0131k ye\u015fil, krem, a\u00e7\u0131k kahve ve mavi renkleri mevcuttur.<\/strong><\/p>\n<p style=\"text-align: center\"><strong>G\u00f6rseldeki masa fiyata dahil de\u011fildir. Masa fiyat\u0131 445.00 TL&#8217;dir. (80*80)<\/strong><\/p>\n<p style=\"text-align: center\"><b>T\u00fcrkiye&#8217;nin ve D\u00fcnya&#8217;n\u0131n her yerine g\u00f6nderim yapmaktay\u0131z.<\/b><\/p>\n<p style=\"text-align: center\"><strong>Minimum sipari\u015f adeti 100 adettir.<\/strong><\/p>\n<p style=\"text-align: center\"><strong>Detayl\u0131 bilgi ve sipari\u015f i\u00e7in l\u00fctfen m\u00fc\u015fteri temsilcilerimiz ile ileti\u015fime ge\u00e7iniz.<\/strong><\/p>\n<p>&nbsp;<\/p>\n<p>[sc name=&#8221;satis&#8221; ]<\/p>\n","protected":false},"excerpt":{"rendered":"<p>Oscar Bs Metal Ayakl\u0131 Koltuk T\u00fcm hava ko\u015fullar\u0131nda kullan\u0131labilir. G\u00fcne\u015f \u0131\u015f\u0131nlar\u0131ndan etkilenmez, renklerinde solma yapmaz. Ayaklar\u0131 paslanmazd\u0131r. K\u0131rm\u0131z\u0131, a\u00e7\u0131k ye\u015fil, krem, a\u00e7\u0131k kahve ve mavi renkleri<span class=\"excerpt-hellip\"> [\u2026]<\/span><\/p>\n","protected":false},"featured_media":706,"template":"","meta":[],"product_brand":[],"product_cat":[75,70],"product_tag":[76,72,74],"class_list":{"0":"post-546","1":"product","2":"type-product","3":"status-publish","4":"has-post-thumbnail","6":"product_cat-plastik-koltuklar","7":"product_cat-sandalyeler","8":"product_tag-plastik-koltuk","9":"product_tag-sandalye","10":"product_tag-toptan-sandalye","12":"first","13":"instock","14":"shipping-taxable","15":"purchasable","16":"product-type-simple"},"yoast_head":"<!-- This site is optimized with the Yoast SEO Premium plugin v22.1 (Yoast SEO v22.1) - https:\/\/yoast.com\/wordpress\/plugins\/seo\/ -->\n<title>Oscar Bs Koltuk - plastiksandalye.org<\/title>\n<meta name=\"robots\" content=\"index, follow, max-snippet:-1, max-image-preview:large, max-video-preview:-1\" \/>\n<link rel=\"canonical\" href=\"https:\/\/www.plastiksandalye.org\/index.php\/product\/oscar-bs-koltuk\/\" \/>\n<meta property=\"og:locale\" content=\"tr_TR\" \/>\n<meta property=\"og:type\" content=\"article\" \/>\n<meta property=\"og:title\" content=\"Oscar Bs Koltuk\" \/>\n<meta property=\"og:description\" content=\"Oscar Bs Metal Ayakl\u0131 Koltuk T\u00fcm hava ko\u015fullar\u0131nda kullan\u0131labilir. G\u00fcne\u015f \u0131\u015f\u0131nlar\u0131ndan etkilenmez, renklerinde solma yapmaz. Ayaklar\u0131 paslanmazd\u0131r. K\u0131rm\u0131z\u0131, a\u00e7\u0131k ye\u015fil, krem, a\u00e7\u0131k kahve ve mavi renkleri [\u2026]\" \/>\n<meta property=\"og:url\" content=\"https:\/\/www.plastiksandalye.org\/index.php\/product\/oscar-bs-koltuk\/\" \/>\n<meta property=\"og:site_name\" content=\"plastiksandalye.org\" \/>\n<meta property=\"article:modified_time\" content=\"2026-02-09T20:50:19+00:00\" \/>\n<meta property=\"og:image\" content=\"https:\/\/www.plastiksandalye.org\/wp-content\/uploads\/2024\/02\/besa_plastik_1-5-scaled.jpg\" \/>\n\t<meta property=\"og:image:width\" content=\"2560\" \/>\n\t<meta property=\"og:image:height\" content=\"1707\" \/>\n\t<meta property=\"og:image:type\" content=\"image\/jpeg\" \/>\n<meta name=\"twitter:card\" content=\"summary_large_image\" \/>\n<meta name=\"twitter:label1\" content=\"Tahmini okuma s\u00fcresi\" \/>\n\t<meta name=\"twitter:data1\" content=\"1 dakika\" \/>\n<script type=\"application\/ld+json\" class=\"yoast-schema-graph\">{\"@context\":\"https:\/\/schema.org\",\"@graph\":[{\"@type\":\"WebPage\",\"@id\":\"https:\/\/www.plastiksandalye.org\/index.php\/product\/oscar-bs-koltuk\/\",\"url\":\"https:\/\/www.plastiksandalye.org\/index.php\/product\/oscar-bs-koltuk\/\",\"name\":\"Oscar Bs Koltuk - plastiksandalye.org\",\"isPartOf\":{\"@id\":\"https:\/\/www.plastiksandalye.org\/#website\"},\"datePublished\":\"2024-02-13T19:27:58+00:00\",\"dateModified\":\"2026-02-09T20:50:19+00:00\",\"breadcrumb\":{\"@id\":\"https:\/\/www.plastiksandalye.org\/index.php\/product\/oscar-bs-koltuk\/#breadcrumb\"},\"inLanguage\":\"tr\",\"potentialAction\":[{\"@type\":\"ReadAction\",\"target\":[\"https:\/\/www.plastiksandalye.org\/index.php\/product\/oscar-bs-koltuk\/\"]}]},{\"@type\":\"BreadcrumbList\",\"@id\":\"https:\/\/www.plastiksandalye.org\/index.php\/product\/oscar-bs-koltuk\/#breadcrumb\",\"itemListElement\":[{\"@type\":\"ListItem\",\"position\":1,\"name\":\"Home\",\"item\":\"https:\/\/www.plastiksandalye.org\/\"},{\"@type\":\"ListItem\",\"position\":2,\"name\":\"Ma\u011faza\",\"item\":\"https:\/\/www.plastiksandalye.org\/index.php\/magaza-2\/\"},{\"@type\":\"ListItem\",\"position\":3,\"name\":\"Oscar Bs Koltuk\"}]},{\"@type\":\"WebSite\",\"@id\":\"https:\/\/www.plastiksandalye.org\/#website\",\"url\":\"https:\/\/www.plastiksandalye.org\/\",\"name\":\"plastiksandalye.org\",\"description\":\"Toptan Mobilya &amp; Sandalye - D\u00fcnyan\u0131n Her Yerine G\u00f6nderim!\",\"potentialAction\":[{\"@type\":\"SearchAction\",\"target\":{\"@type\":\"EntryPoint\",\"urlTemplate\":\"https:\/\/www.plastiksandalye.org\/?s={search_term_string}\"},\"query-input\":\"required name=search_term_string\"}],\"inLanguage\":\"tr\"}]}<\/script>\n<!-- \/ Yoast SEO Premium plugin. -->","yoast_head_json":{"title":"Oscar Bs Koltuk - plastiksandalye.org","robots":{"index":"index","follow":"follow","max-snippet":"max-snippet:-1","max-image-preview":"max-image-preview:large","max-video-preview":"max-video-preview:-1"},"canonical":"https:\/\/www.plastiksandalye.org\/index.php\/product\/oscar-bs-koltuk\/","og_locale":"tr_TR","og_type":"article","og_title":"Oscar Bs Koltuk","og_description":"Oscar Bs Metal Ayakl\u0131 Koltuk T\u00fcm hava ko\u015fullar\u0131nda kullan\u0131labilir. G\u00fcne\u015f \u0131\u015f\u0131nlar\u0131ndan etkilenmez, renklerinde solma yapmaz. Ayaklar\u0131 paslanmazd\u0131r. K\u0131rm\u0131z\u0131, a\u00e7\u0131k ye\u015fil, krem, a\u00e7\u0131k kahve ve mavi renkleri [\u2026]","og_url":"https:\/\/www.plastiksandalye.org\/index.php\/product\/oscar-bs-koltuk\/","og_site_name":"plastiksandalye.org","article_modified_time":"2026-02-09T20:50:19+00:00","og_image":[{"width":2560,"height":1707,"url":"https:\/\/www.plastiksandalye.org\/wp-content\/uploads\/2024\/02\/besa_plastik_1-5-scaled.jpg","type":"image\/jpeg"}],"twitter_card":"summary_large_image","twitter_misc":{"Tahmini okuma s\u00fcresi":"1 dakika"},"schema":{"@context":"https:\/\/schema.org","@graph":[{"@type":"WebPage","@id":"https:\/\/www.plastiksandalye.org\/index.php\/product\/oscar-bs-koltuk\/","url":"https:\/\/www.plastiksandalye.org\/index.php\/product\/oscar-bs-koltuk\/","name":"Oscar Bs Koltuk - plastiksandalye.org","isPartOf":{"@id":"https:\/\/www.plastiksandalye.org\/#website"},"datePublished":"2024-02-13T19:27:58+00:00","dateModified":"2026-02-09T20:50:19+00:00","breadcrumb":{"@id":"https:\/\/www.plastiksandalye.org\/index.php\/product\/oscar-bs-koltuk\/#breadcrumb"},"inLanguage":"tr","potentialAction":[{"@type":"ReadAction","target":["https:\/\/www.plastiksandalye.org\/index.php\/product\/oscar-bs-koltuk\/"]}]},{"@type":"BreadcrumbList","@id":"https:\/\/www.plastiksandalye.org\/index.php\/product\/oscar-bs-koltuk\/#breadcrumb","itemListElement":[{"@type":"ListItem","position":1,"name":"Home","item":"https:\/\/www.plastiksandalye.org\/"},{"@type":"ListItem","position":2,"name":"Ma\u011faza","item":"https:\/\/www.plastiksandalye.org\/index.php\/magaza-2\/"},{"@type":"ListItem","position":3,"name":"Oscar Bs Koltuk"}]},{"@type":"WebSite","@id":"https:\/\/www.plastiksandalye.org\/#website","url":"https:\/\/www.plastiksandalye.org\/","name":"plastiksandalye.org","description":"Toptan Mobilya &amp; Sandalye - D\u00fcnyan\u0131n Her Yerine G\u00f6nderim!","potentialAction":[{"@type":"SearchAction","target":{"@type":"EntryPoint","urlTemplate":"https:\/\/www.plastiksandalye.org\/?s={search_term_string}"},"query-input":"required name=search_term_string"}],"inLanguage":"tr"}]}},"_links":{"self":[{"href":"https:\/\/www.plastiksandalye.org\/index.php\/wp-json\/wp\/v2\/product\/546","targetHints":{"allow":["GET"]}}],"collection":[{"href":"https:\/\/www.plastiksandalye.org\/index.php\/wp-json\/wp\/v2\/product"}],"about":[{"href":"https:\/\/www.plastiksandalye.org\/index.php\/wp-json\/wp\/v2\/types\/product"}],"wp:featuredmedia":[{"embeddable":true,"href":"https:\/\/www.plastiksandalye.org\/index.php\/wp-json\/wp\/v2\/media\/706"}],"wp:attachment":[{"href":"https:\/\/www.plastiksandalye.org\/index.php\/wp-json\/wp\/v2\/media?parent=546"}],"wp:term":[{"taxonomy":"product_brand","embeddable":true,"href":"https:\/\/www.plastiksandalye.org\/index.php\/wp-json\/wp\/v2\/product_brand?post=546"},{"taxonomy":"product_cat","embeddable":true,"href":"https:\/\/www.plastiksandalye.org\/index.php\/wp-json\/wp\/v2\/product_cat?post=546"},{"taxonomy":"product_tag","embeddable":true,"href":"https:\/\/www.plastiksandalye.org\/index.php\/wp-json\/wp\/v2\/product_tag?post=546"}],"curies":[{"name":"wp","href":"https:\/\/api.w.org\/{rel}","templated":true}]}}