{"id":471,"date":"2024-02-13T22:23:33","date_gmt":"2024-02-13T19:23:33","guid":{"rendered":"https:\/\/www.plastiksandalye.org\/?post_type=product&#038;p=471"},"modified":"2026-02-09T23:40:13","modified_gmt":"2026-02-09T20:40:13","slug":"8080-cocuk-masasi","status":"publish","type":"product","link":"https:\/\/www.plastiksandalye.org\/index.php\/product\/8080-cocuk-masasi\/","title":{"rendered":"80*80 \u00c7ocuk Masas\u0131"},"content":{"rendered":"<p style=\"text-align: center;\"><strong>80*80 \u00d6l\u00e7\u00fcs\u00fcnde \u00c7ocuk Masas\u0131<\/strong><\/p>\n<p style=\"text-align: center;\"><strong>Paslanmaz metal ayak.<\/strong><\/p>\n<p style=\"text-align: center;\"><strong>G\u00fcne\u015f \u0131\u015f\u0131nlar\u0131na kar\u015f\u0131 dayan\u0131kl\u0131 plastik malzeme.<\/strong><\/p>\n<p style=\"text-align: center;\"><strong>M\u0130N\u0130MUM S\u0130PAR\u0130\u015e 50 ADETT\u0130R.<\/strong><\/p>\n<p style=\"text-align: center;\"><strong>DETAYLI B\u0130LG VE S\u0130PAR\u0130\u015e \u0130\u00c7\u0130N L\u00dcTFEN M\u00dc\u015eTER\u0130 TEMS\u0130LC\u0130LER\u0130M\u0130Z \u0130LE \u0130LET\u0130\u015e\u0130ME GE\u00c7\u0130N\u0130Z.<\/strong><\/p>\n<p>&nbsp;<\/p>\n<p>&nbsp;<\/p>\n","protected":false},"excerpt":{"rendered":"<p>80*80 \u00d6l\u00e7\u00fcs\u00fcnde \u00c7ocuk Masas\u0131 Paslanmaz metal ayak. G\u00fcne\u015f \u0131\u015f\u0131nlar\u0131na kar\u015f\u0131 dayan\u0131kl\u0131 plastik malzeme. M\u0130N\u0130MUM S\u0130PAR\u0130\u015e 50 ADETT\u0130R. DETAYLI B\u0130LG VE S\u0130PAR\u0130\u015e \u0130\u00c7\u0130N L\u00dcTFEN M\u00dc\u015eTER\u0130 TEMS\u0130LC\u0130LER\u0130M\u0130Z \u0130LE<span class=\"excerpt-hellip\"> [\u2026]<\/span><\/p>\n","protected":false},"featured_media":638,"template":"","meta":[],"product_brand":[],"product_cat":[57],"product_tag":[158,60,62,63,73,64],"class_list":{"0":"post-471","1":"product","2":"type-product","3":"status-publish","4":"has-post-thumbnail","6":"product_cat-masalar","7":"product_tag-cocuk-masasi","8":"product_tag-masa","9":"product_tag-toptan-bahce-mobilyasi","10":"product_tag-toptan-masa","11":"product_tag-toptan-masa-sandalye","12":"product_tag-toptan001","14":"first","15":"instock","16":"shipping-taxable","17":"product-type-simple"},"yoast_head":"<!-- This site is optimized with the Yoast SEO Premium plugin v22.1 (Yoast SEO v22.1) - https:\/\/yoast.com\/wordpress\/plugins\/seo\/ -->\n<title>80*80 \u00c7ocuk Masas\u0131 - plastiksandalye.org<\/title>\n<meta name=\"description\" content=\"Toptan Plastik Sandalye ve Masa En Uygun plastiksandalye.org&#039;da ! Yurt \u0130\u00e7i ve Yurt D\u0131\u015f\u0131 G\u00f6nderim \u0130mkan\u0131 \u0130le H\u0131zl\u0131 Teslimat.\" \/>\n<meta name=\"robots\" content=\"index, follow, max-snippet:-1, max-image-preview:large, max-video-preview:-1\" \/>\n<link rel=\"canonical\" href=\"https:\/\/www.plastiksandalye.org\/index.php\/product\/8080-cocuk-masasi\/\" \/>\n<meta property=\"og:locale\" content=\"tr_TR\" \/>\n<meta property=\"og:type\" content=\"article\" \/>\n<meta property=\"og:title\" content=\"80*80 \u00c7ocuk Masas\u0131\" \/>\n<meta property=\"og:description\" content=\"Toptan Plastik Sandalye ve Masa En Uygun plastiksandalye.org&#039;da ! Yurt \u0130\u00e7i ve Yurt D\u0131\u015f\u0131 G\u00f6nderim \u0130mkan\u0131 \u0130le H\u0131zl\u0131 Teslimat.\" \/>\n<meta property=\"og:url\" content=\"https:\/\/www.plastiksandalye.org\/index.php\/product\/8080-cocuk-masasi\/\" \/>\n<meta property=\"og:site_name\" content=\"plastiksandalye.org\" \/>\n<meta property=\"article:modified_time\" content=\"2026-02-09T20:40:13+00:00\" \/>\n<meta property=\"og:image\" content=\"https:\/\/www.plastiksandalye.org\/wp-content\/uploads\/2024\/02\/WhatsApp-Image-2022-05-26-at-13.38.43.jpeg\" \/>\n\t<meta property=\"og:image:width\" content=\"1600\" \/>\n\t<meta property=\"og:image:height\" content=\"990\" \/>\n\t<meta property=\"og:image:type\" content=\"image\/jpeg\" \/>\n<meta name=\"twitter:card\" content=\"summary_large_image\" \/>\n<meta name=\"twitter:label1\" content=\"Tahmini okuma s\u00fcresi\" \/>\n\t<meta name=\"twitter:data1\" content=\"1 dakika\" \/>\n<script type=\"application\/ld+json\" class=\"yoast-schema-graph\">{\"@context\":\"https:\/\/schema.org\",\"@graph\":[{\"@type\":\"WebPage\",\"@id\":\"https:\/\/www.plastiksandalye.org\/index.php\/product\/8080-cocuk-masasi\/\",\"url\":\"https:\/\/www.plastiksandalye.org\/index.php\/product\/8080-cocuk-masasi\/\",\"name\":\"80*80 \u00c7ocuk Masas\u0131 - plastiksandalye.org\",\"isPartOf\":{\"@id\":\"https:\/\/www.plastiksandalye.org\/#website\"},\"datePublished\":\"2024-02-13T19:23:33+00:00\",\"dateModified\":\"2026-02-09T20:40:13+00:00\",\"description\":\"Toptan Plastik Sandalye ve Masa En Uygun plastiksandalye.org'da ! Yurt \u0130\u00e7i ve Yurt D\u0131\u015f\u0131 G\u00f6nderim \u0130mkan\u0131 \u0130le H\u0131zl\u0131 Teslimat.\",\"breadcrumb\":{\"@id\":\"https:\/\/www.plastiksandalye.org\/index.php\/product\/8080-cocuk-masasi\/#breadcrumb\"},\"inLanguage\":\"tr\",\"potentialAction\":[{\"@type\":\"ReadAction\",\"target\":[\"https:\/\/www.plastiksandalye.org\/index.php\/product\/8080-cocuk-masasi\/\"]}]},{\"@type\":\"BreadcrumbList\",\"@id\":\"https:\/\/www.plastiksandalye.org\/index.php\/product\/8080-cocuk-masasi\/#breadcrumb\",\"itemListElement\":[{\"@type\":\"ListItem\",\"position\":1,\"name\":\"Home\",\"item\":\"https:\/\/www.plastiksandalye.org\/\"},{\"@type\":\"ListItem\",\"position\":2,\"name\":\"Ma\u011faza\",\"item\":\"https:\/\/www.plastiksandalye.org\/index.php\/magaza-2\/\"},{\"@type\":\"ListItem\",\"position\":3,\"name\":\"80*80 \u00c7ocuk Masas\u0131\"}]},{\"@type\":\"WebSite\",\"@id\":\"https:\/\/www.plastiksandalye.org\/#website\",\"url\":\"https:\/\/www.plastiksandalye.org\/\",\"name\":\"plastiksandalye.org\",\"description\":\"Toptan Mobilya &amp; Sandalye - D\u00fcnyan\u0131n Her Yerine G\u00f6nderim!\",\"potentialAction\":[{\"@type\":\"SearchAction\",\"target\":{\"@type\":\"EntryPoint\",\"urlTemplate\":\"https:\/\/www.plastiksandalye.org\/?s={search_term_string}\"},\"query-input\":\"required name=search_term_string\"}],\"inLanguage\":\"tr\"}]}<\/script>\n<!-- \/ Yoast SEO Premium plugin. -->","yoast_head_json":{"title":"80*80 \u00c7ocuk Masas\u0131 - plastiksandalye.org","description":"Toptan Plastik Sandalye ve Masa En Uygun plastiksandalye.org'da ! Yurt \u0130\u00e7i ve Yurt D\u0131\u015f\u0131 G\u00f6nderim \u0130mkan\u0131 \u0130le H\u0131zl\u0131 Teslimat.","robots":{"index":"index","follow":"follow","max-snippet":"max-snippet:-1","max-image-preview":"max-image-preview:large","max-video-preview":"max-video-preview:-1"},"canonical":"https:\/\/www.plastiksandalye.org\/index.php\/product\/8080-cocuk-masasi\/","og_locale":"tr_TR","og_type":"article","og_title":"80*80 \u00c7ocuk Masas\u0131","og_description":"Toptan Plastik Sandalye ve Masa En Uygun plastiksandalye.org'da ! Yurt \u0130\u00e7i ve Yurt D\u0131\u015f\u0131 G\u00f6nderim \u0130mkan\u0131 \u0130le H\u0131zl\u0131 Teslimat.","og_url":"https:\/\/www.plastiksandalye.org\/index.php\/product\/8080-cocuk-masasi\/","og_site_name":"plastiksandalye.org","article_modified_time":"2026-02-09T20:40:13+00:00","og_image":[{"width":1600,"height":990,"url":"https:\/\/www.plastiksandalye.org\/wp-content\/uploads\/2024\/02\/WhatsApp-Image-2022-05-26-at-13.38.43.jpeg","type":"image\/jpeg"}],"twitter_card":"summary_large_image","twitter_misc":{"Tahmini okuma s\u00fcresi":"1 dakika"},"schema":{"@context":"https:\/\/schema.org","@graph":[{"@type":"WebPage","@id":"https:\/\/www.plastiksandalye.org\/index.php\/product\/8080-cocuk-masasi\/","url":"https:\/\/www.plastiksandalye.org\/index.php\/product\/8080-cocuk-masasi\/","name":"80*80 \u00c7ocuk Masas\u0131 - plastiksandalye.org","isPartOf":{"@id":"https:\/\/www.plastiksandalye.org\/#website"},"datePublished":"2024-02-13T19:23:33+00:00","dateModified":"2026-02-09T20:40:13+00:00","description":"Toptan Plastik Sandalye ve Masa En Uygun plastiksandalye.org'da ! Yurt \u0130\u00e7i ve Yurt D\u0131\u015f\u0131 G\u00f6nderim \u0130mkan\u0131 \u0130le H\u0131zl\u0131 Teslimat.","breadcrumb":{"@id":"https:\/\/www.plastiksandalye.org\/index.php\/product\/8080-cocuk-masasi\/#breadcrumb"},"inLanguage":"tr","potentialAction":[{"@type":"ReadAction","target":["https:\/\/www.plastiksandalye.org\/index.php\/product\/8080-cocuk-masasi\/"]}]},{"@type":"BreadcrumbList","@id":"https:\/\/www.plastiksandalye.org\/index.php\/product\/8080-cocuk-masasi\/#breadcrumb","itemListElement":[{"@type":"ListItem","position":1,"name":"Home","item":"https:\/\/www.plastiksandalye.org\/"},{"@type":"ListItem","position":2,"name":"Ma\u011faza","item":"https:\/\/www.plastiksandalye.org\/index.php\/magaza-2\/"},{"@type":"ListItem","position":3,"name":"80*80 \u00c7ocuk Masas\u0131"}]},{"@type":"WebSite","@id":"https:\/\/www.plastiksandalye.org\/#website","url":"https:\/\/www.plastiksandalye.org\/","name":"plastiksandalye.org","description":"Toptan Mobilya &amp; Sandalye - D\u00fcnyan\u0131n Her Yerine G\u00f6nderim!","potentialAction":[{"@type":"SearchAction","target":{"@type":"EntryPoint","urlTemplate":"https:\/\/www.plastiksandalye.org\/?s={search_term_string}"},"query-input":"required name=search_term_string"}],"inLanguage":"tr"}]}},"_links":{"self":[{"href":"https:\/\/www.plastiksandalye.org\/index.php\/wp-json\/wp\/v2\/product\/471","targetHints":{"allow":["GET"]}}],"collection":[{"href":"https:\/\/www.plastiksandalye.org\/index.php\/wp-json\/wp\/v2\/product"}],"about":[{"href":"https:\/\/www.plastiksandalye.org\/index.php\/wp-json\/wp\/v2\/types\/product"}],"wp:featuredmedia":[{"embeddable":true,"href":"https:\/\/www.plastiksandalye.org\/index.php\/wp-json\/wp\/v2\/media\/638"}],"wp:attachment":[{"href":"https:\/\/www.plastiksandalye.org\/index.php\/wp-json\/wp\/v2\/media?parent=471"}],"wp:term":[{"taxonomy":"product_brand","embeddable":true,"href":"https:\/\/www.plastiksandalye.org\/index.php\/wp-json\/wp\/v2\/product_brand?post=471"},{"taxonomy":"product_cat","embeddable":true,"href":"https:\/\/www.plastiksandalye.org\/index.php\/wp-json\/wp\/v2\/product_cat?post=471"},{"taxonomy":"product_tag","embeddable":true,"href":"https:\/\/www.plastiksandalye.org\/index.php\/wp-json\/wp\/v2\/product_tag?post=471"}],"curies":[{"name":"wp","href":"https:\/\/api.w.org\/{rel}","templated":true}]}}