{"id":390,"date":"2024-02-13T22:19:20","date_gmt":"2024-02-13T19:19:20","guid":{"rendered":"https:\/\/www.plastiksandalye.org\/?post_type=product&#038;p=390"},"modified":"2026-02-09T23:41:31","modified_gmt":"2026-02-09T20:41:31","slug":"lavinia-cizgili-koltuk","status":"publish","type":"product","link":"https:\/\/www.plastiksandalye.org\/index.php\/product\/lavinia-cizgili-koltuk\/","title":{"rendered":"Lavinia \u00c7izgili Koltuk"},"content":{"rendered":"<h3 style=\"text-align: center;\"><strong>Lavinia \u00c7izgili Koltuk<\/strong><\/h3>\n<h3 style=\"text-align: center;\"><strong>Ergonomik \u015f\u0131k tasar\u0131m\u0131 ile i\u00e7 ve d\u0131\u015f mekanlarda rahatl\u0131kla kullanabilece\u011finiz Lavinia koltuk g\u00fcne\u015f \u0131\u015f\u0131nlar\u0131na kar\u015f\u0131 dayan\u0131kl\u0131d\u0131r.<\/strong><\/h3>\n<h3 style=\"text-align: center;\"><strong>Sa\u011flam yap\u0131s\u0131 sayesinde uzun y\u0131llar kullan\u0131l\u0131r.<\/strong><\/h3>\n<h3 style=\"text-align: center;\"><strong>\u00dcst \u00fcste istiflenebilmesi sayesinde depolama konusunda sizlere kolayl\u0131k sa\u011flar.<\/strong><\/h3>\n<h3 style=\"text-align: center;\"><strong>S\u0131rt deseni \u00e7izgili, rattan ve baklava desenleri olmak \u00fczere 3 \u00e7e\u015fittir.<\/strong><\/h3>\n<h3 style=\"text-align: center;\"><strong>Renk : Beyaz, a\u00e7\u0131k kahve, koyu kahve ve cappuccino.<\/strong><\/h3>\n<h3 style=\"text-align: center;\"><\/h3>\n<h3 style=\"text-align: center;\"><strong>M\u0130N\u0130MUM S\u0130PAR\u0130\u015e ADET\u0130 100 ADETT\u0130R.<\/strong><\/h3>\n<h3 style=\"text-align: center;\"><\/h3>\n<h3 style=\"text-align: center;\"><strong>DETAYLI B\u0130LG\u0130 VE S\u0130PAR\u0130\u015e \u0130\u00c7\u0130N L\u00dcTFEN M\u00dc\u015eTER\u0130 TEMS\u0130LC\u0130LER\u0130M\u0130Z \u0130LE \u0130LET\u0130\u015e\u0130ME GE\u00c7\u0130N\u0130Z.<\/strong><\/h3>\n<p>&nbsp;<\/p>\n<p>&nbsp;<\/p>\n","protected":false},"excerpt":{"rendered":"<p>Lavinia \u00c7izgili Koltuk Ergonomik \u015f\u0131k tasar\u0131m\u0131 ile i\u00e7 ve d\u0131\u015f mekanlarda rahatl\u0131kla kullanabilece\u011finiz Lavinia koltuk g\u00fcne\u015f \u0131\u015f\u0131nlar\u0131na kar\u015f\u0131 dayan\u0131kl\u0131d\u0131r. Sa\u011flam yap\u0131s\u0131 sayesinde uzun y\u0131llar kullan\u0131l\u0131r. \u00dcst<span class=\"excerpt-hellip\"> [\u2026]<\/span><\/p>\n","protected":false},"featured_media":550,"template":"","meta":[],"product_brand":[],"product_cat":[75,70],"product_tag":[58,76,71,72,73,74,64],"class_list":{"0":"post-390","1":"product","2":"type-product","3":"status-publish","4":"has-post-thumbnail","6":"product_cat-plastik-koltuklar","7":"product_cat-sandalyeler","8":"product_tag-bahce-mobilyasi","9":"product_tag-plastik-koltuk","10":"product_tag-plastik-sandalye","11":"product_tag-sandalye","12":"product_tag-toptan-masa-sandalye","13":"product_tag-toptan-sandalye","14":"product_tag-toptan001","16":"first","17":"instock","18":"shipping-taxable","19":"purchasable","20":"product-type-simple"},"yoast_head":"<!-- This site is optimized with the Yoast SEO Premium plugin v22.1 (Yoast SEO v22.1) - https:\/\/yoast.com\/wordpress\/plugins\/seo\/ -->\n<title>Toptan Plastik Sandalye - Lavinia \u00c7izgili Koltuk - plastiksandalye.org<\/title>\n<meta name=\"description\" content=\"Toptan Plastik Sandalye ve Masa En Uygun plastiksandalye.org&#039;da ! Yurt \u0130\u00e7i ve Yurt D\u0131\u015f\u0131 G\u00f6nderim \u0130mkan\u0131 \u0130le H\u0131zl\u0131 Teslimat.\" \/>\n<meta name=\"robots\" content=\"index, follow, max-snippet:-1, max-image-preview:large, max-video-preview:-1\" \/>\n<link rel=\"canonical\" href=\"https:\/\/www.plastiksandalye.org\/index.php\/product\/lavinia-cizgili-koltuk\/\" \/>\n<meta property=\"og:locale\" content=\"tr_TR\" \/>\n<meta property=\"og:type\" content=\"article\" \/>\n<meta property=\"og:title\" content=\"Lavinia \u00c7izgili Koltuk\" \/>\n<meta property=\"og:description\" content=\"Toptan Plastik Sandalye ve Masa En Uygun plastiksandalye.org&#039;da ! Yurt \u0130\u00e7i ve Yurt D\u0131\u015f\u0131 G\u00f6nderim \u0130mkan\u0131 \u0130le H\u0131zl\u0131 Teslimat.\" \/>\n<meta property=\"og:url\" content=\"https:\/\/www.plastiksandalye.org\/index.php\/product\/lavinia-cizgili-koltuk\/\" \/>\n<meta property=\"og:site_name\" content=\"plastiksandalye.org\" \/>\n<meta property=\"article:modified_time\" content=\"2026-02-09T20:41:31+00:00\" \/>\n<meta property=\"og:image\" content=\"https:\/\/www.plastiksandalye.org\/wp-content\/uploads\/2024\/02\/WhatsApp-Image-2022-05-25-at-15.10.23.jpeg\" \/>\n\t<meta property=\"og:image:width\" content=\"1057\" \/>\n\t<meta property=\"og:image:height\" content=\"1600\" \/>\n\t<meta property=\"og:image:type\" content=\"image\/jpeg\" \/>\n<meta name=\"twitter:card\" content=\"summary_large_image\" \/>\n<meta name=\"twitter:label1\" content=\"Tahmini okuma s\u00fcresi\" \/>\n\t<meta name=\"twitter:data1\" content=\"1 dakika\" \/>\n<script type=\"application\/ld+json\" class=\"yoast-schema-graph\">{\"@context\":\"https:\/\/schema.org\",\"@graph\":[{\"@type\":\"WebPage\",\"@id\":\"https:\/\/www.plastiksandalye.org\/index.php\/product\/lavinia-cizgili-koltuk\/\",\"url\":\"https:\/\/www.plastiksandalye.org\/index.php\/product\/lavinia-cizgili-koltuk\/\",\"name\":\"Toptan Plastik Sandalye - Lavinia \u00c7izgili Koltuk - plastiksandalye.org\",\"isPartOf\":{\"@id\":\"https:\/\/www.plastiksandalye.org\/#website\"},\"datePublished\":\"2024-02-13T19:19:20+00:00\",\"dateModified\":\"2026-02-09T20:41:31+00:00\",\"description\":\"Toptan Plastik Sandalye ve Masa En Uygun plastiksandalye.org'da ! Yurt \u0130\u00e7i ve Yurt D\u0131\u015f\u0131 G\u00f6nderim \u0130mkan\u0131 \u0130le H\u0131zl\u0131 Teslimat.\",\"breadcrumb\":{\"@id\":\"https:\/\/www.plastiksandalye.org\/index.php\/product\/lavinia-cizgili-koltuk\/#breadcrumb\"},\"inLanguage\":\"tr\",\"potentialAction\":[{\"@type\":\"ReadAction\",\"target\":[\"https:\/\/www.plastiksandalye.org\/index.php\/product\/lavinia-cizgili-koltuk\/\"]}]},{\"@type\":\"BreadcrumbList\",\"@id\":\"https:\/\/www.plastiksandalye.org\/index.php\/product\/lavinia-cizgili-koltuk\/#breadcrumb\",\"itemListElement\":[{\"@type\":\"ListItem\",\"position\":1,\"name\":\"Home\",\"item\":\"https:\/\/www.plastiksandalye.org\/\"},{\"@type\":\"ListItem\",\"position\":2,\"name\":\"Ma\u011faza\",\"item\":\"https:\/\/www.plastiksandalye.org\/index.php\/magaza-2\/\"},{\"@type\":\"ListItem\",\"position\":3,\"name\":\"Lavinia \u00c7izgili Koltuk\"}]},{\"@type\":\"WebSite\",\"@id\":\"https:\/\/www.plastiksandalye.org\/#website\",\"url\":\"https:\/\/www.plastiksandalye.org\/\",\"name\":\"plastiksandalye.org\",\"description\":\"Toptan Mobilya &amp; Sandalye - D\u00fcnyan\u0131n Her Yerine G\u00f6nderim!\",\"potentialAction\":[{\"@type\":\"SearchAction\",\"target\":{\"@type\":\"EntryPoint\",\"urlTemplate\":\"https:\/\/www.plastiksandalye.org\/?s={search_term_string}\"},\"query-input\":\"required name=search_term_string\"}],\"inLanguage\":\"tr\"}]}<\/script>\n<!-- \/ Yoast SEO Premium plugin. -->","yoast_head_json":{"title":"Toptan Plastik Sandalye - Lavinia \u00c7izgili Koltuk - plastiksandalye.org","description":"Toptan Plastik Sandalye ve Masa En Uygun plastiksandalye.org'da ! Yurt \u0130\u00e7i ve Yurt D\u0131\u015f\u0131 G\u00f6nderim \u0130mkan\u0131 \u0130le H\u0131zl\u0131 Teslimat.","robots":{"index":"index","follow":"follow","max-snippet":"max-snippet:-1","max-image-preview":"max-image-preview:large","max-video-preview":"max-video-preview:-1"},"canonical":"https:\/\/www.plastiksandalye.org\/index.php\/product\/lavinia-cizgili-koltuk\/","og_locale":"tr_TR","og_type":"article","og_title":"Lavinia \u00c7izgili Koltuk","og_description":"Toptan Plastik Sandalye ve Masa En Uygun plastiksandalye.org'da ! Yurt \u0130\u00e7i ve Yurt D\u0131\u015f\u0131 G\u00f6nderim \u0130mkan\u0131 \u0130le H\u0131zl\u0131 Teslimat.","og_url":"https:\/\/www.plastiksandalye.org\/index.php\/product\/lavinia-cizgili-koltuk\/","og_site_name":"plastiksandalye.org","article_modified_time":"2026-02-09T20:41:31+00:00","og_image":[{"width":1057,"height":1600,"url":"https:\/\/www.plastiksandalye.org\/wp-content\/uploads\/2024\/02\/WhatsApp-Image-2022-05-25-at-15.10.23.jpeg","type":"image\/jpeg"}],"twitter_card":"summary_large_image","twitter_misc":{"Tahmini okuma s\u00fcresi":"1 dakika"},"schema":{"@context":"https:\/\/schema.org","@graph":[{"@type":"WebPage","@id":"https:\/\/www.plastiksandalye.org\/index.php\/product\/lavinia-cizgili-koltuk\/","url":"https:\/\/www.plastiksandalye.org\/index.php\/product\/lavinia-cizgili-koltuk\/","name":"Toptan Plastik Sandalye - Lavinia \u00c7izgili Koltuk - plastiksandalye.org","isPartOf":{"@id":"https:\/\/www.plastiksandalye.org\/#website"},"datePublished":"2024-02-13T19:19:20+00:00","dateModified":"2026-02-09T20:41:31+00:00","description":"Toptan Plastik Sandalye ve Masa En Uygun plastiksandalye.org'da ! Yurt \u0130\u00e7i ve Yurt D\u0131\u015f\u0131 G\u00f6nderim \u0130mkan\u0131 \u0130le H\u0131zl\u0131 Teslimat.","breadcrumb":{"@id":"https:\/\/www.plastiksandalye.org\/index.php\/product\/lavinia-cizgili-koltuk\/#breadcrumb"},"inLanguage":"tr","potentialAction":[{"@type":"ReadAction","target":["https:\/\/www.plastiksandalye.org\/index.php\/product\/lavinia-cizgili-koltuk\/"]}]},{"@type":"BreadcrumbList","@id":"https:\/\/www.plastiksandalye.org\/index.php\/product\/lavinia-cizgili-koltuk\/#breadcrumb","itemListElement":[{"@type":"ListItem","position":1,"name":"Home","item":"https:\/\/www.plastiksandalye.org\/"},{"@type":"ListItem","position":2,"name":"Ma\u011faza","item":"https:\/\/www.plastiksandalye.org\/index.php\/magaza-2\/"},{"@type":"ListItem","position":3,"name":"Lavinia \u00c7izgili Koltuk"}]},{"@type":"WebSite","@id":"https:\/\/www.plastiksandalye.org\/#website","url":"https:\/\/www.plastiksandalye.org\/","name":"plastiksandalye.org","description":"Toptan Mobilya &amp; Sandalye - D\u00fcnyan\u0131n Her Yerine G\u00f6nderim!","potentialAction":[{"@type":"SearchAction","target":{"@type":"EntryPoint","urlTemplate":"https:\/\/www.plastiksandalye.org\/?s={search_term_string}"},"query-input":"required name=search_term_string"}],"inLanguage":"tr"}]}},"_links":{"self":[{"href":"https:\/\/www.plastiksandalye.org\/index.php\/wp-json\/wp\/v2\/product\/390","targetHints":{"allow":["GET"]}}],"collection":[{"href":"https:\/\/www.plastiksandalye.org\/index.php\/wp-json\/wp\/v2\/product"}],"about":[{"href":"https:\/\/www.plastiksandalye.org\/index.php\/wp-json\/wp\/v2\/types\/product"}],"wp:featuredmedia":[{"embeddable":true,"href":"https:\/\/www.plastiksandalye.org\/index.php\/wp-json\/wp\/v2\/media\/550"}],"wp:attachment":[{"href":"https:\/\/www.plastiksandalye.org\/index.php\/wp-json\/wp\/v2\/media?parent=390"}],"wp:term":[{"taxonomy":"product_brand","embeddable":true,"href":"https:\/\/www.plastiksandalye.org\/index.php\/wp-json\/wp\/v2\/product_brand?post=390"},{"taxonomy":"product_cat","embeddable":true,"href":"https:\/\/www.plastiksandalye.org\/index.php\/wp-json\/wp\/v2\/product_cat?post=390"},{"taxonomy":"product_tag","embeddable":true,"href":"https:\/\/www.plastiksandalye.org\/index.php\/wp-json\/wp\/v2\/product_tag?post=390"}],"curies":[{"name":"wp","href":"https:\/\/api.w.org\/{rel}","templated":true}]}}