{"id":387,"date":"2024-02-13T22:19:20","date_gmt":"2024-02-13T19:19:20","guid":{"rendered":"https:\/\/www.plastiksandalye.org\/?post_type=product&#038;p=387"},"modified":"2026-02-09T23:41:08","modified_gmt":"2026-02-09T20:41:08","slug":"nirvana-rattan-koltuk","status":"publish","type":"product","link":"https:\/\/www.plastiksandalye.org\/index.php\/product\/nirvana-rattan-koltuk\/","title":{"rendered":"Nirvana Rattan Koltuk"},"content":{"rendered":"<p>&nbsp;<\/p>\n<h3 style=\"text-align: center;\">N\u0130RVANA RATTAN KOLTUK<\/h3>\n<h3 style=\"text-align: center;\"><strong>\u00dcR\u00dcN\u00dcM\u00dcZ T\u00dcM HAVA KO\u015eULLARINA DAYANIKLIDIR.<\/strong><\/h3>\n<h3 style=\"text-align: center;\"><strong>\u015eIK G\u00d6R\u00dcN\u00dcM\u00dc SAYES\u0130NDE A\u00c7IK-KAPALI B\u00dcT\u00dcN MEKANLARDA KULLANILAB\u0130L\u0130R.<\/strong><\/h3>\n<h3 style=\"text-align: center;\"><strong>TOZLANMAYA VE G\u00dcNE\u015e I\u015eINLARINA KAR\u015eI DAYANIKLIDIR.<\/strong><\/h3>\n<p style=\"text-align: center;\"><strong>Renk se\u00e7enekleri : Koyu kahve, \u00e7\u00f6l beji, a\u00e7\u0131kkahverengi, beyaz.<\/strong><\/p>\n<h1 style=\"text-align: center;\"><strong>M\u0130N\u0130MUM S\u0130PAR\u0130\u015e ADET\u0130 500 ADETT\u0130R.<\/strong><\/h1>\n<p style=\"text-align: center;\"><strong>EKO MODEL\u0130 205.00 TL, 1.KAL\u0130TE ORJ\u0130NAL MALZEMEL\u0130 320.00 TL<\/strong><\/p>\n<h3 style=\"text-align: center;\"><strong>T\u00dcRK\u0130YE\u2019N\u0130N VE D\u00dcNYA\u2019NIN HER YER\u0130NE G\u00d6NDER\u0130M YAPILIR.<\/strong><\/h3>\n<h3 style=\"text-align: center;\"><strong>S\u0130PAR\u0130\u015e VE DETAYLI B\u0130LG\u0130 \u0130\u00c7\u0130N L\u00dcTFEN M\u00dc\u015eTER\u0130 TEMS\u0130LC\u0130LER\u0130M\u0130Z \u0130LE \u0130LET\u0130\u015e\u0130ME GE\u00c7\u0130N\u0130Z.<\/strong><\/h3>\n<div class=\"row\">\n<div class=\"col-md-9\">Konteyn\u0131r: 1.100 Adet<\/div>\n<\/div>\n<div class=\"row\">\n<div class=\"col-md-9\">T\u0131r: 1.400 Adet<\/div>\n<\/div>\n<p>&nbsp;<\/p>\n","protected":false},"excerpt":{"rendered":"<p>&nbsp; N\u0130RVANA RATTAN KOLTUK \u00dcR\u00dcN\u00dcM\u00dcZ T\u00dcM HAVA KO\u015eULLARINA DAYANIKLIDIR. \u015eIK G\u00d6R\u00dcN\u00dcM\u00dc SAYES\u0130NDE A\u00c7IK-KAPALI B\u00dcT\u00dcN MEKANLARDA KULLANILAB\u0130L\u0130R. TOZLANMAYA VE G\u00dcNE\u015e I\u015eINLARINA KAR\u015eI DAYANIKLIDIR. Renk se\u00e7enekleri : Koyu<span class=\"excerpt-hellip\"> [\u2026]<\/span><\/p>\n","protected":false},"featured_media":536,"template":"","meta":[],"product_brand":[],"product_cat":[75,70],"product_tag":[58,76,71,116,138,72,73,74,117],"class_list":{"0":"post-387","1":"product","2":"type-product","3":"status-publish","4":"has-post-thumbnail","6":"product_cat-plastik-koltuklar","7":"product_cat-sandalyeler","8":"product_tag-bahce-mobilyasi","9":"product_tag-plastik-koltuk","10":"product_tag-plastik-sandalye","11":"product_tag-rattan","12":"product_tag-rattan-sandalye","13":"product_tag-sandalye","14":"product_tag-toptan-masa-sandalye","15":"product_tag-toptan-sandalye","16":"product_tag-toptan003","18":"first","19":"instock","20":"shipping-taxable","21":"product-type-simple"},"yoast_head":"<!-- This site is optimized with the Yoast SEO Premium plugin v22.1 (Yoast SEO v22.1) - https:\/\/yoast.com\/wordpress\/plugins\/seo\/ -->\n<title>Nirvana Rattan Koltuk - plastiksandalye.org<\/title>\n<meta name=\"robots\" content=\"index, follow, max-snippet:-1, max-image-preview:large, max-video-preview:-1\" \/>\n<link rel=\"canonical\" href=\"https:\/\/www.plastiksandalye.org\/index.php\/product\/nirvana-rattan-koltuk\/\" \/>\n<meta property=\"og:locale\" content=\"tr_TR\" \/>\n<meta property=\"og:type\" content=\"article\" \/>\n<meta property=\"og:title\" content=\"Nirvana Rattan Koltuk\" \/>\n<meta property=\"og:description\" content=\"&nbsp; N\u0130RVANA RATTAN KOLTUK \u00dcR\u00dcN\u00dcM\u00dcZ T\u00dcM HAVA KO\u015eULLARINA DAYANIKLIDIR. \u015eIK G\u00d6R\u00dcN\u00dcM\u00dc SAYES\u0130NDE A\u00c7IK-KAPALI B\u00dcT\u00dcN MEKANLARDA KULLANILAB\u0130L\u0130R. TOZLANMAYA VE G\u00dcNE\u015e I\u015eINLARINA KAR\u015eI DAYANIKLIDIR. Renk se\u00e7enekleri : Koyu [\u2026]\" \/>\n<meta property=\"og:url\" content=\"https:\/\/www.plastiksandalye.org\/index.php\/product\/nirvana-rattan-koltuk\/\" \/>\n<meta property=\"og:site_name\" content=\"plastiksandalye.org\" \/>\n<meta property=\"article:modified_time\" content=\"2026-02-09T20:41:08+00:00\" \/>\n<meta property=\"og:image\" content=\"https:\/\/www.plastiksandalye.org\/wp-content\/uploads\/2024\/02\/WhatsApp-Image-2023-12-05-at-11.07.08-1.jpeg\" \/>\n\t<meta property=\"og:image:width\" content=\"1037\" \/>\n\t<meta property=\"og:image:height\" content=\"1600\" \/>\n\t<meta property=\"og:image:type\" content=\"image\/jpeg\" \/>\n<meta name=\"twitter:card\" content=\"summary_large_image\" \/>\n<meta name=\"twitter:label1\" content=\"Tahmini okuma s\u00fcresi\" \/>\n\t<meta name=\"twitter:data1\" content=\"1 dakika\" \/>\n<script type=\"application\/ld+json\" class=\"yoast-schema-graph\">{\"@context\":\"https:\/\/schema.org\",\"@graph\":[{\"@type\":\"WebPage\",\"@id\":\"https:\/\/www.plastiksandalye.org\/index.php\/product\/nirvana-rattan-koltuk\/\",\"url\":\"https:\/\/www.plastiksandalye.org\/index.php\/product\/nirvana-rattan-koltuk\/\",\"name\":\"Nirvana Rattan Koltuk - plastiksandalye.org\",\"isPartOf\":{\"@id\":\"https:\/\/www.plastiksandalye.org\/#website\"},\"datePublished\":\"2024-02-13T19:19:20+00:00\",\"dateModified\":\"2026-02-09T20:41:08+00:00\",\"breadcrumb\":{\"@id\":\"https:\/\/www.plastiksandalye.org\/index.php\/product\/nirvana-rattan-koltuk\/#breadcrumb\"},\"inLanguage\":\"tr\",\"potentialAction\":[{\"@type\":\"ReadAction\",\"target\":[\"https:\/\/www.plastiksandalye.org\/index.php\/product\/nirvana-rattan-koltuk\/\"]}]},{\"@type\":\"BreadcrumbList\",\"@id\":\"https:\/\/www.plastiksandalye.org\/index.php\/product\/nirvana-rattan-koltuk\/#breadcrumb\",\"itemListElement\":[{\"@type\":\"ListItem\",\"position\":1,\"name\":\"Home\",\"item\":\"https:\/\/www.plastiksandalye.org\/\"},{\"@type\":\"ListItem\",\"position\":2,\"name\":\"Ma\u011faza\",\"item\":\"https:\/\/www.plastiksandalye.org\/index.php\/magaza-2\/\"},{\"@type\":\"ListItem\",\"position\":3,\"name\":\"Nirvana Rattan Koltuk\"}]},{\"@type\":\"WebSite\",\"@id\":\"https:\/\/www.plastiksandalye.org\/#website\",\"url\":\"https:\/\/www.plastiksandalye.org\/\",\"name\":\"plastiksandalye.org\",\"description\":\"Toptan Mobilya &amp; Sandalye - D\u00fcnyan\u0131n Her Yerine G\u00f6nderim!\",\"potentialAction\":[{\"@type\":\"SearchAction\",\"target\":{\"@type\":\"EntryPoint\",\"urlTemplate\":\"https:\/\/www.plastiksandalye.org\/?s={search_term_string}\"},\"query-input\":\"required name=search_term_string\"}],\"inLanguage\":\"tr\"}]}<\/script>\n<!-- \/ Yoast SEO Premium plugin. -->","yoast_head_json":{"title":"Nirvana Rattan Koltuk - plastiksandalye.org","robots":{"index":"index","follow":"follow","max-snippet":"max-snippet:-1","max-image-preview":"max-image-preview:large","max-video-preview":"max-video-preview:-1"},"canonical":"https:\/\/www.plastiksandalye.org\/index.php\/product\/nirvana-rattan-koltuk\/","og_locale":"tr_TR","og_type":"article","og_title":"Nirvana Rattan Koltuk","og_description":"&nbsp; N\u0130RVANA RATTAN KOLTUK \u00dcR\u00dcN\u00dcM\u00dcZ T\u00dcM HAVA KO\u015eULLARINA DAYANIKLIDIR. \u015eIK G\u00d6R\u00dcN\u00dcM\u00dc SAYES\u0130NDE A\u00c7IK-KAPALI B\u00dcT\u00dcN MEKANLARDA KULLANILAB\u0130L\u0130R. TOZLANMAYA VE G\u00dcNE\u015e I\u015eINLARINA KAR\u015eI DAYANIKLIDIR. Renk se\u00e7enekleri : Koyu [\u2026]","og_url":"https:\/\/www.plastiksandalye.org\/index.php\/product\/nirvana-rattan-koltuk\/","og_site_name":"plastiksandalye.org","article_modified_time":"2026-02-09T20:41:08+00:00","og_image":[{"width":1037,"height":1600,"url":"https:\/\/www.plastiksandalye.org\/wp-content\/uploads\/2024\/02\/WhatsApp-Image-2023-12-05-at-11.07.08-1.jpeg","type":"image\/jpeg"}],"twitter_card":"summary_large_image","twitter_misc":{"Tahmini okuma s\u00fcresi":"1 dakika"},"schema":{"@context":"https:\/\/schema.org","@graph":[{"@type":"WebPage","@id":"https:\/\/www.plastiksandalye.org\/index.php\/product\/nirvana-rattan-koltuk\/","url":"https:\/\/www.plastiksandalye.org\/index.php\/product\/nirvana-rattan-koltuk\/","name":"Nirvana Rattan Koltuk - plastiksandalye.org","isPartOf":{"@id":"https:\/\/www.plastiksandalye.org\/#website"},"datePublished":"2024-02-13T19:19:20+00:00","dateModified":"2026-02-09T20:41:08+00:00","breadcrumb":{"@id":"https:\/\/www.plastiksandalye.org\/index.php\/product\/nirvana-rattan-koltuk\/#breadcrumb"},"inLanguage":"tr","potentialAction":[{"@type":"ReadAction","target":["https:\/\/www.plastiksandalye.org\/index.php\/product\/nirvana-rattan-koltuk\/"]}]},{"@type":"BreadcrumbList","@id":"https:\/\/www.plastiksandalye.org\/index.php\/product\/nirvana-rattan-koltuk\/#breadcrumb","itemListElement":[{"@type":"ListItem","position":1,"name":"Home","item":"https:\/\/www.plastiksandalye.org\/"},{"@type":"ListItem","position":2,"name":"Ma\u011faza","item":"https:\/\/www.plastiksandalye.org\/index.php\/magaza-2\/"},{"@type":"ListItem","position":3,"name":"Nirvana Rattan Koltuk"}]},{"@type":"WebSite","@id":"https:\/\/www.plastiksandalye.org\/#website","url":"https:\/\/www.plastiksandalye.org\/","name":"plastiksandalye.org","description":"Toptan Mobilya &amp; Sandalye - D\u00fcnyan\u0131n Her Yerine G\u00f6nderim!","potentialAction":[{"@type":"SearchAction","target":{"@type":"EntryPoint","urlTemplate":"https:\/\/www.plastiksandalye.org\/?s={search_term_string}"},"query-input":"required name=search_term_string"}],"inLanguage":"tr"}]}},"_links":{"self":[{"href":"https:\/\/www.plastiksandalye.org\/index.php\/wp-json\/wp\/v2\/product\/387","targetHints":{"allow":["GET"]}}],"collection":[{"href":"https:\/\/www.plastiksandalye.org\/index.php\/wp-json\/wp\/v2\/product"}],"about":[{"href":"https:\/\/www.plastiksandalye.org\/index.php\/wp-json\/wp\/v2\/types\/product"}],"wp:featuredmedia":[{"embeddable":true,"href":"https:\/\/www.plastiksandalye.org\/index.php\/wp-json\/wp\/v2\/media\/536"}],"wp:attachment":[{"href":"https:\/\/www.plastiksandalye.org\/index.php\/wp-json\/wp\/v2\/media?parent=387"}],"wp:term":[{"taxonomy":"product_brand","embeddable":true,"href":"https:\/\/www.plastiksandalye.org\/index.php\/wp-json\/wp\/v2\/product_brand?post=387"},{"taxonomy":"product_cat","embeddable":true,"href":"https:\/\/www.plastiksandalye.org\/index.php\/wp-json\/wp\/v2\/product_cat?post=387"},{"taxonomy":"product_tag","embeddable":true,"href":"https:\/\/www.plastiksandalye.org\/index.php\/wp-json\/wp\/v2\/product_tag?post=387"}],"curies":[{"name":"wp","href":"https:\/\/api.w.org\/{rel}","templated":true}]}}