{"id":362,"date":"2024-02-13T22:18:23","date_gmt":"2024-02-13T19:18:23","guid":{"rendered":"https:\/\/www.plastiksandalye.org\/?post_type=product&#038;p=362"},"modified":"2026-02-09T23:43:15","modified_gmt":"2026-02-09T20:43:15","slug":"70x120-orjinal-plastik-katlanir-ayakli-masa","status":"publish","type":"product","link":"https:\/\/www.plastiksandalye.org\/index.php\/product\/70x120-orjinal-plastik-katlanir-ayakli-masa\/","title":{"rendered":"70&#215;120 Orjinal Plastik Katlan\u0131r Ayakl\u0131 Masa"},"content":{"rendered":"<p>&nbsp;<\/p>\n<h3 style=\"text-align: center;\"><strong>70\u00d7120 Metal Ayakl\u0131 Katlan\u0131r Masa<\/strong><\/h3>\n<h4 style=\"text-align: center;\"><strong>1.KAL\u0130TE ORJ\u0130NAL PLAST\u0130K&#8217;D\u0130R<\/strong><\/h4>\n<h4 style=\"text-align: center;\"><strong>AYAKLAR PASLANMAZ STAT\u0130K BOYALIDIR.<\/strong><\/h4>\n<h4 style=\"text-align: center;\"><strong>A\u00c7IK VE KAPALI ALANLARDA \u00d6RT\u00dcL\u00dc YA DA \u00d6RT\u00dcS\u00dcZ \u015eEK\u0130LDE HER T\u00dcRL\u00dc KULLANIMA UYGUNDUR.<\/strong><\/h4>\n<h4 style=\"text-align: center;\"><strong>KATLANIR AYAKLARI SAYES\u0130NDE YER KAPLAMADAN \u0130ST\u0130FLENEB\u0130L\u0130R.<\/strong><\/h4>\n<h3 style=\"text-align: center;\"><b>RENK : BEYAZ<\/b><\/h3>\n<h3 style=\"text-align: center;\"><strong>*M\u0130N\u0130MUM S\u0130PAR\u0130\u015e ADET\u0130 50 ADETT\u0130R.<\/strong><\/h3>\n<h2 style=\"text-align: center;\"><strong>T\u00dcRK\u0130YE&#8217;N\u0130N VE D\u00dcNYA&#8217;NIN HER YER\u0130NE G\u00d6NDER\u0130M YAPMAKTAYIZ.<\/strong><\/h2>\n<h2 style=\"text-align: center;\"><strong>DETAYLI B\u0130LG\u0130 VE S\u0130PAR\u0130\u015e \u0130\u00c7\u0130N L\u00dcTFEN M\u00dc\u015eTER\u0130 TEMS\u0130LC\u0130LER\u0130M\u0130Z \u0130LE \u0130LET\u0130\u015e\u0130ME GE\u00c7\u0130N\u0130Z.<\/strong><\/h2>\n<p>&nbsp;<\/p>\n","protected":false},"excerpt":{"rendered":"<p>&nbsp; 70\u00d7120 Metal Ayakl\u0131 Katlan\u0131r Masa 1.KAL\u0130TE ORJ\u0130NAL PLAST\u0130K&#8217;D\u0130R AYAKLAR PASLANMAZ STAT\u0130K BOYALIDIR. A\u00c7IK VE KAPALI ALANLARDA \u00d6RT\u00dcL\u00dc YA DA \u00d6RT\u00dcS\u00dcZ \u015eEK\u0130LDE HER T\u00dcRL\u00dc KULLANIMA UYGUNDUR.<span class=\"excerpt-hellip\"> [\u2026]<\/span><\/p>\n","protected":false},"featured_media":510,"template":"","meta":[],"product_brand":[],"product_cat":[56,57],"product_tag":[58,133,63,73,64],"class_list":{"0":"post-362","1":"product","2":"type-product","3":"status-publish","4":"has-post-thumbnail","6":"product_cat-firsat-urunleri","7":"product_cat-masalar","8":"product_tag-bahce-mobilyasi","9":"product_tag-orjinal-masa","10":"product_tag-toptan-masa","11":"product_tag-toptan-masa-sandalye","12":"product_tag-toptan001","14":"first","15":"instock","16":"shipping-taxable","17":"purchasable","18":"product-type-simple"},"yoast_head":"<!-- This site is optimized with the Yoast SEO Premium plugin v22.1 (Yoast SEO v22.1) - https:\/\/yoast.com\/wordpress\/plugins\/seo\/ -->\n<title>70x120 Orjinal Plastik Katlan\u0131r Ayakl\u0131 Masa - plastiksandalye.org Toptan Plastik Masa<\/title>\n<meta name=\"description\" content=\"Toptan Plastik Sandalye ve Masa En Uygun plastiksandalye.org&#039;da ! Yurt \u0130\u00e7i ve Yurt D\u0131\u015f\u0131 G\u00f6nderim \u0130mkan\u0131 \u0130le H\u0131zl\u0131 Teslimat.\" \/>\n<meta name=\"robots\" content=\"index, follow, max-snippet:-1, max-image-preview:large, max-video-preview:-1\" \/>\n<link rel=\"canonical\" href=\"https:\/\/www.plastiksandalye.org\/index.php\/product\/70x120-orjinal-plastik-katlanir-ayakli-masa\/\" \/>\n<meta property=\"og:locale\" content=\"tr_TR\" \/>\n<meta property=\"og:type\" content=\"article\" \/>\n<meta property=\"og:title\" content=\"70x120 Orjinal Plastik Katlan\u0131r Ayakl\u0131 Masa\" \/>\n<meta property=\"og:description\" content=\"Toptan Plastik Sandalye ve Masa En Uygun plastiksandalye.org&#039;da ! Yurt \u0130\u00e7i ve Yurt D\u0131\u015f\u0131 G\u00f6nderim \u0130mkan\u0131 \u0130le H\u0131zl\u0131 Teslimat.\" \/>\n<meta property=\"og:url\" content=\"https:\/\/www.plastiksandalye.org\/index.php\/product\/70x120-orjinal-plastik-katlanir-ayakli-masa\/\" \/>\n<meta property=\"og:site_name\" content=\"plastiksandalye.org\" \/>\n<meta property=\"article:modified_time\" content=\"2026-02-09T20:43:15+00:00\" \/>\n<meta property=\"og:image\" content=\"https:\/\/www.plastiksandalye.org\/wp-content\/uploads\/2024\/02\/70x120-Orjinal-Plastik-Katlanir-Ayakli-Masa-60.00-TL-KDV-01.jpg\" \/>\n\t<meta property=\"og:image:width\" content=\"773\" \/>\n\t<meta property=\"og:image:height\" content=\"517\" \/>\n\t<meta property=\"og:image:type\" content=\"image\/jpeg\" \/>\n<meta name=\"twitter:card\" content=\"summary_large_image\" \/>\n<meta name=\"twitter:label1\" content=\"Tahmini okuma s\u00fcresi\" \/>\n\t<meta name=\"twitter:data1\" content=\"1 dakika\" \/>\n<script type=\"application\/ld+json\" class=\"yoast-schema-graph\">{\"@context\":\"https:\/\/schema.org\",\"@graph\":[{\"@type\":\"WebPage\",\"@id\":\"https:\/\/www.plastiksandalye.org\/index.php\/product\/70x120-orjinal-plastik-katlanir-ayakli-masa\/\",\"url\":\"https:\/\/www.plastiksandalye.org\/index.php\/product\/70x120-orjinal-plastik-katlanir-ayakli-masa\/\",\"name\":\"70x120 Orjinal Plastik Katlan\u0131r Ayakl\u0131 Masa - plastiksandalye.org Toptan Plastik Masa\",\"isPartOf\":{\"@id\":\"https:\/\/www.plastiksandalye.org\/#website\"},\"datePublished\":\"2024-02-13T19:18:23+00:00\",\"dateModified\":\"2026-02-09T20:43:15+00:00\",\"description\":\"Toptan Plastik Sandalye ve Masa En Uygun plastiksandalye.org'da ! Yurt \u0130\u00e7i ve Yurt D\u0131\u015f\u0131 G\u00f6nderim \u0130mkan\u0131 \u0130le H\u0131zl\u0131 Teslimat.\",\"breadcrumb\":{\"@id\":\"https:\/\/www.plastiksandalye.org\/index.php\/product\/70x120-orjinal-plastik-katlanir-ayakli-masa\/#breadcrumb\"},\"inLanguage\":\"tr\",\"potentialAction\":[{\"@type\":\"ReadAction\",\"target\":[\"https:\/\/www.plastiksandalye.org\/index.php\/product\/70x120-orjinal-plastik-katlanir-ayakli-masa\/\"]}]},{\"@type\":\"BreadcrumbList\",\"@id\":\"https:\/\/www.plastiksandalye.org\/index.php\/product\/70x120-orjinal-plastik-katlanir-ayakli-masa\/#breadcrumb\",\"itemListElement\":[{\"@type\":\"ListItem\",\"position\":1,\"name\":\"Home\",\"item\":\"https:\/\/www.plastiksandalye.org\/\"},{\"@type\":\"ListItem\",\"position\":2,\"name\":\"Ma\u011faza\",\"item\":\"https:\/\/www.plastiksandalye.org\/index.php\/magaza-2\/\"},{\"@type\":\"ListItem\",\"position\":3,\"name\":\"70&#215;120 Orjinal Plastik Katlan\u0131r Ayakl\u0131 Masa\"}]},{\"@type\":\"WebSite\",\"@id\":\"https:\/\/www.plastiksandalye.org\/#website\",\"url\":\"https:\/\/www.plastiksandalye.org\/\",\"name\":\"plastiksandalye.org\",\"description\":\"Toptan Mobilya &amp; Sandalye - D\u00fcnyan\u0131n Her Yerine G\u00f6nderim!\",\"potentialAction\":[{\"@type\":\"SearchAction\",\"target\":{\"@type\":\"EntryPoint\",\"urlTemplate\":\"https:\/\/www.plastiksandalye.org\/?s={search_term_string}\"},\"query-input\":\"required name=search_term_string\"}],\"inLanguage\":\"tr\"}]}<\/script>\n<!-- \/ Yoast SEO Premium plugin. -->","yoast_head_json":{"title":"70x120 Orjinal Plastik Katlan\u0131r Ayakl\u0131 Masa - plastiksandalye.org Toptan Plastik Masa","description":"Toptan Plastik Sandalye ve Masa En Uygun plastiksandalye.org'da ! Yurt \u0130\u00e7i ve Yurt D\u0131\u015f\u0131 G\u00f6nderim \u0130mkan\u0131 \u0130le H\u0131zl\u0131 Teslimat.","robots":{"index":"index","follow":"follow","max-snippet":"max-snippet:-1","max-image-preview":"max-image-preview:large","max-video-preview":"max-video-preview:-1"},"canonical":"https:\/\/www.plastiksandalye.org\/index.php\/product\/70x120-orjinal-plastik-katlanir-ayakli-masa\/","og_locale":"tr_TR","og_type":"article","og_title":"70x120 Orjinal Plastik Katlan\u0131r Ayakl\u0131 Masa","og_description":"Toptan Plastik Sandalye ve Masa En Uygun plastiksandalye.org'da ! Yurt \u0130\u00e7i ve Yurt D\u0131\u015f\u0131 G\u00f6nderim \u0130mkan\u0131 \u0130le H\u0131zl\u0131 Teslimat.","og_url":"https:\/\/www.plastiksandalye.org\/index.php\/product\/70x120-orjinal-plastik-katlanir-ayakli-masa\/","og_site_name":"plastiksandalye.org","article_modified_time":"2026-02-09T20:43:15+00:00","og_image":[{"width":773,"height":517,"url":"https:\/\/www.plastiksandalye.org\/wp-content\/uploads\/2024\/02\/70x120-Orjinal-Plastik-Katlanir-Ayakli-Masa-60.00-TL-KDV-01.jpg","type":"image\/jpeg"}],"twitter_card":"summary_large_image","twitter_misc":{"Tahmini okuma s\u00fcresi":"1 dakika"},"schema":{"@context":"https:\/\/schema.org","@graph":[{"@type":"WebPage","@id":"https:\/\/www.plastiksandalye.org\/index.php\/product\/70x120-orjinal-plastik-katlanir-ayakli-masa\/","url":"https:\/\/www.plastiksandalye.org\/index.php\/product\/70x120-orjinal-plastik-katlanir-ayakli-masa\/","name":"70x120 Orjinal Plastik Katlan\u0131r Ayakl\u0131 Masa - plastiksandalye.org Toptan Plastik Masa","isPartOf":{"@id":"https:\/\/www.plastiksandalye.org\/#website"},"datePublished":"2024-02-13T19:18:23+00:00","dateModified":"2026-02-09T20:43:15+00:00","description":"Toptan Plastik Sandalye ve Masa En Uygun plastiksandalye.org'da ! Yurt \u0130\u00e7i ve Yurt D\u0131\u015f\u0131 G\u00f6nderim \u0130mkan\u0131 \u0130le H\u0131zl\u0131 Teslimat.","breadcrumb":{"@id":"https:\/\/www.plastiksandalye.org\/index.php\/product\/70x120-orjinal-plastik-katlanir-ayakli-masa\/#breadcrumb"},"inLanguage":"tr","potentialAction":[{"@type":"ReadAction","target":["https:\/\/www.plastiksandalye.org\/index.php\/product\/70x120-orjinal-plastik-katlanir-ayakli-masa\/"]}]},{"@type":"BreadcrumbList","@id":"https:\/\/www.plastiksandalye.org\/index.php\/product\/70x120-orjinal-plastik-katlanir-ayakli-masa\/#breadcrumb","itemListElement":[{"@type":"ListItem","position":1,"name":"Home","item":"https:\/\/www.plastiksandalye.org\/"},{"@type":"ListItem","position":2,"name":"Ma\u011faza","item":"https:\/\/www.plastiksandalye.org\/index.php\/magaza-2\/"},{"@type":"ListItem","position":3,"name":"70&#215;120 Orjinal Plastik Katlan\u0131r Ayakl\u0131 Masa"}]},{"@type":"WebSite","@id":"https:\/\/www.plastiksandalye.org\/#website","url":"https:\/\/www.plastiksandalye.org\/","name":"plastiksandalye.org","description":"Toptan Mobilya &amp; Sandalye - D\u00fcnyan\u0131n Her Yerine G\u00f6nderim!","potentialAction":[{"@type":"SearchAction","target":{"@type":"EntryPoint","urlTemplate":"https:\/\/www.plastiksandalye.org\/?s={search_term_string}"},"query-input":"required name=search_term_string"}],"inLanguage":"tr"}]}},"_links":{"self":[{"href":"https:\/\/www.plastiksandalye.org\/index.php\/wp-json\/wp\/v2\/product\/362","targetHints":{"allow":["GET"]}}],"collection":[{"href":"https:\/\/www.plastiksandalye.org\/index.php\/wp-json\/wp\/v2\/product"}],"about":[{"href":"https:\/\/www.plastiksandalye.org\/index.php\/wp-json\/wp\/v2\/types\/product"}],"wp:featuredmedia":[{"embeddable":true,"href":"https:\/\/www.plastiksandalye.org\/index.php\/wp-json\/wp\/v2\/media\/510"}],"wp:attachment":[{"href":"https:\/\/www.plastiksandalye.org\/index.php\/wp-json\/wp\/v2\/media?parent=362"}],"wp:term":[{"taxonomy":"product_brand","embeddable":true,"href":"https:\/\/www.plastiksandalye.org\/index.php\/wp-json\/wp\/v2\/product_brand?post=362"},{"taxonomy":"product_cat","embeddable":true,"href":"https:\/\/www.plastiksandalye.org\/index.php\/wp-json\/wp\/v2\/product_cat?post=362"},{"taxonomy":"product_tag","embeddable":true,"href":"https:\/\/www.plastiksandalye.org\/index.php\/wp-json\/wp\/v2\/product_tag?post=362"}],"curies":[{"name":"wp","href":"https:\/\/api.w.org\/{rel}","templated":true}]}}