{"id":321,"date":"2024-02-13T22:16:11","date_gmt":"2024-02-13T19:16:11","guid":{"rendered":"https:\/\/www.plastiksandalye.org\/?post_type=product&#038;p=321"},"modified":"2026-02-09T23:51:00","modified_gmt":"2026-02-09T20:51:00","slug":"cafe-sandalye","status":"publish","type":"product","link":"https:\/\/www.plastiksandalye.org\/index.php\/product\/cafe-sandalye\/","title":{"rendered":"Cafe Sandalye"},"content":{"rendered":"<p>&nbsp;<\/p>\n<h3 style=\"text-align: center;\"><strong>\u00dcr\u00fcn\u00fcm\u00fcz 1. Kalite malzemeden yap\u0131lm\u0131\u015ft\u0131r.<\/strong><\/h3>\n<h3 style=\"text-align: center;\"><strong>\u00dcr\u00fcn\u00fcm\u00fcz olduk\u00e7a sa\u011flam olup, g\u00fcne\u015f \u0131\u015f\u0131nlar\u0131na kar\u015f\u0131 dayan\u0131kl\u0131d\u0131r.<\/strong><\/h3>\n<h3 style=\"text-align: center;\"><strong>\u0130\u00e7 ve d\u0131\u015f mekanlarda rahatl\u0131kla kullan\u0131labilir.<\/strong><\/h3>\n<h3 style=\"text-align: center;\"><strong>Renk : Siyah, beyaz, cappuccino, antrasit.<\/strong><\/h3>\n<blockquote>\n<h2 style=\"text-align: center;\"><strong>M\u0130N\u0130MUM S\u0130PAR\u0130\u015e ADET\u0130 1000 ADETT\u0130R.<\/strong><\/h2>\n<h3 style=\"text-align: center;\"><strong>T\u00dcRK\u0130YE\u2019N\u0130N VE D\u00dcNYA\u2019NIN HER YER\u0130NE G\u00d6NDER\u0130M YAPILIR.<\/strong><\/h3>\n<h3 style=\"text-align: center;\"><strong>DETAYLI B\u0130LG\u0130 VE S\u0130PAR\u0130\u015e \u0130\u00c7\u0130N L\u00dcTFEN M\u00dc\u015eTER\u0130 TEMS\u0130LC\u0130LER\u0130M\u0130Z \u0130LE \u0130LET\u0130\u015e\u0130ME GE\u00c7\u0130N\u0130Z.<\/strong><\/h3>\n<p style=\"text-align: center;\"><strong>Konteyn\u0131r : 1650 adet<\/strong><\/p>\n<p style=\"text-align: center;\"><strong>T\u0131r: 2100 adet<\/strong><\/p>\n<\/blockquote>\n<p>&nbsp;<\/p>\n","protected":false},"excerpt":{"rendered":"<p>\u00dcr\u00fcn\u00fcm\u00fcz 1. Kalite malzemeden yap\u0131lm\u0131\u015ft\u0131r.<\/p>\n<p>\u00dcr\u00fcn\u00fcm\u00fcz olduk\u00e7a sa\u011flam olup, g\u00fcne\u015f \u0131\u015f\u0131nlar\u0131na kar\u015f\u0131 dayan\u0131kl\u0131d\u0131r.<\/p>\n","protected":false},"featured_media":455,"template":"","meta":[],"product_brand":[],"product_cat":[70],"product_tag":[58,115,124,76,71,74,117],"class_list":{"0":"post-321","1":"product","2":"type-product","3":"status-publish","4":"has-post-thumbnail","6":"product_cat-sandalyeler","7":"product_tag-bahce-mobilyasi","8":"product_tag-cafe-koltuk","9":"product_tag-cafe-sandalye","10":"product_tag-plastik-koltuk","11":"product_tag-plastik-sandalye","12":"product_tag-toptan-sandalye","13":"product_tag-toptan003","15":"first","16":"instock","17":"shipping-taxable","18":"product-type-simple"},"yoast_head":"<!-- This site is optimized with the Yoast SEO Premium plugin v22.1 (Yoast SEO v22.1) - https:\/\/yoast.com\/wordpress\/plugins\/seo\/ -->\n<title>Cafe Sandalye - plastiksandalye.org<\/title>\n<meta name=\"robots\" content=\"index, follow, max-snippet:-1, max-image-preview:large, max-video-preview:-1\" \/>\n<link rel=\"canonical\" href=\"https:\/\/www.plastiksandalye.org\/index.php\/product\/cafe-sandalye\/\" \/>\n<meta property=\"og:locale\" content=\"tr_TR\" \/>\n<meta property=\"og:type\" content=\"article\" \/>\n<meta property=\"og:title\" content=\"Cafe Sandalye\" \/>\n<meta property=\"og:description\" content=\"\u00dcr\u00fcn\u00fcm\u00fcz 1. Kalite malzemeden yap\u0131lm\u0131\u015ft\u0131r.  \u00dcr\u00fcn\u00fcm\u00fcz olduk\u00e7a sa\u011flam olup, g\u00fcne\u015f \u0131\u015f\u0131nlar\u0131na kar\u015f\u0131 dayan\u0131kl\u0131d\u0131r.\" \/>\n<meta property=\"og:url\" content=\"https:\/\/www.plastiksandalye.org\/index.php\/product\/cafe-sandalye\/\" \/>\n<meta property=\"og:site_name\" content=\"plastiksandalye.org\" \/>\n<meta property=\"article:modified_time\" content=\"2026-02-09T20:51:00+00:00\" \/>\n<meta property=\"og:image\" content=\"https:\/\/www.plastiksandalye.org\/wp-content\/uploads\/2024\/02\/Cafe-Sandalye-65.00-TL-02.jpg\" \/>\n\t<meta property=\"og:image:width\" content=\"357\" \/>\n\t<meta property=\"og:image:height\" content=\"513\" \/>\n\t<meta property=\"og:image:type\" content=\"image\/jpeg\" \/>\n<meta name=\"twitter:card\" content=\"summary_large_image\" \/>\n<meta name=\"twitter:label1\" content=\"Tahmini okuma s\u00fcresi\" \/>\n\t<meta name=\"twitter:data1\" content=\"1 dakika\" \/>\n<script type=\"application\/ld+json\" class=\"yoast-schema-graph\">{\"@context\":\"https:\/\/schema.org\",\"@graph\":[{\"@type\":\"WebPage\",\"@id\":\"https:\/\/www.plastiksandalye.org\/index.php\/product\/cafe-sandalye\/\",\"url\":\"https:\/\/www.plastiksandalye.org\/index.php\/product\/cafe-sandalye\/\",\"name\":\"Cafe Sandalye - plastiksandalye.org\",\"isPartOf\":{\"@id\":\"https:\/\/www.plastiksandalye.org\/#website\"},\"datePublished\":\"2024-02-13T19:16:11+00:00\",\"dateModified\":\"2026-02-09T20:51:00+00:00\",\"breadcrumb\":{\"@id\":\"https:\/\/www.plastiksandalye.org\/index.php\/product\/cafe-sandalye\/#breadcrumb\"},\"inLanguage\":\"tr\",\"potentialAction\":[{\"@type\":\"ReadAction\",\"target\":[\"https:\/\/www.plastiksandalye.org\/index.php\/product\/cafe-sandalye\/\"]}]},{\"@type\":\"BreadcrumbList\",\"@id\":\"https:\/\/www.plastiksandalye.org\/index.php\/product\/cafe-sandalye\/#breadcrumb\",\"itemListElement\":[{\"@type\":\"ListItem\",\"position\":1,\"name\":\"Home\",\"item\":\"https:\/\/www.plastiksandalye.org\/\"},{\"@type\":\"ListItem\",\"position\":2,\"name\":\"Ma\u011faza\",\"item\":\"https:\/\/www.plastiksandalye.org\/index.php\/magaza-2\/\"},{\"@type\":\"ListItem\",\"position\":3,\"name\":\"Cafe Sandalye\"}]},{\"@type\":\"WebSite\",\"@id\":\"https:\/\/www.plastiksandalye.org\/#website\",\"url\":\"https:\/\/www.plastiksandalye.org\/\",\"name\":\"plastiksandalye.org\",\"description\":\"Toptan Mobilya &amp; Sandalye - D\u00fcnyan\u0131n Her Yerine G\u00f6nderim!\",\"potentialAction\":[{\"@type\":\"SearchAction\",\"target\":{\"@type\":\"EntryPoint\",\"urlTemplate\":\"https:\/\/www.plastiksandalye.org\/?s={search_term_string}\"},\"query-input\":\"required name=search_term_string\"}],\"inLanguage\":\"tr\"}]}<\/script>\n<!-- \/ Yoast SEO Premium plugin. -->","yoast_head_json":{"title":"Cafe Sandalye - plastiksandalye.org","robots":{"index":"index","follow":"follow","max-snippet":"max-snippet:-1","max-image-preview":"max-image-preview:large","max-video-preview":"max-video-preview:-1"},"canonical":"https:\/\/www.plastiksandalye.org\/index.php\/product\/cafe-sandalye\/","og_locale":"tr_TR","og_type":"article","og_title":"Cafe Sandalye","og_description":"\u00dcr\u00fcn\u00fcm\u00fcz 1. Kalite malzemeden yap\u0131lm\u0131\u015ft\u0131r.  \u00dcr\u00fcn\u00fcm\u00fcz olduk\u00e7a sa\u011flam olup, g\u00fcne\u015f \u0131\u015f\u0131nlar\u0131na kar\u015f\u0131 dayan\u0131kl\u0131d\u0131r.","og_url":"https:\/\/www.plastiksandalye.org\/index.php\/product\/cafe-sandalye\/","og_site_name":"plastiksandalye.org","article_modified_time":"2026-02-09T20:51:00+00:00","og_image":[{"width":357,"height":513,"url":"https:\/\/www.plastiksandalye.org\/wp-content\/uploads\/2024\/02\/Cafe-Sandalye-65.00-TL-02.jpg","type":"image\/jpeg"}],"twitter_card":"summary_large_image","twitter_misc":{"Tahmini okuma s\u00fcresi":"1 dakika"},"schema":{"@context":"https:\/\/schema.org","@graph":[{"@type":"WebPage","@id":"https:\/\/www.plastiksandalye.org\/index.php\/product\/cafe-sandalye\/","url":"https:\/\/www.plastiksandalye.org\/index.php\/product\/cafe-sandalye\/","name":"Cafe Sandalye - plastiksandalye.org","isPartOf":{"@id":"https:\/\/www.plastiksandalye.org\/#website"},"datePublished":"2024-02-13T19:16:11+00:00","dateModified":"2026-02-09T20:51:00+00:00","breadcrumb":{"@id":"https:\/\/www.plastiksandalye.org\/index.php\/product\/cafe-sandalye\/#breadcrumb"},"inLanguage":"tr","potentialAction":[{"@type":"ReadAction","target":["https:\/\/www.plastiksandalye.org\/index.php\/product\/cafe-sandalye\/"]}]},{"@type":"BreadcrumbList","@id":"https:\/\/www.plastiksandalye.org\/index.php\/product\/cafe-sandalye\/#breadcrumb","itemListElement":[{"@type":"ListItem","position":1,"name":"Home","item":"https:\/\/www.plastiksandalye.org\/"},{"@type":"ListItem","position":2,"name":"Ma\u011faza","item":"https:\/\/www.plastiksandalye.org\/index.php\/magaza-2\/"},{"@type":"ListItem","position":3,"name":"Cafe Sandalye"}]},{"@type":"WebSite","@id":"https:\/\/www.plastiksandalye.org\/#website","url":"https:\/\/www.plastiksandalye.org\/","name":"plastiksandalye.org","description":"Toptan Mobilya &amp; Sandalye - D\u00fcnyan\u0131n Her Yerine G\u00f6nderim!","potentialAction":[{"@type":"SearchAction","target":{"@type":"EntryPoint","urlTemplate":"https:\/\/www.plastiksandalye.org\/?s={search_term_string}"},"query-input":"required name=search_term_string"}],"inLanguage":"tr"}]}},"_links":{"self":[{"href":"https:\/\/www.plastiksandalye.org\/index.php\/wp-json\/wp\/v2\/product\/321","targetHints":{"allow":["GET"]}}],"collection":[{"href":"https:\/\/www.plastiksandalye.org\/index.php\/wp-json\/wp\/v2\/product"}],"about":[{"href":"https:\/\/www.plastiksandalye.org\/index.php\/wp-json\/wp\/v2\/types\/product"}],"wp:featuredmedia":[{"embeddable":true,"href":"https:\/\/www.plastiksandalye.org\/index.php\/wp-json\/wp\/v2\/media\/455"}],"wp:attachment":[{"href":"https:\/\/www.plastiksandalye.org\/index.php\/wp-json\/wp\/v2\/media?parent=321"}],"wp:term":[{"taxonomy":"product_brand","embeddable":true,"href":"https:\/\/www.plastiksandalye.org\/index.php\/wp-json\/wp\/v2\/product_brand?post=321"},{"taxonomy":"product_cat","embeddable":true,"href":"https:\/\/www.plastiksandalye.org\/index.php\/wp-json\/wp\/v2\/product_cat?post=321"},{"taxonomy":"product_tag","embeddable":true,"href":"https:\/\/www.plastiksandalye.org\/index.php\/wp-json\/wp\/v2\/product_tag?post=321"}],"curies":[{"name":"wp","href":"https:\/\/api.w.org\/{rel}","templated":true}]}}