{"id":292,"date":"2024-02-13T22:15:18","date_gmt":"2024-02-13T19:15:18","guid":{"rendered":"https:\/\/www.plastiksandalye.org\/?post_type=product&#038;p=292"},"modified":"2026-02-09T23:46:34","modified_gmt":"2026-02-09T20:46:34","slug":"80x80-katlanir-ve-sabit-ayakli-plastik-masa","status":"publish","type":"product","link":"https:\/\/www.plastiksandalye.org\/index.php\/product\/80x80-katlanir-ve-sabit-ayakli-plastik-masa\/","title":{"rendered":"80&#215;80 Katlan\u0131r ve Sabit Ayakl\u0131 Plastik Masa"},"content":{"rendered":"<p>&nbsp;<\/p>\n<blockquote>\n<h3 style=\"text-align: center;\">Katlan\u0131r Ayakl\u0131 &amp; Sabit Y\u0131ld\u0131z Ayakl\u0131 Masa<\/h3>\n<p style=\"text-align: center;\"><strong>Sabit Ayakl\u0131 575.00TL , Katlan\u0131r Ayakl\u0131 585.00 TL<\/strong><\/p>\n<p style=\"text-align: center;\">\n<\/blockquote>\n<h3 style=\"text-align: center;\"><strong>\u00dcr\u00fcn\u00fcm\u00fcz 80 x 80 \u00f6l\u00e7\u00fclerinde olup, yerden y\u00fcksekli\u011fi 75cm&#8217;dir.<\/strong><\/h3>\n<h3 style=\"text-align: center;\"><strong>Ayaklar paslanmaz olup statik boyal\u0131d\u0131r.<\/strong><\/h3>\n<h3 style=\"text-align: center;\"><strong>Bu \u00fcr\u00fcn\u00fcm\u00fczde aya\u011f\u0131n\u0131 ister sabit ister katlan\u0131r olarak se\u00e7me imkan\u0131n\u0131z bulunmaktad\u0131r.<\/strong><\/h3>\n<h3 style=\"text-align: center;\"><strong>Renk Se\u00e7enekleri : K\u0131rm\u0131z\u0131, Mavi, Beyaz, F\u0131st\u0131k Ye\u015fili ve Tik(a\u00e7\u0131kkahverengi)<\/strong><\/h3>\n<h3 style=\"text-align: center;\"><strong>Minimum sipari\u015f adeti 50 adet olup T\u00fcrkiye&#8217;nin ve D\u00fcnya&#8217;n\u0131n her yerine g\u00f6nderim yap\u0131l\u0131r.<\/strong><\/h3>\n<h3 style=\"text-align: center;\"><strong>DETAYLI B\u0130LG\u0130 VE S\u0130PAR\u0130\u015e \u0130\u00c7\u0130N L\u00dcTFEN M\u00dc\u015eTER\u0130 TEMS\u0130LC\u0130LER\u0130M\u0130Z \u0130LE \u0130LET\u0130\u015e\u0130ME GE\u00c7\u0130N\u0130Z.<\/strong><\/h3>\n<h4 style=\"text-align: center;\"><strong>(\u00dcr\u00fcn g\u00f6rselinde bulunan sandalyeler fiyata dahil de\u011fildir)<\/strong><\/h4>\n<p>&nbsp;<\/p>\n","protected":false},"excerpt":{"rendered":"<p>&nbsp; Katlan\u0131r Ayakl\u0131 &amp; Sabit Y\u0131ld\u0131z Ayakl\u0131 Masa Sabit Ayakl\u0131 575.00TL , Katlan\u0131r Ayakl\u0131 585.00 TL \u00dcr\u00fcn\u00fcm\u00fcz 80 x 80 \u00f6l\u00e7\u00fclerinde olup, yerden y\u00fcksekli\u011fi 75cm&#8217;dir. Ayaklar<span class=\"excerpt-hellip\"> [\u2026]<\/span><\/p>\n","protected":false},"featured_media":392,"template":"","meta":[],"product_brand":[],"product_cat":[57],"product_tag":[58,63,73,64],"class_list":{"0":"post-292","1":"product","2":"type-product","3":"status-publish","4":"has-post-thumbnail","6":"product_cat-masalar","7":"product_tag-bahce-mobilyasi","8":"product_tag-toptan-masa","9":"product_tag-toptan-masa-sandalye","10":"product_tag-toptan001","12":"first","13":"instock","14":"shipping-taxable","15":"purchasable","16":"product-type-simple"},"yoast_head":"<!-- This site is optimized with the Yoast SEO Premium plugin v22.1 (Yoast SEO v22.1) - https:\/\/yoast.com\/wordpress\/plugins\/seo\/ -->\n<title>80x80 Katlan\u0131r ve Sabit Ayakl\u0131 Plastik Masa - plastiksandalye.org Toptan Plastik Masa<\/title>\n<meta name=\"description\" content=\"Toptan Plastik Sandalye ve Masa En Uygun plastiksandalye.org&#039;da ! Yurt \u0130\u00e7i ve Yurt D\u0131\u015f\u0131 G\u00f6nderim \u0130mkan\u0131 \u0130le H\u0131zl\u0131 Teslimat.\" \/>\n<meta name=\"robots\" content=\"index, follow, max-snippet:-1, max-image-preview:large, max-video-preview:-1\" \/>\n<link rel=\"canonical\" href=\"https:\/\/www.plastiksandalye.org\/index.php\/product\/80x80-katlanir-ve-sabit-ayakli-plastik-masa\/\" \/>\n<meta property=\"og:locale\" content=\"tr_TR\" \/>\n<meta property=\"og:type\" content=\"article\" \/>\n<meta property=\"og:title\" content=\"80x80 Katlan\u0131r ve Sabit Ayakl\u0131 Plastik Masa\" \/>\n<meta property=\"og:description\" content=\"Toptan Plastik Sandalye ve Masa En Uygun plastiksandalye.org&#039;da ! Yurt \u0130\u00e7i ve Yurt D\u0131\u015f\u0131 G\u00f6nderim \u0130mkan\u0131 \u0130le H\u0131zl\u0131 Teslimat.\" \/>\n<meta property=\"og:url\" content=\"https:\/\/www.plastiksandalye.org\/index.php\/product\/80x80-katlanir-ve-sabit-ayakli-plastik-masa\/\" \/>\n<meta property=\"og:site_name\" content=\"plastiksandalye.org\" \/>\n<meta property=\"article:modified_time\" content=\"2026-02-09T20:46:34+00:00\" \/>\n<meta property=\"og:image\" content=\"https:\/\/www.plastiksandalye.org\/wp-content\/uploads\/2024\/02\/WhatsApp-Image-2022-05-26-at-13.38.43-2.jpeg\" \/>\n\t<meta property=\"og:image:width\" content=\"1600\" \/>\n\t<meta property=\"og:image:height\" content=\"1331\" \/>\n\t<meta property=\"og:image:type\" content=\"image\/jpeg\" \/>\n<meta name=\"twitter:card\" content=\"summary_large_image\" \/>\n<meta name=\"twitter:label1\" content=\"Tahmini okuma s\u00fcresi\" \/>\n\t<meta name=\"twitter:data1\" content=\"1 dakika\" \/>\n<script type=\"application\/ld+json\" class=\"yoast-schema-graph\">{\"@context\":\"https:\/\/schema.org\",\"@graph\":[{\"@type\":\"WebPage\",\"@id\":\"https:\/\/www.plastiksandalye.org\/index.php\/product\/80x80-katlanir-ve-sabit-ayakli-plastik-masa\/\",\"url\":\"https:\/\/www.plastiksandalye.org\/index.php\/product\/80x80-katlanir-ve-sabit-ayakli-plastik-masa\/\",\"name\":\"80x80 Katlan\u0131r ve Sabit Ayakl\u0131 Plastik Masa - plastiksandalye.org Toptan Plastik Masa\",\"isPartOf\":{\"@id\":\"https:\/\/www.plastiksandalye.org\/#website\"},\"datePublished\":\"2024-02-13T19:15:18+00:00\",\"dateModified\":\"2026-02-09T20:46:34+00:00\",\"description\":\"Toptan Plastik Sandalye ve Masa En Uygun plastiksandalye.org'da ! Yurt \u0130\u00e7i ve Yurt D\u0131\u015f\u0131 G\u00f6nderim \u0130mkan\u0131 \u0130le H\u0131zl\u0131 Teslimat.\",\"breadcrumb\":{\"@id\":\"https:\/\/www.plastiksandalye.org\/index.php\/product\/80x80-katlanir-ve-sabit-ayakli-plastik-masa\/#breadcrumb\"},\"inLanguage\":\"tr\",\"potentialAction\":[{\"@type\":\"ReadAction\",\"target\":[\"https:\/\/www.plastiksandalye.org\/index.php\/product\/80x80-katlanir-ve-sabit-ayakli-plastik-masa\/\"]}]},{\"@type\":\"BreadcrumbList\",\"@id\":\"https:\/\/www.plastiksandalye.org\/index.php\/product\/80x80-katlanir-ve-sabit-ayakli-plastik-masa\/#breadcrumb\",\"itemListElement\":[{\"@type\":\"ListItem\",\"position\":1,\"name\":\"Home\",\"item\":\"https:\/\/www.plastiksandalye.org\/\"},{\"@type\":\"ListItem\",\"position\":2,\"name\":\"Ma\u011faza\",\"item\":\"https:\/\/www.plastiksandalye.org\/index.php\/magaza-2\/\"},{\"@type\":\"ListItem\",\"position\":3,\"name\":\"80&#215;80 Katlan\u0131r ve Sabit Ayakl\u0131 Plastik Masa\"}]},{\"@type\":\"WebSite\",\"@id\":\"https:\/\/www.plastiksandalye.org\/#website\",\"url\":\"https:\/\/www.plastiksandalye.org\/\",\"name\":\"plastiksandalye.org\",\"description\":\"Toptan Mobilya &amp; Sandalye - D\u00fcnyan\u0131n Her Yerine G\u00f6nderim!\",\"potentialAction\":[{\"@type\":\"SearchAction\",\"target\":{\"@type\":\"EntryPoint\",\"urlTemplate\":\"https:\/\/www.plastiksandalye.org\/?s={search_term_string}\"},\"query-input\":\"required name=search_term_string\"}],\"inLanguage\":\"tr\"}]}<\/script>\n<!-- \/ Yoast SEO Premium plugin. -->","yoast_head_json":{"title":"80x80 Katlan\u0131r ve Sabit Ayakl\u0131 Plastik Masa - plastiksandalye.org Toptan Plastik Masa","description":"Toptan Plastik Sandalye ve Masa En Uygun plastiksandalye.org'da ! Yurt \u0130\u00e7i ve Yurt D\u0131\u015f\u0131 G\u00f6nderim \u0130mkan\u0131 \u0130le H\u0131zl\u0131 Teslimat.","robots":{"index":"index","follow":"follow","max-snippet":"max-snippet:-1","max-image-preview":"max-image-preview:large","max-video-preview":"max-video-preview:-1"},"canonical":"https:\/\/www.plastiksandalye.org\/index.php\/product\/80x80-katlanir-ve-sabit-ayakli-plastik-masa\/","og_locale":"tr_TR","og_type":"article","og_title":"80x80 Katlan\u0131r ve Sabit Ayakl\u0131 Plastik Masa","og_description":"Toptan Plastik Sandalye ve Masa En Uygun plastiksandalye.org'da ! Yurt \u0130\u00e7i ve Yurt D\u0131\u015f\u0131 G\u00f6nderim \u0130mkan\u0131 \u0130le H\u0131zl\u0131 Teslimat.","og_url":"https:\/\/www.plastiksandalye.org\/index.php\/product\/80x80-katlanir-ve-sabit-ayakli-plastik-masa\/","og_site_name":"plastiksandalye.org","article_modified_time":"2026-02-09T20:46:34+00:00","og_image":[{"width":1600,"height":1331,"url":"https:\/\/www.plastiksandalye.org\/wp-content\/uploads\/2024\/02\/WhatsApp-Image-2022-05-26-at-13.38.43-2.jpeg","type":"image\/jpeg"}],"twitter_card":"summary_large_image","twitter_misc":{"Tahmini okuma s\u00fcresi":"1 dakika"},"schema":{"@context":"https:\/\/schema.org","@graph":[{"@type":"WebPage","@id":"https:\/\/www.plastiksandalye.org\/index.php\/product\/80x80-katlanir-ve-sabit-ayakli-plastik-masa\/","url":"https:\/\/www.plastiksandalye.org\/index.php\/product\/80x80-katlanir-ve-sabit-ayakli-plastik-masa\/","name":"80x80 Katlan\u0131r ve Sabit Ayakl\u0131 Plastik Masa - plastiksandalye.org Toptan Plastik Masa","isPartOf":{"@id":"https:\/\/www.plastiksandalye.org\/#website"},"datePublished":"2024-02-13T19:15:18+00:00","dateModified":"2026-02-09T20:46:34+00:00","description":"Toptan Plastik Sandalye ve Masa En Uygun plastiksandalye.org'da ! Yurt \u0130\u00e7i ve Yurt D\u0131\u015f\u0131 G\u00f6nderim \u0130mkan\u0131 \u0130le H\u0131zl\u0131 Teslimat.","breadcrumb":{"@id":"https:\/\/www.plastiksandalye.org\/index.php\/product\/80x80-katlanir-ve-sabit-ayakli-plastik-masa\/#breadcrumb"},"inLanguage":"tr","potentialAction":[{"@type":"ReadAction","target":["https:\/\/www.plastiksandalye.org\/index.php\/product\/80x80-katlanir-ve-sabit-ayakli-plastik-masa\/"]}]},{"@type":"BreadcrumbList","@id":"https:\/\/www.plastiksandalye.org\/index.php\/product\/80x80-katlanir-ve-sabit-ayakli-plastik-masa\/#breadcrumb","itemListElement":[{"@type":"ListItem","position":1,"name":"Home","item":"https:\/\/www.plastiksandalye.org\/"},{"@type":"ListItem","position":2,"name":"Ma\u011faza","item":"https:\/\/www.plastiksandalye.org\/index.php\/magaza-2\/"},{"@type":"ListItem","position":3,"name":"80&#215;80 Katlan\u0131r ve Sabit Ayakl\u0131 Plastik Masa"}]},{"@type":"WebSite","@id":"https:\/\/www.plastiksandalye.org\/#website","url":"https:\/\/www.plastiksandalye.org\/","name":"plastiksandalye.org","description":"Toptan Mobilya &amp; Sandalye - D\u00fcnyan\u0131n Her Yerine G\u00f6nderim!","potentialAction":[{"@type":"SearchAction","target":{"@type":"EntryPoint","urlTemplate":"https:\/\/www.plastiksandalye.org\/?s={search_term_string}"},"query-input":"required name=search_term_string"}],"inLanguage":"tr"}]}},"_links":{"self":[{"href":"https:\/\/www.plastiksandalye.org\/index.php\/wp-json\/wp\/v2\/product\/292","targetHints":{"allow":["GET"]}}],"collection":[{"href":"https:\/\/www.plastiksandalye.org\/index.php\/wp-json\/wp\/v2\/product"}],"about":[{"href":"https:\/\/www.plastiksandalye.org\/index.php\/wp-json\/wp\/v2\/types\/product"}],"wp:featuredmedia":[{"embeddable":true,"href":"https:\/\/www.plastiksandalye.org\/index.php\/wp-json\/wp\/v2\/media\/392"}],"wp:attachment":[{"href":"https:\/\/www.plastiksandalye.org\/index.php\/wp-json\/wp\/v2\/media?parent=292"}],"wp:term":[{"taxonomy":"product_brand","embeddable":true,"href":"https:\/\/www.plastiksandalye.org\/index.php\/wp-json\/wp\/v2\/product_brand?post=292"},{"taxonomy":"product_cat","embeddable":true,"href":"https:\/\/www.plastiksandalye.org\/index.php\/wp-json\/wp\/v2\/product_cat?post=292"},{"taxonomy":"product_tag","embeddable":true,"href":"https:\/\/www.plastiksandalye.org\/index.php\/wp-json\/wp\/v2\/product_tag?post=292"}],"curies":[{"name":"wp","href":"https:\/\/api.w.org\/{rel}","templated":true}]}}