{"id":244,"date":"2024-02-13T22:13:25","date_gmt":"2024-02-13T19:13:25","guid":{"rendered":"https:\/\/www.plastiksandalye.org\/?post_type=product&#038;p=244"},"modified":"2024-07-10T19:40:19","modified_gmt":"2024-07-10T16:40:19","slug":"4-no-pedalli-mario-cop-kovasi","status":"publish","type":"product","link":"https:\/\/www.plastiksandalye.org\/index.php\/product\/4-no-pedalli-mario-cop-kovasi\/","title":{"rendered":"4 No Pedall\u0131 Mario \u00c7\u00f6p Kovas\u0131"},"content":{"rendered":"<p style=\"text-align: center;\"><strong>4 Numara Pedall\u0131 Mario \u00c7\u00f6p Kovas\u0131<\/strong><\/p>\n<p style=\"text-align: center;\"><strong>16 Litre Kapasiteli. Kaliteli plastik malzemeli.<\/strong><\/p>\n<p style=\"text-align: center;\"><strong>Sar\u0131, beyaz, k\u0131rm\u0131z\u0131 ve ye\u015fil renkleri mevcuttur.<\/strong><\/p>\n<h4 style=\"text-align: center;\"><strong>M\u0130N\u0130MUM S\u0130PAR\u0130\u015e ADET\u0130 50 ADETT\u0130R.<\/strong><\/h4>\n<h3 style=\"text-align: center;\"><strong>DETAYLI B\u0130LG\u0130 VE S\u0130PAR\u0130\u015e \u0130\u00c7\u0130N L\u00dcTFEN M\u00dc\u015eTER\u0130 TEMS\u0130LC\u0130LER\u0130M\u0130Z \u0130LE \u0130LET\u0130\u015e\u0130ME GE\u00c7\u0130N\u0130Z.<\/strong><\/h3>\n<p>&nbsp;<\/p>\n<p>[sc name=&#8221;satis&#8221; ]<\/p>\n","protected":false},"excerpt":{"rendered":"<p>4 Numara Pedall\u0131 Mario \u00c7\u00f6p Kovas\u0131 16 Litre Kapasiteli. Kaliteli plastik malzemeli. Sar\u0131, beyaz, k\u0131rm\u0131z\u0131 ve ye\u015fil renkleri mevcuttur. M\u0130N\u0130MUM S\u0130PAR\u0130\u015e ADET\u0130 50 ADETT\u0130R. DETAYLI B\u0130LG\u0130<span class=\"excerpt-hellip\"> [\u2026]<\/span><\/p>\n","protected":false},"featured_media":313,"template":"","meta":[],"product_brand":[],"product_cat":[83],"product_tag":[84,85,86,64],"class_list":{"0":"post-244","1":"product","2":"type-product","3":"status-publish","4":"has-post-thumbnail","6":"product_cat-cop-kovalari","7":"product_tag-cop-kovasi","8":"product_tag-pedalli-cop-kovasi","9":"product_tag-toptan-cop-kovasi","10":"product_tag-toptan001","12":"first","13":"instock","14":"shipping-taxable","15":"product-type-simple"},"yoast_head":"<!-- This site is optimized with the Yoast SEO Premium plugin v22.1 (Yoast SEO v22.1) - https:\/\/yoast.com\/wordpress\/plugins\/seo\/ -->\n<title>4 No Pedall\u0131 Mario \u00c7\u00f6p Kovas\u0131 - plastiksandalye.org<\/title>\n<meta name=\"robots\" content=\"index, follow, max-snippet:-1, max-image-preview:large, max-video-preview:-1\" \/>\n<link rel=\"canonical\" href=\"https:\/\/www.plastiksandalye.org\/index.php\/product\/4-no-pedalli-mario-cop-kovasi\/\" \/>\n<meta property=\"og:locale\" content=\"tr_TR\" \/>\n<meta property=\"og:type\" content=\"article\" \/>\n<meta property=\"og:title\" content=\"4 No Pedall\u0131 Mario \u00c7\u00f6p Kovas\u0131\" \/>\n<meta property=\"og:description\" content=\"4 Numara Pedall\u0131 Mario \u00c7\u00f6p Kovas\u0131 16 Litre Kapasiteli. Kaliteli plastik malzemeli. Sar\u0131, beyaz, k\u0131rm\u0131z\u0131 ve ye\u015fil renkleri mevcuttur. M\u0130N\u0130MUM S\u0130PAR\u0130\u015e ADET\u0130 50 ADETT\u0130R. DETAYLI B\u0130LG\u0130 [\u2026]\" \/>\n<meta property=\"og:url\" content=\"https:\/\/www.plastiksandalye.org\/index.php\/product\/4-no-pedalli-mario-cop-kovasi\/\" \/>\n<meta property=\"og:site_name\" content=\"plastiksandalye.org\" \/>\n<meta property=\"article:modified_time\" content=\"2024-07-10T16:40:19+00:00\" \/>\n<meta property=\"og:image\" content=\"https:\/\/www.plastiksandalye.org\/wp-content\/uploads\/2024\/02\/4-No-Pedalli-Mario-Cop-Kovasi-11.00-TL-01-e1519557460973.jpg\" \/>\n\t<meta property=\"og:image:width\" content=\"476\" \/>\n\t<meta property=\"og:image:height\" content=\"556\" \/>\n\t<meta property=\"og:image:type\" content=\"image\/jpeg\" \/>\n<meta name=\"twitter:card\" content=\"summary_large_image\" \/>\n<script type=\"application\/ld+json\" class=\"yoast-schema-graph\">{\"@context\":\"https:\/\/schema.org\",\"@graph\":[{\"@type\":\"WebPage\",\"@id\":\"https:\/\/www.plastiksandalye.org\/index.php\/product\/4-no-pedalli-mario-cop-kovasi\/\",\"url\":\"https:\/\/www.plastiksandalye.org\/index.php\/product\/4-no-pedalli-mario-cop-kovasi\/\",\"name\":\"4 No Pedall\u0131 Mario \u00c7\u00f6p Kovas\u0131 - plastiksandalye.org\",\"isPartOf\":{\"@id\":\"https:\/\/www.plastiksandalye.org\/#website\"},\"datePublished\":\"2024-02-13T19:13:25+00:00\",\"dateModified\":\"2024-07-10T16:40:19+00:00\",\"breadcrumb\":{\"@id\":\"https:\/\/www.plastiksandalye.org\/index.php\/product\/4-no-pedalli-mario-cop-kovasi\/#breadcrumb\"},\"inLanguage\":\"tr\",\"potentialAction\":[{\"@type\":\"ReadAction\",\"target\":[\"https:\/\/www.plastiksandalye.org\/index.php\/product\/4-no-pedalli-mario-cop-kovasi\/\"]}]},{\"@type\":\"BreadcrumbList\",\"@id\":\"https:\/\/www.plastiksandalye.org\/index.php\/product\/4-no-pedalli-mario-cop-kovasi\/#breadcrumb\",\"itemListElement\":[{\"@type\":\"ListItem\",\"position\":1,\"name\":\"Home\",\"item\":\"https:\/\/www.plastiksandalye.org\/\"},{\"@type\":\"ListItem\",\"position\":2,\"name\":\"Ma\u011faza\",\"item\":\"https:\/\/www.plastiksandalye.org\/index.php\/magaza-2\/\"},{\"@type\":\"ListItem\",\"position\":3,\"name\":\"4 No Pedall\u0131 Mario \u00c7\u00f6p Kovas\u0131\"}]},{\"@type\":\"WebSite\",\"@id\":\"https:\/\/www.plastiksandalye.org\/#website\",\"url\":\"https:\/\/www.plastiksandalye.org\/\",\"name\":\"plastiksandalye.org\",\"description\":\"Toptan Mobilya &amp; Sandalye - D\u00fcnyan\u0131n Her Yerine G\u00f6nderim!\",\"potentialAction\":[{\"@type\":\"SearchAction\",\"target\":{\"@type\":\"EntryPoint\",\"urlTemplate\":\"https:\/\/www.plastiksandalye.org\/?s={search_term_string}\"},\"query-input\":\"required name=search_term_string\"}],\"inLanguage\":\"tr\"}]}<\/script>\n<!-- \/ Yoast SEO Premium plugin. -->","yoast_head_json":{"title":"4 No Pedall\u0131 Mario \u00c7\u00f6p Kovas\u0131 - plastiksandalye.org","robots":{"index":"index","follow":"follow","max-snippet":"max-snippet:-1","max-image-preview":"max-image-preview:large","max-video-preview":"max-video-preview:-1"},"canonical":"https:\/\/www.plastiksandalye.org\/index.php\/product\/4-no-pedalli-mario-cop-kovasi\/","og_locale":"tr_TR","og_type":"article","og_title":"4 No Pedall\u0131 Mario \u00c7\u00f6p Kovas\u0131","og_description":"4 Numara Pedall\u0131 Mario \u00c7\u00f6p Kovas\u0131 16 Litre Kapasiteli. Kaliteli plastik malzemeli. Sar\u0131, beyaz, k\u0131rm\u0131z\u0131 ve ye\u015fil renkleri mevcuttur. M\u0130N\u0130MUM S\u0130PAR\u0130\u015e ADET\u0130 50 ADETT\u0130R. DETAYLI B\u0130LG\u0130 [\u2026]","og_url":"https:\/\/www.plastiksandalye.org\/index.php\/product\/4-no-pedalli-mario-cop-kovasi\/","og_site_name":"plastiksandalye.org","article_modified_time":"2024-07-10T16:40:19+00:00","og_image":[{"width":476,"height":556,"url":"https:\/\/www.plastiksandalye.org\/wp-content\/uploads\/2024\/02\/4-No-Pedalli-Mario-Cop-Kovasi-11.00-TL-01-e1519557460973.jpg","type":"image\/jpeg"}],"twitter_card":"summary_large_image","schema":{"@context":"https:\/\/schema.org","@graph":[{"@type":"WebPage","@id":"https:\/\/www.plastiksandalye.org\/index.php\/product\/4-no-pedalli-mario-cop-kovasi\/","url":"https:\/\/www.plastiksandalye.org\/index.php\/product\/4-no-pedalli-mario-cop-kovasi\/","name":"4 No Pedall\u0131 Mario \u00c7\u00f6p Kovas\u0131 - plastiksandalye.org","isPartOf":{"@id":"https:\/\/www.plastiksandalye.org\/#website"},"datePublished":"2024-02-13T19:13:25+00:00","dateModified":"2024-07-10T16:40:19+00:00","breadcrumb":{"@id":"https:\/\/www.plastiksandalye.org\/index.php\/product\/4-no-pedalli-mario-cop-kovasi\/#breadcrumb"},"inLanguage":"tr","potentialAction":[{"@type":"ReadAction","target":["https:\/\/www.plastiksandalye.org\/index.php\/product\/4-no-pedalli-mario-cop-kovasi\/"]}]},{"@type":"BreadcrumbList","@id":"https:\/\/www.plastiksandalye.org\/index.php\/product\/4-no-pedalli-mario-cop-kovasi\/#breadcrumb","itemListElement":[{"@type":"ListItem","position":1,"name":"Home","item":"https:\/\/www.plastiksandalye.org\/"},{"@type":"ListItem","position":2,"name":"Ma\u011faza","item":"https:\/\/www.plastiksandalye.org\/index.php\/magaza-2\/"},{"@type":"ListItem","position":3,"name":"4 No Pedall\u0131 Mario \u00c7\u00f6p Kovas\u0131"}]},{"@type":"WebSite","@id":"https:\/\/www.plastiksandalye.org\/#website","url":"https:\/\/www.plastiksandalye.org\/","name":"plastiksandalye.org","description":"Toptan Mobilya &amp; Sandalye - D\u00fcnyan\u0131n Her Yerine G\u00f6nderim!","potentialAction":[{"@type":"SearchAction","target":{"@type":"EntryPoint","urlTemplate":"https:\/\/www.plastiksandalye.org\/?s={search_term_string}"},"query-input":"required name=search_term_string"}],"inLanguage":"tr"}]}},"_links":{"self":[{"href":"https:\/\/www.plastiksandalye.org\/index.php\/wp-json\/wp\/v2\/product\/244","targetHints":{"allow":["GET"]}}],"collection":[{"href":"https:\/\/www.plastiksandalye.org\/index.php\/wp-json\/wp\/v2\/product"}],"about":[{"href":"https:\/\/www.plastiksandalye.org\/index.php\/wp-json\/wp\/v2\/types\/product"}],"wp:featuredmedia":[{"embeddable":true,"href":"https:\/\/www.plastiksandalye.org\/index.php\/wp-json\/wp\/v2\/media\/313"}],"wp:attachment":[{"href":"https:\/\/www.plastiksandalye.org\/index.php\/wp-json\/wp\/v2\/media?parent=244"}],"wp:term":[{"taxonomy":"product_brand","embeddable":true,"href":"https:\/\/www.plastiksandalye.org\/index.php\/wp-json\/wp\/v2\/product_brand?post=244"},{"taxonomy":"product_cat","embeddable":true,"href":"https:\/\/www.plastiksandalye.org\/index.php\/wp-json\/wp\/v2\/product_cat?post=244"},{"taxonomy":"product_tag","embeddable":true,"href":"https:\/\/www.plastiksandalye.org\/index.php\/wp-json\/wp\/v2\/product_tag?post=244"}],"curies":[{"name":"wp","href":"https:\/\/api.w.org\/{rel}","templated":true}]}}