{"id":239,"date":"2024-02-13T22:13:25","date_gmt":"2024-02-13T19:13:25","guid":{"rendered":"https:\/\/www.plastiksandalye.org\/?post_type=product&#038;p=239"},"modified":"2024-07-10T19:40:18","modified_gmt":"2024-07-10T16:40:18","slug":"eko-model-metal-sandalye","status":"publish","type":"product","link":"https:\/\/www.plastiksandalye.org\/index.php\/product\/eko-model-metal-sandalye\/","title":{"rendered":"Eko Model Metal Sandalye"},"content":{"rendered":"<p style=\"text-align: center;\"><strong>Eko Model Metal Sandalye.<\/strong><\/p>\n<p style=\"text-align: center;\"><strong>D\u00fc\u011f\u00fcnlerde, toplat\u0131larda olduk\u00e7a kullan\u0131\u015fl\u0131d\u0131r.<\/strong><\/p>\n<p style=\"text-align: center;\"><strong>1. Kalite statik boyal\u0131, g\u00fcne\u015fe kar\u015f\u0131 dayan\u0131kl\u0131 kuma\u015f.<\/strong><\/p>\n<p style=\"text-align: center;\"><strong>\u00d6l\u00e7\u00fcleri : Yerden y\u00fckseklik 85cm, s\u0131rt dayama geni\u015fli\u011fi 38cm, oturma boyu 35, oturma geni\u015fli\u011fi 34cm, yerden oturma hizas\u0131na y\u00fckseklik 48cm.<\/strong><\/p>\n<h3 style=\"text-align: center;\"><strong>TOPLU S\u0130PAR\u0130\u015eLER\u0130N\u0130ZDE KUMA\u015e VE PROF\u0130L RENKLER\u0130N\u0130 \u0130STED\u0130\u011e\u0130N\u0130Z ANA RENKLERDEN \u00dcRETEB\u0130L\u0130R\u0130Z.<\/strong><\/h3>\n<h1 style=\"text-align: center;\"><strong>M\u0130N\u0130MUM S\u0130PAR\u0130\u015e ADET\u0130 50 ADETT\u0130R.<\/strong><\/h1>\n<h3 style=\"text-align: center;\"><strong>T\u00dcRK\u0130YE&#8217;N\u0130N VE D\u00dcNYA&#8217;NIN HER YER\u0130NE G\u00d6NDER\u0130M YAPMAKTAYIZ.<\/strong><\/h3>\n<h3 style=\"text-align: center;\"><strong>DETAYLI B\u0130LG\u0130 VE S\u0130PAR\u0130\u015e \u0130\u00c7\u0130N L\u00dcTFEN M\u00dc\u015eTER\u0130 TEMS\u0130LC\u0130LER\u0130M\u0130Z \u0130LE \u0130LET\u0130\u015e\u0130ME GE\u00c7\u0130N\u0130Z.<\/strong><\/h3>\n<p>[sc name=&#8221;satis&#8221; ]<\/p>\n","protected":false},"excerpt":{"rendered":"<p>Eko Model Metal Sandalye. D\u00fc\u011f\u00fcnlerde, toplat\u0131larda olduk\u00e7a kullan\u0131\u015fl\u0131d\u0131r. 1. Kalite statik boyal\u0131, g\u00fcne\u015fe kar\u015f\u0131 dayan\u0131kl\u0131 kuma\u015f. \u00d6l\u00e7\u00fcleri : Yerden y\u00fckseklik 85cm, s\u0131rt dayama geni\u015fli\u011fi 38cm, oturma<span class=\"excerpt-hellip\"> [\u2026]<\/span><\/p>\n","protected":false},"featured_media":296,"template":"","meta":[],"product_brand":[],"product_cat":[56,70],"product_tag":[79,81,74],"class_list":{"0":"post-239","1":"product","2":"type-product","3":"status-publish","4":"has-post-thumbnail","6":"product_cat-firsat-urunleri","7":"product_cat-sandalyeler","8":"product_tag-metal-sandalye","9":"product_tag-toptan-metal-sandalye","10":"product_tag-toptan-sandalye","12":"first","13":"instock","14":"shipping-taxable","15":"product-type-simple"},"yoast_head":"<!-- This site is optimized with the Yoast SEO Premium plugin v22.1 (Yoast SEO v22.1) - https:\/\/yoast.com\/wordpress\/plugins\/seo\/ -->\n<title>Eko Model Metal Sandalye - plastiksandalye.org<\/title>\n<meta name=\"robots\" content=\"index, follow, max-snippet:-1, max-image-preview:large, max-video-preview:-1\" \/>\n<link rel=\"canonical\" href=\"https:\/\/www.plastiksandalye.org\/index.php\/product\/eko-model-metal-sandalye\/\" \/>\n<meta property=\"og:locale\" content=\"tr_TR\" \/>\n<meta property=\"og:type\" content=\"article\" \/>\n<meta property=\"og:title\" content=\"Eko Model Metal Sandalye\" \/>\n<meta property=\"og:description\" content=\"Eko Model Metal Sandalye. D\u00fc\u011f\u00fcnlerde, toplat\u0131larda olduk\u00e7a kullan\u0131\u015fl\u0131d\u0131r. 1. Kalite statik boyal\u0131, g\u00fcne\u015fe kar\u015f\u0131 dayan\u0131kl\u0131 kuma\u015f. \u00d6l\u00e7\u00fcleri : Yerden y\u00fckseklik 85cm, s\u0131rt dayama geni\u015fli\u011fi 38cm, oturma [\u2026]\" \/>\n<meta property=\"og:url\" content=\"https:\/\/www.plastiksandalye.org\/index.php\/product\/eko-model-metal-sandalye\/\" \/>\n<meta property=\"og:site_name\" content=\"plastiksandalye.org\" \/>\n<meta property=\"article:modified_time\" content=\"2024-07-10T16:40:18+00:00\" \/>\n<meta property=\"og:image\" content=\"https:\/\/www.plastiksandalye.org\/wp-content\/uploads\/2024\/02\/Eko-Model-Metal-Sandalye-23.00-TL-KDV-01.png\" \/>\n\t<meta property=\"og:image:width\" content=\"500\" \/>\n\t<meta property=\"og:image:height\" content=\"500\" \/>\n\t<meta property=\"og:image:type\" content=\"image\/png\" \/>\n<meta name=\"twitter:card\" content=\"summary_large_image\" \/>\n<meta name=\"twitter:label1\" content=\"Tahmini okuma s\u00fcresi\" \/>\n\t<meta name=\"twitter:data1\" content=\"1 dakika\" \/>\n<script type=\"application\/ld+json\" class=\"yoast-schema-graph\">{\"@context\":\"https:\/\/schema.org\",\"@graph\":[{\"@type\":\"WebPage\",\"@id\":\"https:\/\/www.plastiksandalye.org\/index.php\/product\/eko-model-metal-sandalye\/\",\"url\":\"https:\/\/www.plastiksandalye.org\/index.php\/product\/eko-model-metal-sandalye\/\",\"name\":\"Eko Model Metal Sandalye - plastiksandalye.org\",\"isPartOf\":{\"@id\":\"https:\/\/www.plastiksandalye.org\/#website\"},\"datePublished\":\"2024-02-13T19:13:25+00:00\",\"dateModified\":\"2024-07-10T16:40:18+00:00\",\"breadcrumb\":{\"@id\":\"https:\/\/www.plastiksandalye.org\/index.php\/product\/eko-model-metal-sandalye\/#breadcrumb\"},\"inLanguage\":\"tr\",\"potentialAction\":[{\"@type\":\"ReadAction\",\"target\":[\"https:\/\/www.plastiksandalye.org\/index.php\/product\/eko-model-metal-sandalye\/\"]}]},{\"@type\":\"BreadcrumbList\",\"@id\":\"https:\/\/www.plastiksandalye.org\/index.php\/product\/eko-model-metal-sandalye\/#breadcrumb\",\"itemListElement\":[{\"@type\":\"ListItem\",\"position\":1,\"name\":\"Home\",\"item\":\"https:\/\/www.plastiksandalye.org\/\"},{\"@type\":\"ListItem\",\"position\":2,\"name\":\"Ma\u011faza\",\"item\":\"https:\/\/www.plastiksandalye.org\/index.php\/magaza-2\/\"},{\"@type\":\"ListItem\",\"position\":3,\"name\":\"Eko Model Metal Sandalye\"}]},{\"@type\":\"WebSite\",\"@id\":\"https:\/\/www.plastiksandalye.org\/#website\",\"url\":\"https:\/\/www.plastiksandalye.org\/\",\"name\":\"plastiksandalye.org\",\"description\":\"Toptan Mobilya &amp; Sandalye - D\u00fcnyan\u0131n Her Yerine G\u00f6nderim!\",\"potentialAction\":[{\"@type\":\"SearchAction\",\"target\":{\"@type\":\"EntryPoint\",\"urlTemplate\":\"https:\/\/www.plastiksandalye.org\/?s={search_term_string}\"},\"query-input\":\"required name=search_term_string\"}],\"inLanguage\":\"tr\"}]}<\/script>\n<!-- \/ Yoast SEO Premium plugin. -->","yoast_head_json":{"title":"Eko Model Metal Sandalye - plastiksandalye.org","robots":{"index":"index","follow":"follow","max-snippet":"max-snippet:-1","max-image-preview":"max-image-preview:large","max-video-preview":"max-video-preview:-1"},"canonical":"https:\/\/www.plastiksandalye.org\/index.php\/product\/eko-model-metal-sandalye\/","og_locale":"tr_TR","og_type":"article","og_title":"Eko Model Metal Sandalye","og_description":"Eko Model Metal Sandalye. D\u00fc\u011f\u00fcnlerde, toplat\u0131larda olduk\u00e7a kullan\u0131\u015fl\u0131d\u0131r. 1. Kalite statik boyal\u0131, g\u00fcne\u015fe kar\u015f\u0131 dayan\u0131kl\u0131 kuma\u015f. \u00d6l\u00e7\u00fcleri : Yerden y\u00fckseklik 85cm, s\u0131rt dayama geni\u015fli\u011fi 38cm, oturma [\u2026]","og_url":"https:\/\/www.plastiksandalye.org\/index.php\/product\/eko-model-metal-sandalye\/","og_site_name":"plastiksandalye.org","article_modified_time":"2024-07-10T16:40:18+00:00","og_image":[{"width":500,"height":500,"url":"https:\/\/www.plastiksandalye.org\/wp-content\/uploads\/2024\/02\/Eko-Model-Metal-Sandalye-23.00-TL-KDV-01.png","type":"image\/png"}],"twitter_card":"summary_large_image","twitter_misc":{"Tahmini okuma s\u00fcresi":"1 dakika"},"schema":{"@context":"https:\/\/schema.org","@graph":[{"@type":"WebPage","@id":"https:\/\/www.plastiksandalye.org\/index.php\/product\/eko-model-metal-sandalye\/","url":"https:\/\/www.plastiksandalye.org\/index.php\/product\/eko-model-metal-sandalye\/","name":"Eko Model Metal Sandalye - plastiksandalye.org","isPartOf":{"@id":"https:\/\/www.plastiksandalye.org\/#website"},"datePublished":"2024-02-13T19:13:25+00:00","dateModified":"2024-07-10T16:40:18+00:00","breadcrumb":{"@id":"https:\/\/www.plastiksandalye.org\/index.php\/product\/eko-model-metal-sandalye\/#breadcrumb"},"inLanguage":"tr","potentialAction":[{"@type":"ReadAction","target":["https:\/\/www.plastiksandalye.org\/index.php\/product\/eko-model-metal-sandalye\/"]}]},{"@type":"BreadcrumbList","@id":"https:\/\/www.plastiksandalye.org\/index.php\/product\/eko-model-metal-sandalye\/#breadcrumb","itemListElement":[{"@type":"ListItem","position":1,"name":"Home","item":"https:\/\/www.plastiksandalye.org\/"},{"@type":"ListItem","position":2,"name":"Ma\u011faza","item":"https:\/\/www.plastiksandalye.org\/index.php\/magaza-2\/"},{"@type":"ListItem","position":3,"name":"Eko Model Metal Sandalye"}]},{"@type":"WebSite","@id":"https:\/\/www.plastiksandalye.org\/#website","url":"https:\/\/www.plastiksandalye.org\/","name":"plastiksandalye.org","description":"Toptan Mobilya &amp; Sandalye - D\u00fcnyan\u0131n Her Yerine G\u00f6nderim!","potentialAction":[{"@type":"SearchAction","target":{"@type":"EntryPoint","urlTemplate":"https:\/\/www.plastiksandalye.org\/?s={search_term_string}"},"query-input":"required name=search_term_string"}],"inLanguage":"tr"}]}},"_links":{"self":[{"href":"https:\/\/www.plastiksandalye.org\/index.php\/wp-json\/wp\/v2\/product\/239","targetHints":{"allow":["GET"]}}],"collection":[{"href":"https:\/\/www.plastiksandalye.org\/index.php\/wp-json\/wp\/v2\/product"}],"about":[{"href":"https:\/\/www.plastiksandalye.org\/index.php\/wp-json\/wp\/v2\/types\/product"}],"wp:featuredmedia":[{"embeddable":true,"href":"https:\/\/www.plastiksandalye.org\/index.php\/wp-json\/wp\/v2\/media\/296"}],"wp:attachment":[{"href":"https:\/\/www.plastiksandalye.org\/index.php\/wp-json\/wp\/v2\/media?parent=239"}],"wp:term":[{"taxonomy":"product_brand","embeddable":true,"href":"https:\/\/www.plastiksandalye.org\/index.php\/wp-json\/wp\/v2\/product_brand?post=239"},{"taxonomy":"product_cat","embeddable":true,"href":"https:\/\/www.plastiksandalye.org\/index.php\/wp-json\/wp\/v2\/product_cat?post=239"},{"taxonomy":"product_tag","embeddable":true,"href":"https:\/\/www.plastiksandalye.org\/index.php\/wp-json\/wp\/v2\/product_tag?post=239"}],"curies":[{"name":"wp","href":"https:\/\/api.w.org\/{rel}","templated":true}]}}