{"id":238,"date":"2024-02-13T22:13:24","date_gmt":"2024-02-13T19:13:24","guid":{"rendered":"https:\/\/www.plastiksandalye.org\/?post_type=product&#038;p=238"},"modified":"2026-02-09T23:47:23","modified_gmt":"2026-02-09T20:47:23","slug":"yakut-orjinal-beyaz-plastik-koltuk","status":"publish","type":"product","link":"https:\/\/www.plastiksandalye.org\/index.php\/product\/yakut-orjinal-beyaz-plastik-koltuk\/","title":{"rendered":"Yakut Orjinal Beyaz Plastik Koltuk"},"content":{"rendered":"<h4 style=\"text-align: center;\"><strong>YAKUT BEYAZ KOLTUK<\/strong><\/h4>\n<h4 style=\"text-align: center;\"><strong>1. Kalite orjinal plastiktir.<\/strong><\/h4>\n<h4 style=\"text-align: center;\"><strong>2350 Gram<\/strong><\/h4>\n<h4 style=\"text-align: center;\"><strong>Her aya\u011f\u0131n\u0131n alt\u0131nda bulunan kayd\u0131rmaz t\u0131palar sayesinde zeminlerde kaymay\u0131 engeller.<\/strong><\/h4>\n<h4 style=\"text-align: center;\"><strong>Renk : Beyaz.<\/strong><\/h4>\n<h4 style=\"text-align: center;\"><em><strong>M\u0130N\u0130MUM S\u0130PAR\u0130\u015e ADET\u0130 100 ADETT\u0130R.<\/strong><\/em><\/h4>\n<h3 style=\"text-align: center;\"><strong>T\u00dcRK\u0130YE&#8217;N\u0130N VE D\u00dcNYA&#8217;NIN HER YER\u0130NE G\u00d6NDER\u0130M YAPILIR.<\/strong><\/h3>\n<h3 style=\"text-align: center;\"><strong>DETAYLI B\u0130LG\u0130 \u0130\u00c7\u0130N VE S\u0130PAR\u0130\u015e \u0130\u00c7\u0130N L\u00dcTFEN M\u00dc\u015eTER\u0130 TEMS\u0130LC\u0130LER\u0130M\u0130Z \u0130LE \u0130LET\u0130\u015e\u0130ME GE\u00c7\u0130N\u0130Z.<\/strong><\/h3>\n<h3 style=\"text-align: center;\"><\/h3>\n<p>&nbsp;<\/p>\n","protected":false},"excerpt":{"rendered":"<p>YAKUT BEYAZ KOLTUK 1. Kalite orjinal plastiktir. 2350 Gram Her aya\u011f\u0131n\u0131n alt\u0131nda bulunan kayd\u0131rmaz t\u0131palar sayesinde zeminlerde kaymay\u0131 engeller. Renk : Beyaz. M\u0130N\u0130MUM S\u0130PAR\u0130\u015e ADET\u0130 100<span class=\"excerpt-hellip\"> [\u2026]<\/span><\/p>\n","protected":false},"featured_media":294,"template":"","meta":[],"product_brand":[],"product_cat":[56,75,70],"product_tag":[58,76,71,72,73,74,64],"class_list":{"0":"post-238","1":"product","2":"type-product","3":"status-publish","4":"has-post-thumbnail","6":"product_cat-firsat-urunleri","7":"product_cat-plastik-koltuklar","8":"product_cat-sandalyeler","9":"product_tag-bahce-mobilyasi","10":"product_tag-plastik-koltuk","11":"product_tag-plastik-sandalye","12":"product_tag-sandalye","13":"product_tag-toptan-masa-sandalye","14":"product_tag-toptan-sandalye","15":"product_tag-toptan001","17":"first","18":"instock","19":"shipping-taxable","20":"purchasable","21":"product-type-simple"},"yoast_head":"<!-- This site is optimized with the Yoast SEO Premium plugin v22.1 (Yoast SEO v22.1) - https:\/\/yoast.com\/wordpress\/plugins\/seo\/ -->\n<title>Yakut Orjinal Beyaz Plastik Koltuk - plastiksandalye.org Toptan Plastik Sandalye<\/title>\n<meta name=\"description\" content=\"En Uygun Toptan Fiyatlar plastiksandalye.org&#039;da ! Yurt i\u00e7i ve yurt d\u0131\u015f\u0131 g\u00f6nderim imkan\u0131 ile h\u0131zl\u0131 teslimat. Web sitemizi ziyaret ediniz.\" \/>\n<meta name=\"robots\" content=\"index, follow, max-snippet:-1, max-image-preview:large, max-video-preview:-1\" \/>\n<link rel=\"canonical\" href=\"https:\/\/www.plastiksandalye.org\/index.php\/product\/yakut-orjinal-beyaz-plastik-koltuk\/\" \/>\n<meta property=\"og:locale\" content=\"tr_TR\" \/>\n<meta property=\"og:type\" content=\"article\" \/>\n<meta property=\"og:title\" content=\"Yakut Orjinal Beyaz Plastik Koltuk\" \/>\n<meta property=\"og:description\" content=\"En Uygun Toptan Fiyatlar plastiksandalye.org&#039;da ! Yurt i\u00e7i ve yurt d\u0131\u015f\u0131 g\u00f6nderim imkan\u0131 ile h\u0131zl\u0131 teslimat. Web sitemizi ziyaret ediniz.\" \/>\n<meta property=\"og:url\" content=\"https:\/\/www.plastiksandalye.org\/index.php\/product\/yakut-orjinal-beyaz-plastik-koltuk\/\" \/>\n<meta property=\"og:site_name\" content=\"plastiksandalye.org\" \/>\n<meta property=\"article:modified_time\" content=\"2026-02-09T20:47:23+00:00\" \/>\n<meta property=\"og:image\" content=\"https:\/\/www.plastiksandalye.org\/wp-content\/uploads\/2024\/02\/WhatsApp-Image-2022-05-25-at-15.10.24.jpeg\" \/>\n\t<meta property=\"og:image:width\" content=\"1108\" \/>\n\t<meta property=\"og:image:height\" content=\"1600\" \/>\n\t<meta property=\"og:image:type\" content=\"image\/jpeg\" \/>\n<meta name=\"twitter:card\" content=\"summary_large_image\" \/>\n<meta name=\"twitter:label1\" content=\"Tahmini okuma s\u00fcresi\" \/>\n\t<meta name=\"twitter:data1\" content=\"1 dakika\" \/>\n<script type=\"application\/ld+json\" class=\"yoast-schema-graph\">{\"@context\":\"https:\/\/schema.org\",\"@graph\":[{\"@type\":\"WebPage\",\"@id\":\"https:\/\/www.plastiksandalye.org\/index.php\/product\/yakut-orjinal-beyaz-plastik-koltuk\/\",\"url\":\"https:\/\/www.plastiksandalye.org\/index.php\/product\/yakut-orjinal-beyaz-plastik-koltuk\/\",\"name\":\"Yakut Orjinal Beyaz Plastik Koltuk - plastiksandalye.org Toptan Plastik Sandalye\",\"isPartOf\":{\"@id\":\"https:\/\/www.plastiksandalye.org\/#website\"},\"datePublished\":\"2024-02-13T19:13:24+00:00\",\"dateModified\":\"2026-02-09T20:47:23+00:00\",\"description\":\"En Uygun Toptan Fiyatlar plastiksandalye.org'da ! Yurt i\u00e7i ve yurt d\u0131\u015f\u0131 g\u00f6nderim imkan\u0131 ile h\u0131zl\u0131 teslimat. Web sitemizi ziyaret ediniz.\",\"breadcrumb\":{\"@id\":\"https:\/\/www.plastiksandalye.org\/index.php\/product\/yakut-orjinal-beyaz-plastik-koltuk\/#breadcrumb\"},\"inLanguage\":\"tr\",\"potentialAction\":[{\"@type\":\"ReadAction\",\"target\":[\"https:\/\/www.plastiksandalye.org\/index.php\/product\/yakut-orjinal-beyaz-plastik-koltuk\/\"]}]},{\"@type\":\"BreadcrumbList\",\"@id\":\"https:\/\/www.plastiksandalye.org\/index.php\/product\/yakut-orjinal-beyaz-plastik-koltuk\/#breadcrumb\",\"itemListElement\":[{\"@type\":\"ListItem\",\"position\":1,\"name\":\"Home\",\"item\":\"https:\/\/www.plastiksandalye.org\/\"},{\"@type\":\"ListItem\",\"position\":2,\"name\":\"Ma\u011faza\",\"item\":\"https:\/\/www.plastiksandalye.org\/index.php\/magaza-2\/\"},{\"@type\":\"ListItem\",\"position\":3,\"name\":\"Yakut Orjinal Beyaz Plastik Koltuk\"}]},{\"@type\":\"WebSite\",\"@id\":\"https:\/\/www.plastiksandalye.org\/#website\",\"url\":\"https:\/\/www.plastiksandalye.org\/\",\"name\":\"plastiksandalye.org\",\"description\":\"Toptan Mobilya &amp; Sandalye - D\u00fcnyan\u0131n Her Yerine G\u00f6nderim!\",\"potentialAction\":[{\"@type\":\"SearchAction\",\"target\":{\"@type\":\"EntryPoint\",\"urlTemplate\":\"https:\/\/www.plastiksandalye.org\/?s={search_term_string}\"},\"query-input\":\"required name=search_term_string\"}],\"inLanguage\":\"tr\"}]}<\/script>\n<!-- \/ Yoast SEO Premium plugin. -->","yoast_head_json":{"title":"Yakut Orjinal Beyaz Plastik Koltuk - plastiksandalye.org Toptan Plastik Sandalye","description":"En Uygun Toptan Fiyatlar plastiksandalye.org'da ! Yurt i\u00e7i ve yurt d\u0131\u015f\u0131 g\u00f6nderim imkan\u0131 ile h\u0131zl\u0131 teslimat. Web sitemizi ziyaret ediniz.","robots":{"index":"index","follow":"follow","max-snippet":"max-snippet:-1","max-image-preview":"max-image-preview:large","max-video-preview":"max-video-preview:-1"},"canonical":"https:\/\/www.plastiksandalye.org\/index.php\/product\/yakut-orjinal-beyaz-plastik-koltuk\/","og_locale":"tr_TR","og_type":"article","og_title":"Yakut Orjinal Beyaz Plastik Koltuk","og_description":"En Uygun Toptan Fiyatlar plastiksandalye.org'da ! Yurt i\u00e7i ve yurt d\u0131\u015f\u0131 g\u00f6nderim imkan\u0131 ile h\u0131zl\u0131 teslimat. Web sitemizi ziyaret ediniz.","og_url":"https:\/\/www.plastiksandalye.org\/index.php\/product\/yakut-orjinal-beyaz-plastik-koltuk\/","og_site_name":"plastiksandalye.org","article_modified_time":"2026-02-09T20:47:23+00:00","og_image":[{"width":1108,"height":1600,"url":"https:\/\/www.plastiksandalye.org\/wp-content\/uploads\/2024\/02\/WhatsApp-Image-2022-05-25-at-15.10.24.jpeg","type":"image\/jpeg"}],"twitter_card":"summary_large_image","twitter_misc":{"Tahmini okuma s\u00fcresi":"1 dakika"},"schema":{"@context":"https:\/\/schema.org","@graph":[{"@type":"WebPage","@id":"https:\/\/www.plastiksandalye.org\/index.php\/product\/yakut-orjinal-beyaz-plastik-koltuk\/","url":"https:\/\/www.plastiksandalye.org\/index.php\/product\/yakut-orjinal-beyaz-plastik-koltuk\/","name":"Yakut Orjinal Beyaz Plastik Koltuk - plastiksandalye.org Toptan Plastik Sandalye","isPartOf":{"@id":"https:\/\/www.plastiksandalye.org\/#website"},"datePublished":"2024-02-13T19:13:24+00:00","dateModified":"2026-02-09T20:47:23+00:00","description":"En Uygun Toptan Fiyatlar plastiksandalye.org'da ! Yurt i\u00e7i ve yurt d\u0131\u015f\u0131 g\u00f6nderim imkan\u0131 ile h\u0131zl\u0131 teslimat. Web sitemizi ziyaret ediniz.","breadcrumb":{"@id":"https:\/\/www.plastiksandalye.org\/index.php\/product\/yakut-orjinal-beyaz-plastik-koltuk\/#breadcrumb"},"inLanguage":"tr","potentialAction":[{"@type":"ReadAction","target":["https:\/\/www.plastiksandalye.org\/index.php\/product\/yakut-orjinal-beyaz-plastik-koltuk\/"]}]},{"@type":"BreadcrumbList","@id":"https:\/\/www.plastiksandalye.org\/index.php\/product\/yakut-orjinal-beyaz-plastik-koltuk\/#breadcrumb","itemListElement":[{"@type":"ListItem","position":1,"name":"Home","item":"https:\/\/www.plastiksandalye.org\/"},{"@type":"ListItem","position":2,"name":"Ma\u011faza","item":"https:\/\/www.plastiksandalye.org\/index.php\/magaza-2\/"},{"@type":"ListItem","position":3,"name":"Yakut Orjinal Beyaz Plastik Koltuk"}]},{"@type":"WebSite","@id":"https:\/\/www.plastiksandalye.org\/#website","url":"https:\/\/www.plastiksandalye.org\/","name":"plastiksandalye.org","description":"Toptan Mobilya &amp; Sandalye - D\u00fcnyan\u0131n Her Yerine G\u00f6nderim!","potentialAction":[{"@type":"SearchAction","target":{"@type":"EntryPoint","urlTemplate":"https:\/\/www.plastiksandalye.org\/?s={search_term_string}"},"query-input":"required name=search_term_string"}],"inLanguage":"tr"}]}},"_links":{"self":[{"href":"https:\/\/www.plastiksandalye.org\/index.php\/wp-json\/wp\/v2\/product\/238","targetHints":{"allow":["GET"]}}],"collection":[{"href":"https:\/\/www.plastiksandalye.org\/index.php\/wp-json\/wp\/v2\/product"}],"about":[{"href":"https:\/\/www.plastiksandalye.org\/index.php\/wp-json\/wp\/v2\/types\/product"}],"wp:featuredmedia":[{"embeddable":true,"href":"https:\/\/www.plastiksandalye.org\/index.php\/wp-json\/wp\/v2\/media\/294"}],"wp:attachment":[{"href":"https:\/\/www.plastiksandalye.org\/index.php\/wp-json\/wp\/v2\/media?parent=238"}],"wp:term":[{"taxonomy":"product_brand","embeddable":true,"href":"https:\/\/www.plastiksandalye.org\/index.php\/wp-json\/wp\/v2\/product_brand?post=238"},{"taxonomy":"product_cat","embeddable":true,"href":"https:\/\/www.plastiksandalye.org\/index.php\/wp-json\/wp\/v2\/product_cat?post=238"},{"taxonomy":"product_tag","embeddable":true,"href":"https:\/\/www.plastiksandalye.org\/index.php\/wp-json\/wp\/v2\/product_tag?post=238"}],"curies":[{"name":"wp","href":"https:\/\/api.w.org\/{rel}","templated":true}]}}