{"id":233,"date":"2024-02-13T22:13:24","date_gmt":"2024-02-13T19:13:24","guid":{"rendered":"https:\/\/www.plastiksandalye.org\/?post_type=product&#038;p=233"},"modified":"2026-02-09T23:47:36","modified_gmt":"2026-02-09T20:47:36","slug":"safir-renkli-plastik-koltuk","status":"publish","type":"product","link":"https:\/\/www.plastiksandalye.org\/index.php\/product\/safir-renkli-plastik-koltuk\/","title":{"rendered":"Safir Renkli Plastik Koltuk"},"content":{"rendered":"<p>&nbsp;<\/p>\n<p style=\"text-align: center;\"><strong>1.Kalite Geri D\u00f6n\u00fc\u015f\u00fcm Malzeme.<\/strong><\/p>\n<p style=\"text-align: center;\"><strong>2350 gram<\/strong><\/p>\n<p style=\"text-align: center;\"><strong>A\u00e7\u0131k Ye\u015fil, Koyu Ye\u015fil, Krem, Buz Beyaz\u0131, A\u00e7\u0131k Kahve ve Koyu Kahve Renkleri Mevcuttur.<\/strong><\/p>\n<h3 style=\"text-align: center;\">TOPLU ORGAN\u0130ZASYONLARINIZ \u0130\u00c7\u0130N EN \u00c7OK SATAN MODELLER\u0130M\u0130Z ARASINDADIR.<\/h3>\n<h3 style=\"text-align: center;\"><strong>T\u00dcRK\u0130YE&#8217;N\u0130N VE D\u00dcNYA&#8217;NIN HER YER\u0130NE G\u00d6NDER\u0130M YAPMAKTAYIZ.<\/strong><\/h3>\n<h3 style=\"text-align: center;\"><strong>DETAYLI B\u0130LG\u0130 VE S\u0130PAR\u0130\u015e \u0130\u00c7\u0130N L\u00dcTFEN M\u00dc\u015eTER\u0130 TEMS\u0130LC\u0130LER\u0130M\u0130Z \u0130LE \u0130LET\u0130\u015e\u0130ME GE\u00c7\u0130N\u0130Z.<\/strong><\/h3>\n<h3 style=\"text-align: center;\"><strong>M\u0130N\u0130MUM S\u0130PAR\u0130\u015e ADET\u0130 100 ADETT\u0130R.<\/strong><\/h3>\n<p>&nbsp;<\/p>\n","protected":false},"excerpt":{"rendered":"<p>&nbsp; 1.Kalite Geri D\u00f6n\u00fc\u015f\u00fcm Malzeme. 2350 gram A\u00e7\u0131k Ye\u015fil, Koyu Ye\u015fil, Krem, Buz Beyaz\u0131, A\u00e7\u0131k Kahve ve Koyu Kahve Renkleri Mevcuttur. TOPLU ORGAN\u0130ZASYONLARINIZ \u0130\u00c7\u0130N EN \u00c7OK<span class=\"excerpt-hellip\"> [\u2026]<\/span><\/p>\n","protected":false},"featured_media":1218,"template":"","meta":[],"product_brand":[],"product_cat":[56,70],"product_tag":[58,76,71,73,74,64],"class_list":{"0":"post-233","1":"product","2":"type-product","3":"status-publish","4":"has-post-thumbnail","6":"product_cat-firsat-urunleri","7":"product_cat-sandalyeler","8":"product_tag-bahce-mobilyasi","9":"product_tag-plastik-koltuk","10":"product_tag-plastik-sandalye","11":"product_tag-toptan-masa-sandalye","12":"product_tag-toptan-sandalye","13":"product_tag-toptan001","15":"first","16":"instock","17":"shipping-taxable","18":"purchasable","19":"product-type-simple"},"yoast_head":"<!-- This site is optimized with the Yoast SEO Premium plugin v22.1 (Yoast SEO v22.1) - https:\/\/yoast.com\/wordpress\/plugins\/seo\/ -->\n<title>Safir Renkli Plastik Koltuk - plastiksandalye.org Toptan Plastik Sandalye<\/title>\n<meta name=\"description\" content=\"En Uygun Toptan Fiyatlar plastiksandalye.org&#039;da ! Yurt i\u00e7i ve yurt d\u0131\u015f\u0131 g\u00f6nderim imkan\u0131 ile h\u0131zl\u0131 teslimat. Web sitemizi ziyaret ediniz.\" \/>\n<meta name=\"robots\" content=\"index, follow, max-snippet:-1, max-image-preview:large, max-video-preview:-1\" \/>\n<link rel=\"canonical\" href=\"https:\/\/www.plastiksandalye.org\/index.php\/product\/safir-renkli-plastik-koltuk\/\" \/>\n<meta property=\"og:locale\" content=\"tr_TR\" \/>\n<meta property=\"og:type\" content=\"article\" \/>\n<meta property=\"og:title\" content=\"Safir Renkli Plastik Koltuk\" \/>\n<meta property=\"og:description\" content=\"En Uygun Toptan Fiyatlar plastiksandalye.org&#039;da ! Yurt i\u00e7i ve yurt d\u0131\u015f\u0131 g\u00f6nderim imkan\u0131 ile h\u0131zl\u0131 teslimat. Web sitemizi ziyaret ediniz.\" \/>\n<meta property=\"og:url\" content=\"https:\/\/www.plastiksandalye.org\/index.php\/product\/safir-renkli-plastik-koltuk\/\" \/>\n<meta property=\"og:site_name\" content=\"plastiksandalye.org\" \/>\n<meta property=\"article:modified_time\" content=\"2026-02-09T20:47:36+00:00\" \/>\n<meta property=\"og:image\" content=\"https:\/\/www.plastiksandalye.org\/wp-content\/uploads\/2024\/02\/WhatsApp-Image-2024-07-10-at-13.21.39.jpeg\" \/>\n\t<meta property=\"og:image:width\" content=\"1536\" \/>\n\t<meta property=\"og:image:height\" content=\"2048\" \/>\n\t<meta property=\"og:image:type\" content=\"image\/jpeg\" \/>\n<meta name=\"twitter:card\" content=\"summary_large_image\" \/>\n<meta name=\"twitter:label1\" content=\"Tahmini okuma s\u00fcresi\" \/>\n\t<meta name=\"twitter:data1\" content=\"1 dakika\" \/>\n<script type=\"application\/ld+json\" class=\"yoast-schema-graph\">{\"@context\":\"https:\/\/schema.org\",\"@graph\":[{\"@type\":\"WebPage\",\"@id\":\"https:\/\/www.plastiksandalye.org\/index.php\/product\/safir-renkli-plastik-koltuk\/\",\"url\":\"https:\/\/www.plastiksandalye.org\/index.php\/product\/safir-renkli-plastik-koltuk\/\",\"name\":\"Safir Renkli Plastik Koltuk - plastiksandalye.org Toptan Plastik Sandalye\",\"isPartOf\":{\"@id\":\"https:\/\/www.plastiksandalye.org\/#website\"},\"datePublished\":\"2024-02-13T19:13:24+00:00\",\"dateModified\":\"2026-02-09T20:47:36+00:00\",\"description\":\"En Uygun Toptan Fiyatlar plastiksandalye.org'da ! Yurt i\u00e7i ve yurt d\u0131\u015f\u0131 g\u00f6nderim imkan\u0131 ile h\u0131zl\u0131 teslimat. Web sitemizi ziyaret ediniz.\",\"breadcrumb\":{\"@id\":\"https:\/\/www.plastiksandalye.org\/index.php\/product\/safir-renkli-plastik-koltuk\/#breadcrumb\"},\"inLanguage\":\"tr\",\"potentialAction\":[{\"@type\":\"ReadAction\",\"target\":[\"https:\/\/www.plastiksandalye.org\/index.php\/product\/safir-renkli-plastik-koltuk\/\"]}]},{\"@type\":\"BreadcrumbList\",\"@id\":\"https:\/\/www.plastiksandalye.org\/index.php\/product\/safir-renkli-plastik-koltuk\/#breadcrumb\",\"itemListElement\":[{\"@type\":\"ListItem\",\"position\":1,\"name\":\"Home\",\"item\":\"https:\/\/www.plastiksandalye.org\/\"},{\"@type\":\"ListItem\",\"position\":2,\"name\":\"Ma\u011faza\",\"item\":\"https:\/\/www.plastiksandalye.org\/index.php\/magaza-2\/\"},{\"@type\":\"ListItem\",\"position\":3,\"name\":\"Safir Renkli Plastik Koltuk\"}]},{\"@type\":\"WebSite\",\"@id\":\"https:\/\/www.plastiksandalye.org\/#website\",\"url\":\"https:\/\/www.plastiksandalye.org\/\",\"name\":\"plastiksandalye.org\",\"description\":\"Toptan Mobilya &amp; Sandalye - D\u00fcnyan\u0131n Her Yerine G\u00f6nderim!\",\"potentialAction\":[{\"@type\":\"SearchAction\",\"target\":{\"@type\":\"EntryPoint\",\"urlTemplate\":\"https:\/\/www.plastiksandalye.org\/?s={search_term_string}\"},\"query-input\":\"required name=search_term_string\"}],\"inLanguage\":\"tr\"}]}<\/script>\n<!-- \/ Yoast SEO Premium plugin. -->","yoast_head_json":{"title":"Safir Renkli Plastik Koltuk - plastiksandalye.org Toptan Plastik Sandalye","description":"En Uygun Toptan Fiyatlar plastiksandalye.org'da ! Yurt i\u00e7i ve yurt d\u0131\u015f\u0131 g\u00f6nderim imkan\u0131 ile h\u0131zl\u0131 teslimat. Web sitemizi ziyaret ediniz.","robots":{"index":"index","follow":"follow","max-snippet":"max-snippet:-1","max-image-preview":"max-image-preview:large","max-video-preview":"max-video-preview:-1"},"canonical":"https:\/\/www.plastiksandalye.org\/index.php\/product\/safir-renkli-plastik-koltuk\/","og_locale":"tr_TR","og_type":"article","og_title":"Safir Renkli Plastik Koltuk","og_description":"En Uygun Toptan Fiyatlar plastiksandalye.org'da ! Yurt i\u00e7i ve yurt d\u0131\u015f\u0131 g\u00f6nderim imkan\u0131 ile h\u0131zl\u0131 teslimat. Web sitemizi ziyaret ediniz.","og_url":"https:\/\/www.plastiksandalye.org\/index.php\/product\/safir-renkli-plastik-koltuk\/","og_site_name":"plastiksandalye.org","article_modified_time":"2026-02-09T20:47:36+00:00","og_image":[{"width":1536,"height":2048,"url":"https:\/\/www.plastiksandalye.org\/wp-content\/uploads\/2024\/02\/WhatsApp-Image-2024-07-10-at-13.21.39.jpeg","type":"image\/jpeg"}],"twitter_card":"summary_large_image","twitter_misc":{"Tahmini okuma s\u00fcresi":"1 dakika"},"schema":{"@context":"https:\/\/schema.org","@graph":[{"@type":"WebPage","@id":"https:\/\/www.plastiksandalye.org\/index.php\/product\/safir-renkli-plastik-koltuk\/","url":"https:\/\/www.plastiksandalye.org\/index.php\/product\/safir-renkli-plastik-koltuk\/","name":"Safir Renkli Plastik Koltuk - plastiksandalye.org Toptan Plastik Sandalye","isPartOf":{"@id":"https:\/\/www.plastiksandalye.org\/#website"},"datePublished":"2024-02-13T19:13:24+00:00","dateModified":"2026-02-09T20:47:36+00:00","description":"En Uygun Toptan Fiyatlar plastiksandalye.org'da ! Yurt i\u00e7i ve yurt d\u0131\u015f\u0131 g\u00f6nderim imkan\u0131 ile h\u0131zl\u0131 teslimat. Web sitemizi ziyaret ediniz.","breadcrumb":{"@id":"https:\/\/www.plastiksandalye.org\/index.php\/product\/safir-renkli-plastik-koltuk\/#breadcrumb"},"inLanguage":"tr","potentialAction":[{"@type":"ReadAction","target":["https:\/\/www.plastiksandalye.org\/index.php\/product\/safir-renkli-plastik-koltuk\/"]}]},{"@type":"BreadcrumbList","@id":"https:\/\/www.plastiksandalye.org\/index.php\/product\/safir-renkli-plastik-koltuk\/#breadcrumb","itemListElement":[{"@type":"ListItem","position":1,"name":"Home","item":"https:\/\/www.plastiksandalye.org\/"},{"@type":"ListItem","position":2,"name":"Ma\u011faza","item":"https:\/\/www.plastiksandalye.org\/index.php\/magaza-2\/"},{"@type":"ListItem","position":3,"name":"Safir Renkli Plastik Koltuk"}]},{"@type":"WebSite","@id":"https:\/\/www.plastiksandalye.org\/#website","url":"https:\/\/www.plastiksandalye.org\/","name":"plastiksandalye.org","description":"Toptan Mobilya &amp; Sandalye - D\u00fcnyan\u0131n Her Yerine G\u00f6nderim!","potentialAction":[{"@type":"SearchAction","target":{"@type":"EntryPoint","urlTemplate":"https:\/\/www.plastiksandalye.org\/?s={search_term_string}"},"query-input":"required name=search_term_string"}],"inLanguage":"tr"}]}},"_links":{"self":[{"href":"https:\/\/www.plastiksandalye.org\/index.php\/wp-json\/wp\/v2\/product\/233","targetHints":{"allow":["GET"]}}],"collection":[{"href":"https:\/\/www.plastiksandalye.org\/index.php\/wp-json\/wp\/v2\/product"}],"about":[{"href":"https:\/\/www.plastiksandalye.org\/index.php\/wp-json\/wp\/v2\/types\/product"}],"wp:featuredmedia":[{"embeddable":true,"href":"https:\/\/www.plastiksandalye.org\/index.php\/wp-json\/wp\/v2\/media\/1218"}],"wp:attachment":[{"href":"https:\/\/www.plastiksandalye.org\/index.php\/wp-json\/wp\/v2\/media?parent=233"}],"wp:term":[{"taxonomy":"product_brand","embeddable":true,"href":"https:\/\/www.plastiksandalye.org\/index.php\/wp-json\/wp\/v2\/product_brand?post=233"},{"taxonomy":"product_cat","embeddable":true,"href":"https:\/\/www.plastiksandalye.org\/index.php\/wp-json\/wp\/v2\/product_cat?post=233"},{"taxonomy":"product_tag","embeddable":true,"href":"https:\/\/www.plastiksandalye.org\/index.php\/wp-json\/wp\/v2\/product_tag?post=233"}],"curies":[{"name":"wp","href":"https:\/\/api.w.org\/{rel}","templated":true}]}}