{"id":231,"date":"2024-02-13T22:13:24","date_gmt":"2024-02-13T19:13:24","guid":{"rendered":"https:\/\/www.plastiksandalye.org\/?post_type=product&#038;p=231"},"modified":"2026-02-09T23:48:21","modified_gmt":"2026-02-09T20:48:21","slug":"kucuk-boy-tabure","status":"publish","type":"product","link":"https:\/\/www.plastiksandalye.org\/index.php\/product\/kucuk-boy-tabure\/","title":{"rendered":"K\u00fc\u00e7\u00fck Boy Tabure"},"content":{"rendered":"<p style=\"text-align: center;\"><strong>K\u00fc\u00e7\u00fck Boy Tabure<\/strong><\/p>\n<p style=\"text-align: center;\"><strong>Kaliteli Plastik Malzeme<\/strong><\/p>\n<p style=\"text-align: center;\"><strong>Mavi, ye\u015fil, pembe ve k\u0131rm\u0131z\u0131 renkleri mevcuttur.<\/strong><\/p>\n<h4 style=\"text-align: center;\"><strong>M\u0130N\u0130MUM S\u0130PAR\u0130\u015e ADET\u0130 100 ADETT\u0130R.<\/strong><\/h4>\n<h3 style=\"text-align: center;\"><strong>T\u00dcRK\u0130YE&#8217;N\u0130N VE D\u00dcNYA&#8217;NIN HER YER\u0130NE G\u00d6NDER\u0130M YAPMAKTAYIZ.<\/strong><\/h3>\n<h3 style=\"text-align: center;\"><strong>DETAYLI B\u0130LG\u0130 VE S\u0130PAR\u0130\u015e \u0130\u00c7\u0130N L\u00dcTFEN M\u00dc\u015eTER\u0130 TEMS\u0130LC\u0130LER\u0130M\u0130Z \u0130LE \u0130LET\u0130\u015e\u0130ME GE\u00c7\u0130N\u0130Z.<\/strong><\/h3>\n<p>&nbsp;<\/p>\n","protected":false},"excerpt":{"rendered":"<p>K\u00fc\u00e7\u00fck Boy Tabure Kaliteli Plastik Malzeme Mavi, ye\u015fil, pembe ve k\u0131rm\u0131z\u0131 renkleri mevcuttur. M\u0130N\u0130MUM S\u0130PAR\u0130\u015e ADET\u0130 100 ADETT\u0130R. T\u00dcRK\u0130YE&#8217;N\u0130N VE D\u00dcNYA&#8217;NIN HER YER\u0130NE G\u00d6NDER\u0130M YAPMAKTAYIZ. DETAYLI<span class=\"excerpt-hellip\"> [\u2026]<\/span><\/p>\n","protected":false},"featured_media":269,"template":"","meta":[],"product_brand":[],"product_cat":[65],"product_tag":[66,67,69,64],"class_list":{"0":"post-231","1":"product","2":"type-product","3":"status-publish","4":"has-post-thumbnail","6":"product_cat-tabureler","7":"product_tag-plastik-tabure","8":"product_tag-tabure","9":"product_tag-toptan-tabure","10":"product_tag-toptan001","12":"first","13":"instock","14":"shipping-taxable","15":"purchasable","16":"product-type-simple"},"yoast_head":"<!-- This site is optimized with the Yoast SEO Premium plugin v22.1 (Yoast SEO v22.1) - https:\/\/yoast.com\/wordpress\/plugins\/seo\/ -->\n<title>K\u00fc\u00e7\u00fck Boy Tabure - plastiksandalye.org Toptan Plastik Tabure<\/title>\n<meta name=\"description\" content=\"Toptan Plastik Sandalye ve Masa En Uygun plastiksandalye.org&#039;da ! Yurt \u0130\u00e7i ve Yurt D\u0131\u015f\u0131 G\u00f6nderim \u0130mkan\u0131 \u0130le H\u0131zl\u0131 Teslimat.\" \/>\n<meta name=\"robots\" content=\"index, follow, max-snippet:-1, max-image-preview:large, max-video-preview:-1\" \/>\n<link rel=\"canonical\" href=\"https:\/\/www.plastiksandalye.org\/index.php\/product\/kucuk-boy-tabure\/\" \/>\n<meta property=\"og:locale\" content=\"tr_TR\" \/>\n<meta property=\"og:type\" content=\"article\" \/>\n<meta property=\"og:title\" content=\"K\u00fc\u00e7\u00fck Boy Tabure\" \/>\n<meta property=\"og:description\" content=\"Toptan Plastik Sandalye ve Masa En Uygun plastiksandalye.org&#039;da ! Yurt \u0130\u00e7i ve Yurt D\u0131\u015f\u0131 G\u00f6nderim \u0130mkan\u0131 \u0130le H\u0131zl\u0131 Teslimat.\" \/>\n<meta property=\"og:url\" content=\"https:\/\/www.plastiksandalye.org\/index.php\/product\/kucuk-boy-tabure\/\" \/>\n<meta property=\"og:site_name\" content=\"plastiksandalye.org\" \/>\n<meta property=\"article:modified_time\" content=\"2026-02-09T20:48:21+00:00\" \/>\n<meta property=\"og:image\" content=\"https:\/\/www.plastiksandalye.org\/wp-content\/uploads\/2024\/02\/WhatsApp-Image-2022-05-26-at-13.38.46-1.jpeg\" \/>\n\t<meta property=\"og:image:width\" content=\"1512\" \/>\n\t<meta property=\"og:image:height\" content=\"1600\" \/>\n\t<meta property=\"og:image:type\" content=\"image\/jpeg\" \/>\n<meta name=\"twitter:card\" content=\"summary_large_image\" \/>\n<meta name=\"twitter:label1\" content=\"Tahmini okuma s\u00fcresi\" \/>\n\t<meta name=\"twitter:data1\" content=\"1 dakika\" \/>\n<script type=\"application\/ld+json\" class=\"yoast-schema-graph\">{\"@context\":\"https:\/\/schema.org\",\"@graph\":[{\"@type\":\"WebPage\",\"@id\":\"https:\/\/www.plastiksandalye.org\/index.php\/product\/kucuk-boy-tabure\/\",\"url\":\"https:\/\/www.plastiksandalye.org\/index.php\/product\/kucuk-boy-tabure\/\",\"name\":\"K\u00fc\u00e7\u00fck Boy Tabure - plastiksandalye.org Toptan Plastik Tabure\",\"isPartOf\":{\"@id\":\"https:\/\/www.plastiksandalye.org\/#website\"},\"datePublished\":\"2024-02-13T19:13:24+00:00\",\"dateModified\":\"2026-02-09T20:48:21+00:00\",\"description\":\"Toptan Plastik Sandalye ve Masa En Uygun plastiksandalye.org'da ! Yurt \u0130\u00e7i ve Yurt D\u0131\u015f\u0131 G\u00f6nderim \u0130mkan\u0131 \u0130le H\u0131zl\u0131 Teslimat.\",\"breadcrumb\":{\"@id\":\"https:\/\/www.plastiksandalye.org\/index.php\/product\/kucuk-boy-tabure\/#breadcrumb\"},\"inLanguage\":\"tr\",\"potentialAction\":[{\"@type\":\"ReadAction\",\"target\":[\"https:\/\/www.plastiksandalye.org\/index.php\/product\/kucuk-boy-tabure\/\"]}]},{\"@type\":\"BreadcrumbList\",\"@id\":\"https:\/\/www.plastiksandalye.org\/index.php\/product\/kucuk-boy-tabure\/#breadcrumb\",\"itemListElement\":[{\"@type\":\"ListItem\",\"position\":1,\"name\":\"Home\",\"item\":\"https:\/\/www.plastiksandalye.org\/\"},{\"@type\":\"ListItem\",\"position\":2,\"name\":\"Ma\u011faza\",\"item\":\"https:\/\/www.plastiksandalye.org\/index.php\/magaza-2\/\"},{\"@type\":\"ListItem\",\"position\":3,\"name\":\"K\u00fc\u00e7\u00fck Boy Tabure\"}]},{\"@type\":\"WebSite\",\"@id\":\"https:\/\/www.plastiksandalye.org\/#website\",\"url\":\"https:\/\/www.plastiksandalye.org\/\",\"name\":\"plastiksandalye.org\",\"description\":\"Toptan Mobilya &amp; Sandalye - D\u00fcnyan\u0131n Her Yerine G\u00f6nderim!\",\"potentialAction\":[{\"@type\":\"SearchAction\",\"target\":{\"@type\":\"EntryPoint\",\"urlTemplate\":\"https:\/\/www.plastiksandalye.org\/?s={search_term_string}\"},\"query-input\":\"required name=search_term_string\"}],\"inLanguage\":\"tr\"}]}<\/script>\n<!-- \/ Yoast SEO Premium plugin. -->","yoast_head_json":{"title":"K\u00fc\u00e7\u00fck Boy Tabure - plastiksandalye.org Toptan Plastik Tabure","description":"Toptan Plastik Sandalye ve Masa En Uygun plastiksandalye.org'da ! Yurt \u0130\u00e7i ve Yurt D\u0131\u015f\u0131 G\u00f6nderim \u0130mkan\u0131 \u0130le H\u0131zl\u0131 Teslimat.","robots":{"index":"index","follow":"follow","max-snippet":"max-snippet:-1","max-image-preview":"max-image-preview:large","max-video-preview":"max-video-preview:-1"},"canonical":"https:\/\/www.plastiksandalye.org\/index.php\/product\/kucuk-boy-tabure\/","og_locale":"tr_TR","og_type":"article","og_title":"K\u00fc\u00e7\u00fck Boy Tabure","og_description":"Toptan Plastik Sandalye ve Masa En Uygun plastiksandalye.org'da ! Yurt \u0130\u00e7i ve Yurt D\u0131\u015f\u0131 G\u00f6nderim \u0130mkan\u0131 \u0130le H\u0131zl\u0131 Teslimat.","og_url":"https:\/\/www.plastiksandalye.org\/index.php\/product\/kucuk-boy-tabure\/","og_site_name":"plastiksandalye.org","article_modified_time":"2026-02-09T20:48:21+00:00","og_image":[{"width":1512,"height":1600,"url":"https:\/\/www.plastiksandalye.org\/wp-content\/uploads\/2024\/02\/WhatsApp-Image-2022-05-26-at-13.38.46-1.jpeg","type":"image\/jpeg"}],"twitter_card":"summary_large_image","twitter_misc":{"Tahmini okuma s\u00fcresi":"1 dakika"},"schema":{"@context":"https:\/\/schema.org","@graph":[{"@type":"WebPage","@id":"https:\/\/www.plastiksandalye.org\/index.php\/product\/kucuk-boy-tabure\/","url":"https:\/\/www.plastiksandalye.org\/index.php\/product\/kucuk-boy-tabure\/","name":"K\u00fc\u00e7\u00fck Boy Tabure - plastiksandalye.org Toptan Plastik Tabure","isPartOf":{"@id":"https:\/\/www.plastiksandalye.org\/#website"},"datePublished":"2024-02-13T19:13:24+00:00","dateModified":"2026-02-09T20:48:21+00:00","description":"Toptan Plastik Sandalye ve Masa En Uygun plastiksandalye.org'da ! Yurt \u0130\u00e7i ve Yurt D\u0131\u015f\u0131 G\u00f6nderim \u0130mkan\u0131 \u0130le H\u0131zl\u0131 Teslimat.","breadcrumb":{"@id":"https:\/\/www.plastiksandalye.org\/index.php\/product\/kucuk-boy-tabure\/#breadcrumb"},"inLanguage":"tr","potentialAction":[{"@type":"ReadAction","target":["https:\/\/www.plastiksandalye.org\/index.php\/product\/kucuk-boy-tabure\/"]}]},{"@type":"BreadcrumbList","@id":"https:\/\/www.plastiksandalye.org\/index.php\/product\/kucuk-boy-tabure\/#breadcrumb","itemListElement":[{"@type":"ListItem","position":1,"name":"Home","item":"https:\/\/www.plastiksandalye.org\/"},{"@type":"ListItem","position":2,"name":"Ma\u011faza","item":"https:\/\/www.plastiksandalye.org\/index.php\/magaza-2\/"},{"@type":"ListItem","position":3,"name":"K\u00fc\u00e7\u00fck Boy Tabure"}]},{"@type":"WebSite","@id":"https:\/\/www.plastiksandalye.org\/#website","url":"https:\/\/www.plastiksandalye.org\/","name":"plastiksandalye.org","description":"Toptan Mobilya &amp; Sandalye - D\u00fcnyan\u0131n Her Yerine G\u00f6nderim!","potentialAction":[{"@type":"SearchAction","target":{"@type":"EntryPoint","urlTemplate":"https:\/\/www.plastiksandalye.org\/?s={search_term_string}"},"query-input":"required name=search_term_string"}],"inLanguage":"tr"}]}},"_links":{"self":[{"href":"https:\/\/www.plastiksandalye.org\/index.php\/wp-json\/wp\/v2\/product\/231","targetHints":{"allow":["GET"]}}],"collection":[{"href":"https:\/\/www.plastiksandalye.org\/index.php\/wp-json\/wp\/v2\/product"}],"about":[{"href":"https:\/\/www.plastiksandalye.org\/index.php\/wp-json\/wp\/v2\/types\/product"}],"wp:featuredmedia":[{"embeddable":true,"href":"https:\/\/www.plastiksandalye.org\/index.php\/wp-json\/wp\/v2\/media\/269"}],"wp:attachment":[{"href":"https:\/\/www.plastiksandalye.org\/index.php\/wp-json\/wp\/v2\/media?parent=231"}],"wp:term":[{"taxonomy":"product_brand","embeddable":true,"href":"https:\/\/www.plastiksandalye.org\/index.php\/wp-json\/wp\/v2\/product_brand?post=231"},{"taxonomy":"product_cat","embeddable":true,"href":"https:\/\/www.plastiksandalye.org\/index.php\/wp-json\/wp\/v2\/product_cat?post=231"},{"taxonomy":"product_tag","embeddable":true,"href":"https:\/\/www.plastiksandalye.org\/index.php\/wp-json\/wp\/v2\/product_tag?post=231"}],"curies":[{"name":"wp","href":"https:\/\/api.w.org\/{rel}","templated":true}]}}