{"id":1070,"date":"2024-06-12T17:54:09","date_gmt":"2024-06-12T14:54:09","guid":{"rendered":"https:\/\/www.plastiksandalye.org\/?post_type=product&#038;p=1070"},"modified":"2026-02-09T23:22:55","modified_gmt":"2026-02-09T20:22:55","slug":"mario-orijinal-buyuk-tabure","status":"publish","type":"product","link":"https:\/\/www.plastiksandalye.org\/index.php\/product\/mario-orijinal-buyuk-tabure\/","title":{"rendered":"Mario Orijinal B\u00fcy\u00fck Tabure"},"content":{"rendered":"<h2 style=\"text-align: center;\"><strong>MARIO B\u00dcY\u00dcK TABURE<\/strong><\/h2>\n<p style=\"text-align: center;\"><strong>1.Kalite orijinal plastik malzemeden \u00fcretilmi\u015ftir.<\/strong><\/p>\n<p style=\"text-align: center;\"><strong>K\u0131rm\u0131z\u0131 &#8211; Beyaz &#8211; Pembe<\/strong><br \/>\n<strong>Boyut : 47.5*27*27cm<\/strong><br \/>\n<strong>A\u011f\u0131rl\u0131k : 865 Gram<\/strong><\/p>\n<p style=\"text-align: center;\"><strong>M\u0130N\u0130MUM S\u0130PAR\u0130\u015e ADET\u0130 100 ADETT\u0130R.\u00a0<\/strong><\/p>\n<p style=\"text-align: center;\"><strong>T\u00dcRK\u0130YE&#8217;N\u0130N VE D\u00dcNYA&#8217;NIN HER YER\u0130NE G\u00d6NDER\u0130M YAPMAKTAYIZ.<\/strong><\/p>\n<p style=\"text-align: center;\"><strong>DETAYLI B\u0130LG\u0130 VE S\u0130PAR\u0130\u015e \u0130\u00c7\u0130N M\u00dc\u015eTER\u0130 TEMS\u0130LC\u0130LER\u0130M\u0130Z \u0130LE \u0130LET\u0130\u015e\u0130ME GE\u00c7\u0130N\u0130Z.<\/strong><\/p>\n","protected":false},"excerpt":{"rendered":"<p>MARIO B\u00dcY\u00dcK TABURE 1.Kalite orijinal plastik malzemeden \u00fcretilmi\u015ftir. K\u0131rm\u0131z\u0131 &#8211; Beyaz &#8211; Pembe Boyut : 47.5*27*27cm A\u011f\u0131rl\u0131k : 865 Gram M\u0130N\u0130MUM S\u0130PAR\u0130\u015e ADET\u0130 100 ADETT\u0130R.\u00a0 T\u00dcRK\u0130YE&#8217;N\u0130N<span class=\"excerpt-hellip\"> [\u2026]<\/span><\/p>\n","protected":false},"featured_media":1072,"template":"","meta":[],"product_brand":[],"product_cat":[65],"product_tag":[67,69],"class_list":{"0":"post-1070","1":"product","2":"type-product","3":"status-publish","4":"has-post-thumbnail","6":"product_cat-tabureler","7":"product_tag-tabure","8":"product_tag-toptan-tabure","10":"first","11":"instock","12":"shipping-taxable","13":"purchasable","14":"product-type-simple"},"yoast_head":"<!-- This site is optimized with the Yoast SEO Premium plugin v22.1 (Yoast SEO v22.1) - https:\/\/yoast.com\/wordpress\/plugins\/seo\/ -->\n<title>Mario Orijinal B\u00fcy\u00fck Tabure - plastiksandalye.org<\/title>\n<meta name=\"description\" content=\"Mario Orijinal Plastik B\u00fcy\u00fck Tabure. \u0130\u00e7 ve d\u0131\u015f t\u00fcm mekanlarda rahatl\u0131kla kullan\u0131labilir. Yurt i\u00e7i ve yurt d\u0131\u015f\u0131 g\u00f6nderim imkan\u0131 ile.\" \/>\n<meta name=\"robots\" content=\"index, follow, max-snippet:-1, max-image-preview:large, max-video-preview:-1\" \/>\n<link rel=\"canonical\" href=\"https:\/\/www.plastiksandalye.org\/index.php\/product\/mario-orijinal-buyuk-tabure\/\" \/>\n<meta property=\"og:locale\" content=\"tr_TR\" \/>\n<meta property=\"og:type\" content=\"article\" \/>\n<meta property=\"og:title\" content=\"Mario Orijinal B\u00fcy\u00fck Tabure\" \/>\n<meta property=\"og:description\" content=\"Mario Orijinal Plastik B\u00fcy\u00fck Tabure. \u0130\u00e7 ve d\u0131\u015f t\u00fcm mekanlarda rahatl\u0131kla kullan\u0131labilir. Yurt i\u00e7i ve yurt d\u0131\u015f\u0131 g\u00f6nderim imkan\u0131 ile.\" \/>\n<meta property=\"og:url\" content=\"https:\/\/www.plastiksandalye.org\/index.php\/product\/mario-orijinal-buyuk-tabure\/\" \/>\n<meta property=\"og:site_name\" content=\"plastiksandalye.org\" \/>\n<meta property=\"article:modified_time\" content=\"2026-02-09T20:22:55+00:00\" \/>\n<meta property=\"og:image\" content=\"https:\/\/www.plastiksandalye.org\/wp-content\/uploads\/2024\/06\/WhatsApp-Image-2024-06-12-at-16.59.09-13.jpeg\" \/>\n\t<meta property=\"og:image:width\" content=\"1600\" \/>\n\t<meta property=\"og:image:height\" content=\"1600\" \/>\n\t<meta property=\"og:image:type\" content=\"image\/jpeg\" \/>\n<meta name=\"twitter:card\" content=\"summary_large_image\" \/>\n<meta name=\"twitter:label1\" content=\"Tahmini okuma s\u00fcresi\" \/>\n\t<meta name=\"twitter:data1\" content=\"1 dakika\" \/>\n<script type=\"application\/ld+json\" class=\"yoast-schema-graph\">{\"@context\":\"https:\/\/schema.org\",\"@graph\":[{\"@type\":\"WebPage\",\"@id\":\"https:\/\/www.plastiksandalye.org\/index.php\/product\/mario-orijinal-buyuk-tabure\/\",\"url\":\"https:\/\/www.plastiksandalye.org\/index.php\/product\/mario-orijinal-buyuk-tabure\/\",\"name\":\"Mario Orijinal B\u00fcy\u00fck Tabure - plastiksandalye.org\",\"isPartOf\":{\"@id\":\"https:\/\/www.plastiksandalye.org\/#website\"},\"datePublished\":\"2024-06-12T14:54:09+00:00\",\"dateModified\":\"2026-02-09T20:22:55+00:00\",\"description\":\"Mario Orijinal Plastik B\u00fcy\u00fck Tabure. \u0130\u00e7 ve d\u0131\u015f t\u00fcm mekanlarda rahatl\u0131kla kullan\u0131labilir. Yurt i\u00e7i ve yurt d\u0131\u015f\u0131 g\u00f6nderim imkan\u0131 ile.\",\"breadcrumb\":{\"@id\":\"https:\/\/www.plastiksandalye.org\/index.php\/product\/mario-orijinal-buyuk-tabure\/#breadcrumb\"},\"inLanguage\":\"tr\",\"potentialAction\":[{\"@type\":\"ReadAction\",\"target\":[\"https:\/\/www.plastiksandalye.org\/index.php\/product\/mario-orijinal-buyuk-tabure\/\"]}]},{\"@type\":\"BreadcrumbList\",\"@id\":\"https:\/\/www.plastiksandalye.org\/index.php\/product\/mario-orijinal-buyuk-tabure\/#breadcrumb\",\"itemListElement\":[{\"@type\":\"ListItem\",\"position\":1,\"name\":\"Home\",\"item\":\"https:\/\/www.plastiksandalye.org\/\"},{\"@type\":\"ListItem\",\"position\":2,\"name\":\"Ma\u011faza\",\"item\":\"https:\/\/www.plastiksandalye.org\/index.php\/magaza-2\/\"},{\"@type\":\"ListItem\",\"position\":3,\"name\":\"Mario Orijinal B\u00fcy\u00fck Tabure\"}]},{\"@type\":\"WebSite\",\"@id\":\"https:\/\/www.plastiksandalye.org\/#website\",\"url\":\"https:\/\/www.plastiksandalye.org\/\",\"name\":\"plastiksandalye.org\",\"description\":\"Toptan Mobilya &amp; Sandalye - D\u00fcnyan\u0131n Her Yerine G\u00f6nderim!\",\"potentialAction\":[{\"@type\":\"SearchAction\",\"target\":{\"@type\":\"EntryPoint\",\"urlTemplate\":\"https:\/\/www.plastiksandalye.org\/?s={search_term_string}\"},\"query-input\":\"required name=search_term_string\"}],\"inLanguage\":\"tr\"}]}<\/script>\n<!-- \/ Yoast SEO Premium plugin. -->","yoast_head_json":{"title":"Mario Orijinal B\u00fcy\u00fck Tabure - plastiksandalye.org","description":"Mario Orijinal Plastik B\u00fcy\u00fck Tabure. \u0130\u00e7 ve d\u0131\u015f t\u00fcm mekanlarda rahatl\u0131kla kullan\u0131labilir. Yurt i\u00e7i ve yurt d\u0131\u015f\u0131 g\u00f6nderim imkan\u0131 ile.","robots":{"index":"index","follow":"follow","max-snippet":"max-snippet:-1","max-image-preview":"max-image-preview:large","max-video-preview":"max-video-preview:-1"},"canonical":"https:\/\/www.plastiksandalye.org\/index.php\/product\/mario-orijinal-buyuk-tabure\/","og_locale":"tr_TR","og_type":"article","og_title":"Mario Orijinal B\u00fcy\u00fck Tabure","og_description":"Mario Orijinal Plastik B\u00fcy\u00fck Tabure. \u0130\u00e7 ve d\u0131\u015f t\u00fcm mekanlarda rahatl\u0131kla kullan\u0131labilir. Yurt i\u00e7i ve yurt d\u0131\u015f\u0131 g\u00f6nderim imkan\u0131 ile.","og_url":"https:\/\/www.plastiksandalye.org\/index.php\/product\/mario-orijinal-buyuk-tabure\/","og_site_name":"plastiksandalye.org","article_modified_time":"2026-02-09T20:22:55+00:00","og_image":[{"width":1600,"height":1600,"url":"https:\/\/www.plastiksandalye.org\/wp-content\/uploads\/2024\/06\/WhatsApp-Image-2024-06-12-at-16.59.09-13.jpeg","type":"image\/jpeg"}],"twitter_card":"summary_large_image","twitter_misc":{"Tahmini okuma s\u00fcresi":"1 dakika"},"schema":{"@context":"https:\/\/schema.org","@graph":[{"@type":"WebPage","@id":"https:\/\/www.plastiksandalye.org\/index.php\/product\/mario-orijinal-buyuk-tabure\/","url":"https:\/\/www.plastiksandalye.org\/index.php\/product\/mario-orijinal-buyuk-tabure\/","name":"Mario Orijinal B\u00fcy\u00fck Tabure - plastiksandalye.org","isPartOf":{"@id":"https:\/\/www.plastiksandalye.org\/#website"},"datePublished":"2024-06-12T14:54:09+00:00","dateModified":"2026-02-09T20:22:55+00:00","description":"Mario Orijinal Plastik B\u00fcy\u00fck Tabure. \u0130\u00e7 ve d\u0131\u015f t\u00fcm mekanlarda rahatl\u0131kla kullan\u0131labilir. Yurt i\u00e7i ve yurt d\u0131\u015f\u0131 g\u00f6nderim imkan\u0131 ile.","breadcrumb":{"@id":"https:\/\/www.plastiksandalye.org\/index.php\/product\/mario-orijinal-buyuk-tabure\/#breadcrumb"},"inLanguage":"tr","potentialAction":[{"@type":"ReadAction","target":["https:\/\/www.plastiksandalye.org\/index.php\/product\/mario-orijinal-buyuk-tabure\/"]}]},{"@type":"BreadcrumbList","@id":"https:\/\/www.plastiksandalye.org\/index.php\/product\/mario-orijinal-buyuk-tabure\/#breadcrumb","itemListElement":[{"@type":"ListItem","position":1,"name":"Home","item":"https:\/\/www.plastiksandalye.org\/"},{"@type":"ListItem","position":2,"name":"Ma\u011faza","item":"https:\/\/www.plastiksandalye.org\/index.php\/magaza-2\/"},{"@type":"ListItem","position":3,"name":"Mario Orijinal B\u00fcy\u00fck Tabure"}]},{"@type":"WebSite","@id":"https:\/\/www.plastiksandalye.org\/#website","url":"https:\/\/www.plastiksandalye.org\/","name":"plastiksandalye.org","description":"Toptan Mobilya &amp; Sandalye - D\u00fcnyan\u0131n Her Yerine G\u00f6nderim!","potentialAction":[{"@type":"SearchAction","target":{"@type":"EntryPoint","urlTemplate":"https:\/\/www.plastiksandalye.org\/?s={search_term_string}"},"query-input":"required name=search_term_string"}],"inLanguage":"tr"}]}},"_links":{"self":[{"href":"https:\/\/www.plastiksandalye.org\/index.php\/wp-json\/wp\/v2\/product\/1070","targetHints":{"allow":["GET"]}}],"collection":[{"href":"https:\/\/www.plastiksandalye.org\/index.php\/wp-json\/wp\/v2\/product"}],"about":[{"href":"https:\/\/www.plastiksandalye.org\/index.php\/wp-json\/wp\/v2\/types\/product"}],"wp:featuredmedia":[{"embeddable":true,"href":"https:\/\/www.plastiksandalye.org\/index.php\/wp-json\/wp\/v2\/media\/1072"}],"wp:attachment":[{"href":"https:\/\/www.plastiksandalye.org\/index.php\/wp-json\/wp\/v2\/media?parent=1070"}],"wp:term":[{"taxonomy":"product_brand","embeddable":true,"href":"https:\/\/www.plastiksandalye.org\/index.php\/wp-json\/wp\/v2\/product_brand?post=1070"},{"taxonomy":"product_cat","embeddable":true,"href":"https:\/\/www.plastiksandalye.org\/index.php\/wp-json\/wp\/v2\/product_cat?post=1070"},{"taxonomy":"product_tag","embeddable":true,"href":"https:\/\/www.plastiksandalye.org\/index.php\/wp-json\/wp\/v2\/product_tag?post=1070"}],"curies":[{"name":"wp","href":"https:\/\/api.w.org\/{rel}","templated":true}]}}